{"id":8100,"date":"2021-01-04T08:23:16","date_gmt":"2021-01-04T08:23:16","guid":{"rendered":"http:\/\/www.tuyper-sa.com\/gama-de-productos\/"},"modified":"2024-10-10T14:45:55","modified_gmt":"2024-10-10T14:45:55","slug":"gama-de-productos","status":"publish","type":"page","link":"http:\/\/www.tuyper-sa.com\/en\/gama-de-productos\/","title":{"rendered":"Product range"},"content":{"rendered":"<p>[vc_row full_width=&#8221;stretch_row&#8221; css=&#8221;.vc_custom_1609868921659{padding-top: 50px !important;padding-bottom: 150px !important;}&#8221;][vc_column css=&#8221;.vc_custom_1515686761275{padding-right: 0px !important;padding-left: 0px !important;}&#8221;][vc_row_inner css=&#8221;.vc_custom_1586285995816{margin-bottom: 30px !important;}&#8221;][vc_column_inner width=&#8221;1\/3&#8243; css=&#8221;.vc_custom_1586286000110{padding-right: 0px !important;padding-left: 0px !important;}&#8221;]<div class=\"kd-photobox  \" ><div class=\"photobox-img\"><img loading=\"lazy\" decoding=\"async\" width=\"450\" height=\"280\" src=\"http:\/\/www.tuyper-sa.com\/wp-content\/uploads\/2021\/01\/REDONDO-1.jpg\" class=\"attachment-full\" alt=\"\" srcset=\"http:\/\/www.tuyper-sa.com\/wp-content\/uploads\/2021\/01\/REDONDO-1.jpg 450w, http:\/\/www.tuyper-sa.com\/wp-content\/uploads\/2021\/01\/REDONDO-1-300x187.jpg 300w, http:\/\/www.tuyper-sa.com\/wp-content\/uploads\/2021\/01\/REDONDO-1-400x250.jpg 400w\" sizes=\"auto, (max-width: 450px) 100vw, 450px\" \/><\/div><div class=\"phb-content text-left \" >\r\n                  <h5 style=\"color: #0fb921;\">Round<\/h5>\r\n                  <p >From 6 to 100 mm.<br \/>\nfrom 1\/4`` to 4``<\/p><\/div><\/div>[\/vc_column_inner][vc_column_inner width=&#8221;1\/3&#8243; css=&#8221;.vc_custom_1586286012881{padding-right: 0px !important;padding-left: 0px !important;}&#8221;]<div class=\"kd-photobox  \" ><div class=\"photobox-img\"><img loading=\"lazy\" decoding=\"async\" width=\"450\" height=\"280\" src=\"http:\/\/www.tuyper-sa.com\/wp-content\/uploads\/2021\/01\/HEXAGONO-1.jpg\" class=\"attachment-full\" alt=\"\" srcset=\"http:\/\/www.tuyper-sa.com\/wp-content\/uploads\/2021\/01\/HEXAGONO-1.jpg 450w, http:\/\/www.tuyper-sa.com\/wp-content\/uploads\/2021\/01\/HEXAGONO-1-300x187.jpg 300w, http:\/\/www.tuyper-sa.com\/wp-content\/uploads\/2021\/01\/HEXAGONO-1-400x250.jpg 400w\" sizes=\"auto, (max-width: 450px) 100vw, 450px\" \/><\/div><div class=\"phb-content text-left \" >\r\n                  <h5 style=\"color: #0fb921;\">Hexagonal<\/h5>\r\n                  <p >From 6 to 60 mm.<br \/>\nFrom 1\/4\u201d to 2.3\/8``<\/p><\/div><\/div>[\/vc_column_inner][vc_column_inner width=&#8221;1\/3&#8243; css=&#8221;.vc_custom_1586286016899{padding-right: 0px !important;padding-left: 0px !important;}&#8221;]<div class=\"kd-photobox  \" ><div class=\"photobox-img\"><img loading=\"lazy\" decoding=\"async\" width=\"450\" height=\"280\" src=\"http:\/\/www.tuyper-sa.com\/wp-content\/uploads\/2021\/12\/OCTOGONO.jpg\" class=\"attachment-full\" alt=\"\" srcset=\"http:\/\/www.tuyper-sa.com\/wp-content\/uploads\/2021\/12\/OCTOGONO.jpg 450w, http:\/\/www.tuyper-sa.com\/wp-content\/uploads\/2021\/12\/OCTOGONO-300x187.jpg 300w, http:\/\/www.tuyper-sa.com\/wp-content\/uploads\/2021\/12\/OCTOGONO-400x250.jpg 400w\" sizes=\"auto, (max-width: 450px) 100vw, 450px\" \/><\/div><div class=\"phb-content text-left \" >\r\n                  <h5 style=\"color: #0fb921;\">Octagonal<\/h5>\r\n                  <p >From 12 to 42 mm.<br \/>\nFrom 1\/2\u201d to 1.5\/8\u201d<\/p><\/div><\/div>[\/vc_column_inner][\/vc_row_inner][vc_row_inner css=&#8221;.vc_custom_1586285990673{padding-bottom: 100px !important;}&#8221;][vc_column_inner width=&#8221;1\/3&#8243; css=&#8221;.vc_custom_1586286004472{padding-right: 0px !important;padding-left: 0px !important;}&#8221;]<div class=\"kd-photobox  \" ><div class=\"photobox-img\"><img loading=\"lazy\" decoding=\"async\" width=\"450\" height=\"280\" src=\"http:\/\/www.tuyper-sa.com\/wp-content\/uploads\/2021\/01\/CUADRADO-1.jpg\" class=\"attachment-full\" alt=\"\" srcset=\"http:\/\/www.tuyper-sa.com\/wp-content\/uploads\/2021\/01\/CUADRADO-1.jpg 450w, http:\/\/www.tuyper-sa.com\/wp-content\/uploads\/2021\/01\/CUADRADO-1-300x187.jpg 300w, http:\/\/www.tuyper-sa.com\/wp-content\/uploads\/2021\/01\/CUADRADO-1-400x250.jpg 400w\" sizes=\"auto, (max-width: 450px) 100vw, 450px\" \/><\/div><div class=\"phb-content text-left \" >\r\n                  <h5 style=\"color: #0fb921;\">Square<\/h5>\r\n                  <p >From 10 to 100 mm.<br \/>\nFrom 3\/8\u201d to 4\u201d<\/p><\/div><\/div>[\/vc_column_inner][vc_column_inner width=&#8221;1\/3&#8243; css=&#8221;.vc_custom_1586286008638{padding-right: 0px !important;padding-left: 0px !important;}&#8221;]<div class=\"kd-photobox  \" ><div class=\"photobox-img\"><img loading=\"lazy\" decoding=\"async\" width=\"450\" height=\"280\" src=\"http:\/\/www.tuyper-sa.com\/wp-content\/uploads\/2021\/01\/PLANO.jpg\" class=\"attachment-full\" alt=\"\" srcset=\"http:\/\/www.tuyper-sa.com\/wp-content\/uploads\/2021\/01\/PLANO.jpg 450w, http:\/\/www.tuyper-sa.com\/wp-content\/uploads\/2021\/01\/PLANO-300x187.jpg 300w, http:\/\/www.tuyper-sa.com\/wp-content\/uploads\/2021\/01\/PLANO-400x250.jpg 400w\" sizes=\"auto, (max-width: 450px) 100vw, 450px\" \/><\/div><div class=\"phb-content text-left \" >\r\n                  <h5 style=\"color: #0fb921;\">Flat<\/h5>\r\n                  <p >From 12x4 to 200x50<br \/>\nFrom 1\/2`` X 3\/16`` to 8`` X 2``<\/p><\/div><\/div>[\/vc_column_inner][vc_column_inner width=&#8221;1\/3&#8243; css=&#8221;.vc_custom_1586286020710{padding-right: 0px !important;padding-left: 0px !important;}&#8221;]<div class=\"kd-photobox  \" ><div class=\"photobox-img\"><img loading=\"lazy\" decoding=\"async\" width=\"450\" height=\"280\" src=\"http:\/\/www.tuyper-sa.com\/wp-content\/uploads\/2021\/12\/PERFILES_ESPECIALES.jpg\" class=\"attachment-full\" alt=\"\" srcset=\"http:\/\/www.tuyper-sa.com\/wp-content\/uploads\/2021\/12\/PERFILES_ESPECIALES.jpg 450w, http:\/\/www.tuyper-sa.com\/wp-content\/uploads\/2021\/12\/PERFILES_ESPECIALES-300x187.jpg 300w, http:\/\/www.tuyper-sa.com\/wp-content\/uploads\/2021\/12\/PERFILES_ESPECIALES-400x250.jpg 400w\" sizes=\"auto, (max-width: 450px) 100vw, 450px\" \/><\/div><div class=\"phb-content text-left \" >\r\n                  <h5 style=\"color: #0fb921;\">Special flat steel<\/h5>\r\n                  <p >XXX<br \/>\n__<\/p><\/div><\/div>[\/vc_column_inner][\/vc_row_inner][\/vc_column][\/vc_row][vc_row full_width=&#8221;stretch_row&#8221; css=&#8221;.vc_custom_1535984681581{padding-top: 100px !important;padding-bottom: 100px !important;background-color: #f3f3f3 !important;}&#8221;][vc_column][vc_row_inner][vc_column_inner]<header class=\"kd-section-title vc_col-lg-6 vc_col-sm-8 text-center  kd-animated fadeIn   vc_custom_1640196520658\" data-animation-delay=200><h2 class=\"separator_off\" >Product gallery<\/h2><\/header>[\/vc_column_inner][\/vc_row_inner]<div class=\"photo-gallery-wrapper enable-transparent-items kd-photo-gallery-69ded407ef283 nav-arrows-dots\">\r\n              <div class=\"gallery-items\"><a href=http:\/\/www.tuyper-sa.com\/wp-content\/uploads\/2021\/12\/IMG_9996_web-1024x683.jpg data-size=\"1024x683\" data-caption-title=\"Barras Hexagonales\" ><img loading=\"lazy\" decoding=\"async\" width=\"2560\" height=\"1707\" src=\"http:\/\/www.tuyper-sa.com\/wp-content\/uploads\/2021\/12\/IMG_9996_web-scaled.jpg\" class=\"attachment-full\" alt=\"\" srcset=\"http:\/\/www.tuyper-sa.com\/wp-content\/uploads\/2021\/12\/IMG_9996_web-scaled.jpg 2560w, http:\/\/www.tuyper-sa.com\/wp-content\/uploads\/2021\/12\/IMG_9996_web-300x200.jpg 300w, http:\/\/www.tuyper-sa.com\/wp-content\/uploads\/2021\/12\/IMG_9996_web-1024x683.jpg 1024w, http:\/\/www.tuyper-sa.com\/wp-content\/uploads\/2021\/12\/IMG_9996_web-768x512.jpg 768w, http:\/\/www.tuyper-sa.com\/wp-content\/uploads\/2021\/12\/IMG_9996_web-1536x1024.jpg 1536w, http:\/\/www.tuyper-sa.com\/wp-content\/uploads\/2021\/12\/IMG_9996_web-2048x1365.jpg 2048w\" sizes=\"auto, (max-width: 2560px) 100vw, 2560px\" \/><\/a><a href=http:\/\/www.tuyper-sa.com\/wp-content\/uploads\/2021\/12\/Gama_productos_2-1024x683.jpg data-size=\"1024x683\" data-caption-title=\"Barras Hexagonales\" ><img loading=\"lazy\" decoding=\"async\" width=\"1629\" height=\"1086\" src=\"http:\/\/www.tuyper-sa.com\/wp-content\/uploads\/2021\/12\/Gama_productos_2.jpg\" class=\"attachment-full\" alt=\"\" srcset=\"http:\/\/www.tuyper-sa.com\/wp-content\/uploads\/2021\/12\/Gama_productos_2.jpg 1629w, http:\/\/www.tuyper-sa.com\/wp-content\/uploads\/2021\/12\/Gama_productos_2-300x200.jpg 300w, http:\/\/www.tuyper-sa.com\/wp-content\/uploads\/2021\/12\/Gama_productos_2-1024x683.jpg 1024w, http:\/\/www.tuyper-sa.com\/wp-content\/uploads\/2021\/12\/Gama_productos_2-768x512.jpg 768w, http:\/\/www.tuyper-sa.com\/wp-content\/uploads\/2021\/12\/Gama_productos_2-1536x1024.jpg 1536w\" sizes=\"auto, (max-width: 1629px) 100vw, 1629px\" \/><\/a><a href=http:\/\/www.tuyper-sa.com\/wp-content\/uploads\/2021\/12\/Gama_productos_1-1024x683.jpg data-size=\"1024x683\" data-caption-title=\"Barras Redondas\" ><img loading=\"lazy\" decoding=\"async\" width=\"1629\" height=\"1086\" src=\"http:\/\/www.tuyper-sa.com\/wp-content\/uploads\/2021\/12\/Gama_productos_1.jpg\" class=\"attachment-full\" alt=\"\" srcset=\"http:\/\/www.tuyper-sa.com\/wp-content\/uploads\/2021\/12\/Gama_productos_1.jpg 1629w, http:\/\/www.tuyper-sa.com\/wp-content\/uploads\/2021\/12\/Gama_productos_1-300x200.jpg 300w, http:\/\/www.tuyper-sa.com\/wp-content\/uploads\/2021\/12\/Gama_productos_1-1024x683.jpg 1024w, http:\/\/www.tuyper-sa.com\/wp-content\/uploads\/2021\/12\/Gama_productos_1-768x512.jpg 768w, http:\/\/www.tuyper-sa.com\/wp-content\/uploads\/2021\/12\/Gama_productos_1-1536x1024.jpg 1536w\" sizes=\"auto, (max-width: 1629px) 100vw, 1629px\" \/><\/a><a href=http:\/\/www.tuyper-sa.com\/wp-content\/uploads\/2021\/12\/IMG_0010_web-1024x683.jpg data-size=\"1024x683\" data-caption-title=\"Barras Redondas\" ><img loading=\"lazy\" decoding=\"async\" width=\"2560\" height=\"1707\" src=\"http:\/\/www.tuyper-sa.com\/wp-content\/uploads\/2021\/12\/IMG_0010_web-scaled.jpg\" class=\"attachment-full\" alt=\"\" srcset=\"http:\/\/www.tuyper-sa.com\/wp-content\/uploads\/2021\/12\/IMG_0010_web-scaled.jpg 2560w, http:\/\/www.tuyper-sa.com\/wp-content\/uploads\/2021\/12\/IMG_0010_web-300x200.jpg 300w, http:\/\/www.tuyper-sa.com\/wp-content\/uploads\/2021\/12\/IMG_0010_web-1024x683.jpg 1024w, http:\/\/www.tuyper-sa.com\/wp-content\/uploads\/2021\/12\/IMG_0010_web-768x512.jpg 768w, http:\/\/www.tuyper-sa.com\/wp-content\/uploads\/2021\/12\/IMG_0010_web-1536x1024.jpg 1536w, http:\/\/www.tuyper-sa.com\/wp-content\/uploads\/2021\/12\/IMG_0010_web-2048x1365.jpg 2048w\" sizes=\"auto, (max-width: 2560px) 100vw, 2560px\" \/><\/a><a href=http:\/\/www.tuyper-sa.com\/wp-content\/uploads\/2021\/12\/IMG_0028_web.jpg data-size=\"926x618\" data-caption-title=\"Barras Redondas\" ><img loading=\"lazy\" decoding=\"async\" width=\"926\" height=\"618\" src=\"http:\/\/www.tuyper-sa.com\/wp-content\/uploads\/2021\/12\/IMG_0028_web.jpg\" class=\"attachment-full\" alt=\"\" srcset=\"http:\/\/www.tuyper-sa.com\/wp-content\/uploads\/2021\/12\/IMG_0028_web.jpg 926w, http:\/\/www.tuyper-sa.com\/wp-content\/uploads\/2021\/12\/IMG_0028_web-300x200.jpg 300w, http:\/\/www.tuyper-sa.com\/wp-content\/uploads\/2021\/12\/IMG_0028_web-768x513.jpg 768w\" sizes=\"auto, (max-width: 926px) 100vw, 926px\" \/><\/a><\/div>\r\n            <\/div><script type=\"text\/javascript\">\r\n              jQuery(document).ready(function($){\r\n                if ($(\".kd-photo-gallery-69ded407ef283 .gallery-items\").length) {\r\n                  $(\".kd-photo-gallery-69ded407ef283 .gallery-items\").owlCarousel({\r\n                    stageClass: \"owl-wrapper\",\r\n                    stageOuterClass: \"owl-wrapper-outer\",\r\n                    loadedClass: \"owl-carousel\",\r\n                    items: 1,\r\n                    rewind: true,\r\n                    responsive:{\r\n                        0:{\r\n                            dots: false,\r\n                            nav: true,\r\n                            navSpeed: 500,\r\n                        },\r\n                        1366:{\nnav: true,\r\n                              navSpeed: 500,\r\n                              dots: true,\r\n                              dotsSpeed: 500,\r\n                              dotsEach: true,}\r\n                    },\nloop: true,\nautoplay: true,\nautoplayTimeout: 10000,\nautoplayHoverPause: false,\r\n                    addClassActive: true,\r\n                  });\r\n                }\r\n              });\r\n            <\/script>[\/vc_column][\/vc_row]<\/p>\n","protected":false},"excerpt":{"rendered":"<p>[vc_row full_width=&#8221;stretch_row&#8221; css=&#8221;.vc_custom_1609868921659{padding-top: 50px !important;padding-bottom: 150px !important;}&#8221;][vc_column css=&#8221;.vc_custom_1515686761275{padding-right: 0px !important;padding-left: 0px !important;}&#8221;][vc_row_inner css=&#8221;.vc_custom_1586285995816{margin-bottom: 30px !important;}&#8221;][vc_column_inner width=&#8221;1\/3&#8243; css=&#8221;.vc_custom_1586286000110{padding-right: 0px !important;padding-left: 0px [&hellip;]<\/p>\n","protected":false},"author":1,"featured_media":0,"parent":0,"menu_order":0,"comment_status":"closed","ping_status":"closed","template":"","meta":{"footnotes":""},"class_list":["post-8100","page","type-page","status-publish","hentry"],"yoast_head":"<!-- This site is optimized with the Yoast SEO plugin v19.10 - https:\/\/yoast.com\/wordpress\/plugins\/seo\/ -->\n<title>Product range - Tuyper<\/title>\n<meta name=\"description\" content=\"TUYPER. Calidad en aceros calibrados para estirado. Nuestras instalaciones, dotadas de un de alto nivel tecnol\u00f3gico, se han ido ampliando y renovando con el transcurso de los a\u00f1os y garantizan la m\u00e1xima calidad en nuestra fabricaci\u00f3n seg\u00fan las normas internacionales. .\" \/>\n<meta name=\"robots\" content=\"index, follow, max-snippet:-1, max-image-preview:large, max-video-preview:-1\" \/>\n<link rel=\"canonical\" href=\"http:\/\/www.tuyper-sa.com\/en\/gama-de-productos\/\" \/>\n<meta property=\"og:locale\" content=\"en_US\" \/>\n<meta property=\"og:type\" content=\"article\" \/>\n<meta property=\"og:title\" content=\"Product range - Tuyper\" \/>\n<meta property=\"og:description\" content=\"TUYPER. Calidad en aceros calibrados para estirado. Nuestras instalaciones, dotadas de un de alto nivel tecnol\u00f3gico, se han ido ampliando y renovando con el transcurso de los a\u00f1os y garantizan la m\u00e1xima calidad en nuestra fabricaci\u00f3n seg\u00fan las normas internacionales. .\" \/>\n<meta property=\"og:url\" content=\"http:\/\/www.tuyper-sa.com\/en\/gama-de-productos\/\" \/>\n<meta property=\"og:site_name\" content=\"Tuyper\" \/>\n<meta property=\"article:modified_time\" content=\"2024-10-10T14:45:55+00:00\" \/>\n<meta name=\"twitter:card\" content=\"summary_large_image\" \/>\n<meta name=\"twitter:label1\" content=\"Est. reading time\" \/>\n\t<meta name=\"twitter:data1\" content=\"1 minute\" \/>\n<script type=\"application\/ld+json\" class=\"yoast-schema-graph\">{\"@context\":\"https:\/\/schema.org\",\"@graph\":[{\"@type\":\"WebPage\",\"@id\":\"http:\/\/www.tuyper-sa.com\/en\/gama-de-productos\/\",\"url\":\"http:\/\/www.tuyper-sa.com\/en\/gama-de-productos\/\",\"name\":\"Product range - Tuyper\",\"isPartOf\":{\"@id\":\"http:\/\/www.tuyper-sa.com\/en\/#website\"},\"datePublished\":\"2021-01-04T08:23:16+00:00\",\"dateModified\":\"2024-10-10T14:45:55+00:00\",\"description\":\"TUYPER. Calidad en aceros calibrados para estirado. Nuestras instalaciones, dotadas de un de alto nivel tecnol\u00f3gico, se han ido ampliando y renovando con el transcurso de los a\u00f1os y garantizan la m\u00e1xima calidad en nuestra fabricaci\u00f3n seg\u00fan las normas internacionales. .\",\"breadcrumb\":{\"@id\":\"http:\/\/www.tuyper-sa.com\/en\/gama-de-productos\/#breadcrumb\"},\"inLanguage\":\"en-US\",\"potentialAction\":[{\"@type\":\"ReadAction\",\"target\":[\"http:\/\/www.tuyper-sa.com\/en\/gama-de-productos\/\"]}]},{\"@type\":\"BreadcrumbList\",\"@id\":\"http:\/\/www.tuyper-sa.com\/en\/gama-de-productos\/#breadcrumb\",\"itemListElement\":[{\"@type\":\"ListItem\",\"position\":1,\"name\":\"Portada\",\"item\":\"http:\/\/www.tuyper-sa.com\/en\/\"},{\"@type\":\"ListItem\",\"position\":2,\"name\":\"Product range\"}]},{\"@type\":\"WebSite\",\"@id\":\"http:\/\/www.tuyper-sa.com\/en\/#website\",\"url\":\"http:\/\/www.tuyper-sa.com\/en\/\",\"name\":\"Tuyper\",\"description\":\"Aceros Calibrados\",\"publisher\":{\"@id\":\"http:\/\/www.tuyper-sa.com\/en\/#organization\"},\"alternateName\":\"tuyper s.a.\",\"potentialAction\":[{\"@type\":\"SearchAction\",\"target\":{\"@type\":\"EntryPoint\",\"urlTemplate\":\"http:\/\/www.tuyper-sa.com\/en\/?s={search_term_string}\"},\"query-input\":\"required name=search_term_string\"}],\"inLanguage\":\"en-US\"},{\"@type\":\"Organization\",\"@id\":\"http:\/\/www.tuyper-sa.com\/en\/#organization\",\"name\":\"TUYPER - Calidad en aceros calibrados para estirados\",\"alternateName\":\"Tuyper\",\"url\":\"http:\/\/www.tuyper-sa.com\/en\/\",\"logo\":{\"@type\":\"ImageObject\",\"inLanguage\":\"en-US\",\"@id\":\"http:\/\/www.tuyper-sa.com\/en\/#\/schema\/logo\/image\/\",\"url\":\"http:\/\/www.tuyper-sa.com\/wp-content\/uploads\/2021\/01\/Logo_color.png\",\"contentUrl\":\"http:\/\/www.tuyper-sa.com\/wp-content\/uploads\/2021\/01\/Logo_color.png\",\"width\":328,\"height\":103,\"caption\":\"TUYPER - Calidad en aceros calibrados para estirados\"},\"image\":{\"@id\":\"http:\/\/www.tuyper-sa.com\/en\/#\/schema\/logo\/image\/\"}}]}<\/script>\n<!-- \/ Yoast SEO plugin. -->","yoast_head_json":{"title":"Product range - Tuyper","description":"TUYPER. Calidad en aceros calibrados para estirado. Nuestras instalaciones, dotadas de un de alto nivel tecnol\u00f3gico, se han ido ampliando y renovando con el transcurso de los a\u00f1os y garantizan la m\u00e1xima calidad en nuestra fabricaci\u00f3n seg\u00fan las normas internacionales. .","robots":{"index":"index","follow":"follow","max-snippet":"max-snippet:-1","max-image-preview":"max-image-preview:large","max-video-preview":"max-video-preview:-1"},"canonical":"http:\/\/www.tuyper-sa.com\/en\/gama-de-productos\/","og_locale":"en_US","og_type":"article","og_title":"Product range - Tuyper","og_description":"TUYPER. Calidad en aceros calibrados para estirado. Nuestras instalaciones, dotadas de un de alto nivel tecnol\u00f3gico, se han ido ampliando y renovando con el transcurso de los a\u00f1os y garantizan la m\u00e1xima calidad en nuestra fabricaci\u00f3n seg\u00fan las normas internacionales. .","og_url":"http:\/\/www.tuyper-sa.com\/en\/gama-de-productos\/","og_site_name":"Tuyper","article_modified_time":"2024-10-10T14:45:55+00:00","twitter_card":"summary_large_image","twitter_misc":{"Est. reading time":"1 minute"},"schema":{"@context":"https:\/\/schema.org","@graph":[{"@type":"WebPage","@id":"http:\/\/www.tuyper-sa.com\/en\/gama-de-productos\/","url":"http:\/\/www.tuyper-sa.com\/en\/gama-de-productos\/","name":"Product range - Tuyper","isPartOf":{"@id":"http:\/\/www.tuyper-sa.com\/en\/#website"},"datePublished":"2021-01-04T08:23:16+00:00","dateModified":"2024-10-10T14:45:55+00:00","description":"TUYPER. Calidad en aceros calibrados para estirado. Nuestras instalaciones, dotadas de un de alto nivel tecnol\u00f3gico, se han ido ampliando y renovando con el transcurso de los a\u00f1os y garantizan la m\u00e1xima calidad en nuestra fabricaci\u00f3n seg\u00fan las normas internacionales. .","breadcrumb":{"@id":"http:\/\/www.tuyper-sa.com\/en\/gama-de-productos\/#breadcrumb"},"inLanguage":"en-US","potentialAction":[{"@type":"ReadAction","target":["http:\/\/www.tuyper-sa.com\/en\/gama-de-productos\/"]}]},{"@type":"BreadcrumbList","@id":"http:\/\/www.tuyper-sa.com\/en\/gama-de-productos\/#breadcrumb","itemListElement":[{"@type":"ListItem","position":1,"name":"Portada","item":"http:\/\/www.tuyper-sa.com\/en\/"},{"@type":"ListItem","position":2,"name":"Product range"}]},{"@type":"WebSite","@id":"http:\/\/www.tuyper-sa.com\/en\/#website","url":"http:\/\/www.tuyper-sa.com\/en\/","name":"Tuyper","description":"Aceros Calibrados","publisher":{"@id":"http:\/\/www.tuyper-sa.com\/en\/#organization"},"alternateName":"tuyper s.a.","potentialAction":[{"@type":"SearchAction","target":{"@type":"EntryPoint","urlTemplate":"http:\/\/www.tuyper-sa.com\/en\/?s={search_term_string}"},"query-input":"required name=search_term_string"}],"inLanguage":"en-US"},{"@type":"Organization","@id":"http:\/\/www.tuyper-sa.com\/en\/#organization","name":"TUYPER - Calidad en aceros calibrados para estirados","alternateName":"Tuyper","url":"http:\/\/www.tuyper-sa.com\/en\/","logo":{"@type":"ImageObject","inLanguage":"en-US","@id":"http:\/\/www.tuyper-sa.com\/en\/#\/schema\/logo\/image\/","url":"http:\/\/www.tuyper-sa.com\/wp-content\/uploads\/2021\/01\/Logo_color.png","contentUrl":"http:\/\/www.tuyper-sa.com\/wp-content\/uploads\/2021\/01\/Logo_color.png","width":328,"height":103,"caption":"TUYPER - Calidad en aceros calibrados para estirados"},"image":{"@id":"http:\/\/www.tuyper-sa.com\/en\/#\/schema\/logo\/image\/"}}]}},"_links":{"self":[{"href":"http:\/\/www.tuyper-sa.com\/en\/wp-json\/wp\/v2\/pages\/8100","targetHints":{"allow":["GET"]}}],"collection":[{"href":"http:\/\/www.tuyper-sa.com\/en\/wp-json\/wp\/v2\/pages"}],"about":[{"href":"http:\/\/www.tuyper-sa.com\/en\/wp-json\/wp\/v2\/types\/page"}],"author":[{"embeddable":true,"href":"http:\/\/www.tuyper-sa.com\/en\/wp-json\/wp\/v2\/users\/1"}],"replies":[{"embeddable":true,"href":"http:\/\/www.tuyper-sa.com\/en\/wp-json\/wp\/v2\/comments?post=8100"}],"version-history":[{"count":4,"href":"http:\/\/www.tuyper-sa.com\/en\/wp-json\/wp\/v2\/pages\/8100\/revisions"}],"predecessor-version":[{"id":8200,"href":"http:\/\/www.tuyper-sa.com\/en\/wp-json\/wp\/v2\/pages\/8100\/revisions\/8200"}],"wp:attachment":[{"href":"http:\/\/www.tuyper-sa.com\/en\/wp-json\/wp\/v2\/media?parent=8100"}],"curies":[{"name":"wp","href":"https:\/\/api.w.org\/{rel}","templated":true}]}}