{"id":8117,"date":"2019-04-24T14:44:15","date_gmt":"2019-04-24T14:44:15","guid":{"rendered":"http:\/\/www.tuyper-sa.com\/home\/"},"modified":"2024-10-10T15:24:42","modified_gmt":"2024-10-10T15:24:42","slug":"home","status":"publish","type":"page","link":"http:\/\/www.tuyper-sa.com\/en\/","title":{"rendered":"Home"},"content":{"rendered":"<p>[vc_row][vc_column][rev_slider_vc alias=&#8221;slider-home-1&#8243;][\/vc_column][\/vc_row][vc_row full_width=&#8221;stretch_row&#8221; css=&#8221;.vc_custom_1609749688430{padding-top: 200px !important;padding-bottom: 200px !important;}&#8221;][vc_column width=&#8221;1\/2&#8243; offset=&#8221;vc_col-lg-6 vc_col-md-12&#8243;][vc_row_inner css=&#8221;.vc_custom_1609749962563{margin-top: 30px !important;margin-bottom: 0px !important;}&#8221;][vc_column_inner width=&#8221;1\/2&#8243; css=&#8221;.vc_custom_1609749891978{padding-bottom: 0px !important;padding-left: 0px !important;}&#8221; offset=&#8221;vc_col-lg-offset-0 vc_col-lg-6 vc_col-md-offset-1 vc_col-md-4 vc_col-xs-12&#8243;][vc_column_text css_animation=&#8221;fadeIn&#8221;]<span style=\"color: #0fb921;\">ONGOING UPGRADING<\/span>[\/vc_column_text][\/vc_column_inner][\/vc_row_inner][vc_row_inner css=&#8221;.vc_custom_1609749910150{margin-top: 0px !important;}&#8221;][vc_column_inner width=&#8221;5\/6&#8243; css=&#8221;.vc_custom_1541520012278{padding-right: 0px !important;padding-left: 0px !important;}&#8221; offset=&#8221;vc_col-lg-offset-0 vc_col-lg-10 vc_col-md-offset-1 vc_col-md-10 vc_col-sm-offset-0&#8243;]<header class=\"kd-section-title col-lg-12 text-left  kd-animated fadeIn  \" data-animation-delay=200><h1 class=\"separator_off\" style=\"color: #0fb921;\">Always looking<br \/>\nahead<\/h1><h6 class=\"subtitle \" >Our technologically high-level facilities have been expanded and refurbished over the years and guarantee the highest quality in our manufacturing.<\/h6><\/header>[\/vc_column_inner][vc_column_inner width=&#8221;1\/6&#8243; offset=&#8221;vc_hidden-md vc_hidden-sm vc_hidden-xs&#8221;][\/vc_column_inner][\/vc_row_inner][\/vc_column][vc_column width=&#8221;1\/2&#8243; css=&#8221;.vc_custom_1539591979391{padding-left: 0px !important;}&#8221; offset=&#8221;vc_col-lg-6 vc_col-md-12&#8243;][vc_single_image image=&#8221;8151&#8243; img_size=&#8221;large&#8221; alignment=&#8221;center&#8221; style=&#8221;vc_box_rounded&#8221; css_animation=&#8221;fadeIn&#8221; css=&#8221;.vc_custom_1657039241837{margin-bottom: 0px !important;}&#8221;][\/vc_column][\/vc_row][vc_row full_width=&#8221;stretch_row_content_no_spaces&#8221; css=&#8221;.vc_custom_1609751910084{background-color: #0fb921 !important;}&#8221;][vc_column width=&#8221;1\/2&#8243; offset=&#8221;vc_col-lg-6 vc_col-md-12&#8243; css=&#8221;.vc_custom_1640191902120{background-image: url(http:\/\/www.tuyper-sa.com\/wp-content\/uploads\/2021\/12\/IMG_0292_web.jpg?id=7653) !important;background-position: center !important;background-repeat: no-repeat !important;background-size: cover !important;}&#8221;][vc_row_inner css=&#8221;.vc_custom_1609759234363{padding-top: 200px !important;padding-bottom: 200px !important;background-position: center !important;background-repeat: no-repeat !important;background-size: cover !important;}&#8221;][vc_column_inner css=&#8221;.vc_custom_1609839860571{padding-top: 200px !important;padding-bottom: 200px !important;}&#8221;][vc_empty_space][\/vc_column_inner][\/vc_row_inner][\/vc_column][vc_column width=&#8221;1\/2&#8243; css=&#8221;.vc_custom_1522315574795{padding-top: 0px !important;}&#8221; offset=&#8221;vc_col-lg-6 vc_col-md-12&#8243;][vc_row_inner css=&#8221;.vc_custom_1539595317116{padding-top: 150px !important;}&#8221;][vc_column_inner width=&#8221;1\/4&#8243; offset=&#8221;vc_hidden-xs&#8221;][\/vc_column_inner][vc_column_inner width=&#8221;1\/2&#8243; css=&#8221;.vc_custom_1522315555118{padding-bottom: 50px !important;}&#8221;]<header class=\"kd-section-title col-lg-12 text-left  kd-animated fadeIn  \" data-animation-delay=200><h1 class=\"separator_off\" style=\"color: #ffffff;\">Our facilities<\/h1><h6 class=\"subtitle \" style=\"color: #ffffff;\">We have 30,000 m2 available for manufacturing and storage of finished products; 8,000 m2 of this area is dedicated to units under cover that can be easily extended.<\/h6><\/header>[vc_empty_space height=&#8221;20px&#8221;][vc_column_text]<\/p>\n<h3><span style=\"color: #ffffff;\">30.000 <span class=\"ILfuVd\"><span class=\"hgKElc\">m\u00b2<br \/>\n&#8211;<\/span><\/span><span class=\"ILfuVd\"><span class=\"hgKElc\"><br \/>\n<\/span><\/span><\/span><\/h3>\n<h6><span style=\"color: #ffffff;\">8.000 m2<br \/>\n<\/span><span style=\"color: #ffffff;\">UNDER COVER<\/span><\/h6>\n<h6><\/h6>\n<p>[\/vc_column_text][\/vc_column_inner][vc_column_inner width=&#8221;1\/4&#8243; offset=&#8221;vc_hidden-xs&#8221;][\/vc_column_inner][\/vc_row_inner][\/vc_column][\/vc_row][vc_row full_width=&#8221;stretch_row&#8221; css=&#8221;.vc_custom_1609759065000{padding-top: 150px !important;padding-bottom: 0px !important;background-color: #f3f3f3 !important;}&#8221;][vc_column css=&#8221;.vc_custom_1609847417966{margin-top: 0px !important;}&#8221;][vc_column_text]<\/p>\n<h1><span style=\"color: #0fb921;\">Equipment<\/span><\/h1>\n<h3>We have a range of machines combined with modern in-line defect detection equipment to produce different profiles (rounds, hexagonals, flats, squares, octogonals and special profiles). And in a wide variety of sizes and qualities.<\/h3>\n<p>[\/vc_column_text][\/vc_column][\/vc_row][vc_row full_width=&#8221;stretch_row&#8221; css=&#8221;.vc_custom_1609847529421{padding-top: 100px !important;padding-bottom: 150px !important;background-color: #f3f3f3 !important;}&#8221;][vc_column]<div class=\"features-tabs kd-tabswrapper-8188569deaa6c6d619 tabs-image-right tab-img-contained\" >\r\n\t\t\t\t<div id=\"kd-extab-5936869deaa6c6dad3\">\r\n\t\t\t\t<div class=\"tab-image-container\"><img loading=\"lazy\" decoding=\"async\" width=\"992\" height=\"661\" src=\"http:\/\/www.tuyper-sa.com\/wp-content\/uploads\/2021\/12\/IMG_0262_web.jpg\" class=\"attachment-full\" alt=\"\" srcset=\"http:\/\/www.tuyper-sa.com\/wp-content\/uploads\/2021\/12\/IMG_0262_web.jpg 992w, http:\/\/www.tuyper-sa.com\/wp-content\/uploads\/2021\/12\/IMG_0262_web-300x200.jpg 300w, http:\/\/www.tuyper-sa.com\/wp-content\/uploads\/2021\/12\/IMG_0262_web-768x512.jpg 768w\" sizes=\"auto, (max-width: 992px) 100vw, 992px\" \/><\/div>\r\n\t\t\t\t<div class=\"tab-text-container\">\r\n\t\t\t\t\t<h2 class=\"tab-title\">Testing and monitoring equipment<\/h2><p class=\"tab-content\"><\/p>\n<ul>\n<li><span class=\"versales\">Traction machinery<\/span><\/li>\n<li><span class=\"versales\">Spectrometry<\/span><\/li>\n<li><span class=\"versales\">Microscope<\/span><\/li>\n<li>Hardness tester<\/li>\n<\/ul>\n<p><\/p><\/div>\r\n\t\t\t\t<\/div>\r\n\t\t\t\t<li class=\"tab-control-item\">\r\n\t\t\t\t\t<a href=\"#kd-extab-5936869deaa6c6dad3\"><i class=\"fas fa-angle-right\"><\/i>  Testing and monitoring equipment<\/a>\r\n\t\t\t\t<\/li><div id=\"kd-extab-5575769deaa6c6e125\">\r\n\t\t\t\t<div class=\"tab-image-container\"><img loading=\"lazy\" decoding=\"async\" width=\"992\" height=\"661\" src=\"http:\/\/www.tuyper-sa.com\/wp-content\/uploads\/2021\/12\/IMG_0259_web.jpg\" class=\"attachment-full\" alt=\"\" srcset=\"http:\/\/www.tuyper-sa.com\/wp-content\/uploads\/2021\/12\/IMG_0259_web.jpg 992w, http:\/\/www.tuyper-sa.com\/wp-content\/uploads\/2021\/12\/IMG_0259_web-300x200.jpg 300w, http:\/\/www.tuyper-sa.com\/wp-content\/uploads\/2021\/12\/IMG_0259_web-768x512.jpg 768w\" sizes=\"auto, (max-width: 992px) 100vw, 992px\" \/><\/div>\r\n\t\t\t\t<div class=\"tab-text-container\">\r\n\t\t\t\t\t<h2 class=\"tab-title\">Laboratory<\/h2><p class=\"tab-content\"><\/p>\n<ul>\n<li><span class=\"versales\">Chemical testing<\/span><\/li>\n<li><span class=\"versales\">Hardness testing<\/span><\/li>\n<li><span class=\"versales\">Traction testing<\/span><\/li>\n<li>Microscopic analyses<\/li>\n<\/ul>\n<p><\/p><\/div>\r\n\t\t\t\t<\/div>\r\n\t\t\t\t<li class=\"tab-control-item\">\r\n\t\t\t\t\t<a href=\"#kd-extab-5575769deaa6c6e125\"><i class=\"fas fa-angle-right\"><\/i>  Laboratory<\/a>\r\n\t\t\t\t<\/li>\r\n\t\t\t\t<ul class=\"tab-controls\"><\/ul>\r\n\t\t\t<\/div>[\/vc_column][\/vc_row][vc_row full_width=&#8221;stretch_row&#8221; parallax=&#8221;content-moving&#8221; parallax_image=&#8221;6535&#8243; css=&#8221;.vc_custom_1609847328512{padding-top: 150px !important;padding-bottom: 50px !important;background-image: url(http:\/\/www.tuyper-sa.com\/wp-content\/uploads\/2021\/01\/Fondo_hexagonos_v2.jpg?id=7520) !important;}&#8221;][vc_column offset=&#8221;vc_hidden-lg vc_hidden-md vc_hidden-sm vc_hidden-xs&#8221;][vc_row_inner css=&#8221;.vc_custom_1540375922073{margin-bottom: 0px !important;}&#8221;][vc_column_inner css=&#8221;.vc_custom_1541510468613{margin-top: 120px !important;margin-left: 0px !important;padding-left: 0px !important;}&#8221; offset=&#8221;vc_col-lg-5&#8243;]<header class=\"kd-section-title col-lg-12 text-left  kd-animated fadeIn   vc_custom_1609871328676\" data-animation-delay=200><h2 class=\"separator_off\" style=\"color: #0fb921;font-size: 42px;\">Corporate catalogue<\/h2><h6 class=\"subtitle \" >For more information about our products download our updated corporate catalogue in PDF format<\/h6><\/header>[vc_empty_space]<a  href=\"\"   class=\"tt_button tt_secondary_button btn_primary_color  pull-left button-action-link icon_left kd-animated zoomIn\" data-animation-delay=200><span class=\"fas fa-file-pdf iconita\"><\/span><span class=\"prim_text\">Download<\/span><\/a>[\/vc_column_inner][vc_column_inner css=&#8221;.vc_custom_1541510512851{padding-right: 50px !important;padding-left: 50px !important;}&#8221; offset=&#8221;vc_col-lg-2 vc_hidden-sm vc_hidden-xs&#8221;][\/vc_column_inner][vc_column_inner offset=&#8221;vc_col-lg-5&#8243;][vc_single_image image=&#8221;7516&#8243; img_size=&#8221;large&#8221; alignment=&#8221;right&#8221; css_animation=&#8221;fadeIn&#8221;][\/vc_column_inner][\/vc_row_inner][\/vc_column][\/vc_row][vc_row full_width=&#8221;stretch_row&#8221; parallax=&#8221;content-moving&#8221; parallax_image=&#8221;6535&#8243; css=&#8221;.vc_custom_1609847328512{padding-top: 150px !important;padding-bottom: 50px !important;background-image: url(http:\/\/www.tuyper-sa.com\/wp-content\/uploads\/2021\/01\/Fondo_hexagonos_v2.jpg?id=7520) !important;}&#8221;][vc_column][vc_row_inner css=&#8221;.vc_custom_1540375922073{margin-bottom: 0px !important;}&#8221;][vc_column_inner css=&#8221;.vc_custom_1541510468613{margin-top: 120px !important;margin-left: 0px !important;padding-left: 0px !important;}&#8221; offset=&#8221;vc_col-lg-5&#8243;]<header class=\"kd-section-title col-lg-12 text-left  kd-animated fadeIn   vc_custom_1642427563289\" data-animation-delay=200><h2 class=\"separator_off\" style=\"color: #0fb921;font-size: 42px;\">Steel qualities<\/h2><h6 class=\"subtitle \" >Steel calibrated in accordance with the following international standards<\/h6><\/header>[vc_empty_space height=&#8221;5px&#8221;]<a  href=\"http:\/\/www.tuyper-sa.com\/wp-content\/uploads\/2022\/03\/TUYPER_CALIDADES.pdf\"  target=\"_blank\"  title=\"\" class=\"tt_button tt_secondary_button btn_primary_color  pull-left button-action-link icon_left kd-animated zoomIn\" data-animation-delay=200><span class=\"fas fa-file-pdf iconita\"><\/span><span class=\"prim_text\">Download<\/span><\/a>[vc_empty_space height=&#8221;5px&#8221;][\/vc_column_inner][vc_column_inner css=&#8221;.vc_custom_1541510512851{padding-right: 50px !important;padding-left: 50px !important;}&#8221; offset=&#8221;vc_col-lg-2 vc_hidden-sm vc_hidden-xs&#8221;][\/vc_column_inner][vc_column_inner offset=&#8221;vc_col-lg-5&#8243;][vc_single_image image=&#8221;8183&#8243; img_size=&#8221;large&#8221; alignment=&#8221;right&#8221; css_animation=&#8221;fadeIn&#8221;][\/vc_column_inner][\/vc_row_inner][\/vc_column][\/vc_row][vc_row full_width=&#8221;stretch_row&#8221; css=&#8221;.vc_custom_1642500063629{background: #1a1a1a url(http:\/\/www.tuyper-sa.com\/wp-content\/uploads\/2022\/01\/ISO_BKG.jpg?id=7798) !important;}&#8221;][vc_column][vc_row_inner css=&#8221;.vc_custom_1511348417220{padding-top: 100px !important;padding-bottom: 100px !important;}&#8221;][vc_column_inner width=&#8221;1\/4&#8243;][\/vc_column_inner][vc_column_inner width=&#8221;1\/2&#8243;][vc_single_image image=&#8221;8205&#8243; alignment=&#8221;center&#8221;][vc_empty_space height=&#8221;50px&#8221;]<header class=\"kd-section-title col-lg-12 text-center  kd-animated fadeIn   vc_custom_1642500107775\" data-animation-delay=200><h2 class=\"separator_off\" style=\"color: #ffffff;\">Quality Certificate<\/h2><\/header><a  href=\"http:\/\/www.tuyper-sa.com\/wp-content\/uploads\/2024\/10\/20240229-ISO-9001-TUYPER_ENG.pdf\"  target=\"_blank\"  title=\"\" class=\"tt_button tt_primary_button btn_primary_color  button-center button-action-link  kd-animated zoomIn\" data-animation-delay=200><span class=\"prim_text\">Download<\/span><\/a>[vc_empty_space height=&#8221;50px&#8221;][\/vc_column_inner][vc_column_inner width=&#8221;1\/4&#8243;][\/vc_column_inner][\/vc_row_inner][\/vc_column][\/vc_row]<\/p>\n","protected":false},"excerpt":{"rendered":"<p>[vc_row][vc_column][rev_slider_vc alias=&#8221;slider-home-1&#8243;][\/vc_column][\/vc_row][vc_row full_width=&#8221;stretch_row&#8221; css=&#8221;.vc_custom_1609749688430{padding-top: 200px !important;padding-bottom: 200px !important;}&#8221;][vc_column width=&#8221;1\/2&#8243; offset=&#8221;vc_col-lg-6 vc_col-md-12&#8243;][vc_row_inner css=&#8221;.vc_custom_1609749962563{margin-top: 30px !important;margin-bottom: 0px !important;}&#8221;][vc_column_inner width=&#8221;1\/2&#8243; css=&#8221;.vc_custom_1609749891978{padding-bottom: 0px !important;padding-left: [&hellip;]<\/p>\n","protected":false},"author":1,"featured_media":0,"parent":0,"menu_order":0,"comment_status":"closed","ping_status":"closed","template":"","meta":{"footnotes":""},"class_list":["post-8117","page","type-page","status-publish","hentry"],"yoast_head":"<!-- This site is optimized with the Yoast SEO plugin v19.10 - https:\/\/yoast.com\/wordpress\/plugins\/seo\/ -->\n<title>Home - Tuyper<\/title>\n<meta name=\"description\" content=\"TUYPER. Calidad en aceros calibrados para estirado. Nuestras instalaciones, dotadas de un de alto nivel tecnol\u00f3gico, se han ido ampliando y renovando con el transcurso de los a\u00f1os y garantizan la m\u00e1xima calidad en nuestra fabricaci\u00f3n seg\u00fan las normas internacionales. .\" \/>\n<meta name=\"robots\" content=\"index, follow, max-snippet:-1, max-image-preview:large, max-video-preview:-1\" \/>\n<link rel=\"canonical\" href=\"http:\/\/www.tuyper-sa.com\/en\/\" \/>\n<meta property=\"og:locale\" content=\"en_US\" \/>\n<meta property=\"og:type\" content=\"article\" \/>\n<meta property=\"og:title\" content=\"Home - Tuyper\" \/>\n<meta property=\"og:description\" content=\"TUYPER. Calidad en aceros calibrados para estirado. Nuestras instalaciones, dotadas de un de alto nivel tecnol\u00f3gico, se han ido ampliando y renovando con el transcurso de los a\u00f1os y garantizan la m\u00e1xima calidad en nuestra fabricaci\u00f3n seg\u00fan las normas internacionales. .\" \/>\n<meta property=\"og:url\" content=\"http:\/\/www.tuyper-sa.com\/en\/\" \/>\n<meta property=\"og:site_name\" content=\"Tuyper\" \/>\n<meta property=\"article:modified_time\" content=\"2024-10-10T15:24:42+00:00\" \/>\n<meta name=\"twitter:card\" content=\"summary_large_image\" \/>\n<meta name=\"twitter:label1\" content=\"Est. reading time\" \/>\n\t<meta name=\"twitter:data1\" content=\"3 minutes\" \/>\n<script type=\"application\/ld+json\" class=\"yoast-schema-graph\">{\"@context\":\"https:\/\/schema.org\",\"@graph\":[{\"@type\":\"WebPage\",\"@id\":\"http:\/\/www.tuyper-sa.com\/en\/\",\"url\":\"http:\/\/www.tuyper-sa.com\/en\/\",\"name\":\"Home - Tuyper\",\"isPartOf\":{\"@id\":\"http:\/\/www.tuyper-sa.com\/en\/#website\"},\"datePublished\":\"2019-04-24T14:44:15+00:00\",\"dateModified\":\"2024-10-10T15:24:42+00:00\",\"description\":\"TUYPER. Calidad en aceros calibrados para estirado. Nuestras instalaciones, dotadas de un de alto nivel tecnol\u00f3gico, se han ido ampliando y renovando con el transcurso de los a\u00f1os y garantizan la m\u00e1xima calidad en nuestra fabricaci\u00f3n seg\u00fan las normas internacionales. .\",\"breadcrumb\":{\"@id\":\"http:\/\/www.tuyper-sa.com\/en\/#breadcrumb\"},\"inLanguage\":\"en-US\",\"potentialAction\":[{\"@type\":\"ReadAction\",\"target\":[\"http:\/\/www.tuyper-sa.com\/en\/\"]}]},{\"@type\":\"BreadcrumbList\",\"@id\":\"http:\/\/www.tuyper-sa.com\/en\/#breadcrumb\",\"itemListElement\":[{\"@type\":\"ListItem\",\"position\":1,\"name\":\"Portada\",\"item\":\"http:\/\/www.tuyper-sa.com\/en\/\"},{\"@type\":\"ListItem\",\"position\":2,\"name\":\"Home\"}]},{\"@type\":\"WebSite\",\"@id\":\"http:\/\/www.tuyper-sa.com\/en\/#website\",\"url\":\"http:\/\/www.tuyper-sa.com\/en\/\",\"name\":\"Tuyper\",\"description\":\"Aceros Calibrados\",\"publisher\":{\"@id\":\"http:\/\/www.tuyper-sa.com\/en\/#organization\"},\"alternateName\":\"tuyper s.a.\",\"potentialAction\":[{\"@type\":\"SearchAction\",\"target\":{\"@type\":\"EntryPoint\",\"urlTemplate\":\"http:\/\/www.tuyper-sa.com\/en\/?s={search_term_string}\"},\"query-input\":\"required name=search_term_string\"}],\"inLanguage\":\"en-US\"},{\"@type\":\"Organization\",\"@id\":\"http:\/\/www.tuyper-sa.com\/en\/#organization\",\"name\":\"TUYPER - Calidad en aceros calibrados para estirados\",\"alternateName\":\"Tuyper\",\"url\":\"http:\/\/www.tuyper-sa.com\/en\/\",\"logo\":{\"@type\":\"ImageObject\",\"inLanguage\":\"en-US\",\"@id\":\"http:\/\/www.tuyper-sa.com\/en\/#\/schema\/logo\/image\/\",\"url\":\"http:\/\/www.tuyper-sa.com\/wp-content\/uploads\/2021\/01\/Logo_color.png\",\"contentUrl\":\"http:\/\/www.tuyper-sa.com\/wp-content\/uploads\/2021\/01\/Logo_color.png\",\"width\":328,\"height\":103,\"caption\":\"TUYPER - Calidad en aceros calibrados para estirados\"},\"image\":{\"@id\":\"http:\/\/www.tuyper-sa.com\/en\/#\/schema\/logo\/image\/\"}}]}<\/script>\n<!-- \/ Yoast SEO plugin. -->","yoast_head_json":{"title":"Home - Tuyper","description":"TUYPER. Calidad en aceros calibrados para estirado. Nuestras instalaciones, dotadas de un de alto nivel tecnol\u00f3gico, se han ido ampliando y renovando con el transcurso de los a\u00f1os y garantizan la m\u00e1xima calidad en nuestra fabricaci\u00f3n seg\u00fan las normas internacionales. .","robots":{"index":"index","follow":"follow","max-snippet":"max-snippet:-1","max-image-preview":"max-image-preview:large","max-video-preview":"max-video-preview:-1"},"canonical":"http:\/\/www.tuyper-sa.com\/en\/","og_locale":"en_US","og_type":"article","og_title":"Home - Tuyper","og_description":"TUYPER. Calidad en aceros calibrados para estirado. Nuestras instalaciones, dotadas de un de alto nivel tecnol\u00f3gico, se han ido ampliando y renovando con el transcurso de los a\u00f1os y garantizan la m\u00e1xima calidad en nuestra fabricaci\u00f3n seg\u00fan las normas internacionales. .","og_url":"http:\/\/www.tuyper-sa.com\/en\/","og_site_name":"Tuyper","article_modified_time":"2024-10-10T15:24:42+00:00","twitter_card":"summary_large_image","twitter_misc":{"Est. reading time":"3 minutes"},"schema":{"@context":"https:\/\/schema.org","@graph":[{"@type":"WebPage","@id":"http:\/\/www.tuyper-sa.com\/en\/","url":"http:\/\/www.tuyper-sa.com\/en\/","name":"Home - Tuyper","isPartOf":{"@id":"http:\/\/www.tuyper-sa.com\/en\/#website"},"datePublished":"2019-04-24T14:44:15+00:00","dateModified":"2024-10-10T15:24:42+00:00","description":"TUYPER. Calidad en aceros calibrados para estirado. Nuestras instalaciones, dotadas de un de alto nivel tecnol\u00f3gico, se han ido ampliando y renovando con el transcurso de los a\u00f1os y garantizan la m\u00e1xima calidad en nuestra fabricaci\u00f3n seg\u00fan las normas internacionales. .","breadcrumb":{"@id":"http:\/\/www.tuyper-sa.com\/en\/#breadcrumb"},"inLanguage":"en-US","potentialAction":[{"@type":"ReadAction","target":["http:\/\/www.tuyper-sa.com\/en\/"]}]},{"@type":"BreadcrumbList","@id":"http:\/\/www.tuyper-sa.com\/en\/#breadcrumb","itemListElement":[{"@type":"ListItem","position":1,"name":"Portada","item":"http:\/\/www.tuyper-sa.com\/en\/"},{"@type":"ListItem","position":2,"name":"Home"}]},{"@type":"WebSite","@id":"http:\/\/www.tuyper-sa.com\/en\/#website","url":"http:\/\/www.tuyper-sa.com\/en\/","name":"Tuyper","description":"Aceros Calibrados","publisher":{"@id":"http:\/\/www.tuyper-sa.com\/en\/#organization"},"alternateName":"tuyper s.a.","potentialAction":[{"@type":"SearchAction","target":{"@type":"EntryPoint","urlTemplate":"http:\/\/www.tuyper-sa.com\/en\/?s={search_term_string}"},"query-input":"required name=search_term_string"}],"inLanguage":"en-US"},{"@type":"Organization","@id":"http:\/\/www.tuyper-sa.com\/en\/#organization","name":"TUYPER - Calidad en aceros calibrados para estirados","alternateName":"Tuyper","url":"http:\/\/www.tuyper-sa.com\/en\/","logo":{"@type":"ImageObject","inLanguage":"en-US","@id":"http:\/\/www.tuyper-sa.com\/en\/#\/schema\/logo\/image\/","url":"http:\/\/www.tuyper-sa.com\/wp-content\/uploads\/2021\/01\/Logo_color.png","contentUrl":"http:\/\/www.tuyper-sa.com\/wp-content\/uploads\/2021\/01\/Logo_color.png","width":328,"height":103,"caption":"TUYPER - Calidad en aceros calibrados para estirados"},"image":{"@id":"http:\/\/www.tuyper-sa.com\/en\/#\/schema\/logo\/image\/"}}]}},"_links":{"self":[{"href":"http:\/\/www.tuyper-sa.com\/en\/wp-json\/wp\/v2\/pages\/8117","targetHints":{"allow":["GET"]}}],"collection":[{"href":"http:\/\/www.tuyper-sa.com\/en\/wp-json\/wp\/v2\/pages"}],"about":[{"href":"http:\/\/www.tuyper-sa.com\/en\/wp-json\/wp\/v2\/types\/page"}],"author":[{"embeddable":true,"href":"http:\/\/www.tuyper-sa.com\/en\/wp-json\/wp\/v2\/users\/1"}],"replies":[{"embeddable":true,"href":"http:\/\/www.tuyper-sa.com\/en\/wp-json\/wp\/v2\/comments?post=8117"}],"version-history":[{"count":16,"href":"http:\/\/www.tuyper-sa.com\/en\/wp-json\/wp\/v2\/pages\/8117\/revisions"}],"predecessor-version":[{"id":8214,"href":"http:\/\/www.tuyper-sa.com\/en\/wp-json\/wp\/v2\/pages\/8117\/revisions\/8214"}],"wp:attachment":[{"href":"http:\/\/www.tuyper-sa.com\/en\/wp-json\/wp\/v2\/media?parent=8117"}],"curies":[{"name":"wp","href":"https:\/\/api.w.org\/{rel}","templated":true}]}}