{"id":8128,"date":"2022-01-17T09:54:07","date_gmt":"2022-01-17T09:54:07","guid":{"rendered":"http:\/\/www.tuyper-sa.com\/une-en-10-277-norm\/"},"modified":"2022-07-05T16:22:23","modified_gmt":"2022-07-05T16:22:23","slug":"une-en-10-277-norm","status":"publish","type":"page","link":"http:\/\/www.tuyper-sa.com\/en\/une-en-10-277-norm\/","title":{"rendered":"UNE-EN 10.277 Norm"},"content":{"rendered":"<p>[vc_row css=&#8221;.vc_custom_1609870148764{padding-bottom: 150px !important;}&#8221;][vc_column]<div class=\"feature-sections-wrapper kd-fsp-69f86a7cbb3a2 \">\r\n            <section class=\"feature-sections-tabs  \">\r\n              <nav class=\"kd-feature-tabs\">\r\n                <ul class=\"nav nav-tabs sticky-tabs container\">\r\n                <\/ul>\r\n              <\/nav>\r\n            <\/section>\r\n            <section id=\"kd-fss-69f86a7cbb47c\" class=\"featured-right \"><li class=\"nav-label\"><a class=\"feature-tabs-scroll\" href=\"#kd-fss-69f86a7cbb47c\">General Purpose<\/a><\/li><div class=\"container\">\r\n                <div class=\"side-content-wrapper \" ><h2 class=\"side-content-title\" >Calibrated General Purpose Steels<\/h2><h6 class=\"side-content-subtitle\" >Carbon steels with high weldability and wear resistance<\/h6><div class=\"side-content-text\" ><\/p>\n<ul>\n<li><a href=\"http:\/\/www.tuyper-sa.com\/wp-content\/uploads\/2022\/01\/S235JRC.pdf\" target=\"_blank\" rel=\"noopener\">S235JRC<\/a><\/li>\n<li><a href=\"http:\/\/www.tuyper-sa.com\/wp-content\/uploads\/2022\/01\/E335GC.pdf\" target=\"_blank\" rel=\"noopener\">E335GC<\/a><\/li>\n<li><a href=\"http:\/\/www.tuyper-sa.com\/wp-content\/uploads\/2022\/01\/S355J2C.pdf\" target=\"_blank\" rel=\"noopener\">S355J2C<\/a><\/li>\n<li><a href=\"http:\/\/www.tuyper-sa.com\/wp-content\/uploads\/2022\/01\/C15.pdf\" target=\"_blank\" rel=\"noopener\">C15<\/a><\/li>\n<li><a href=\"http:\/\/www.tuyper-sa.com\/wp-content\/uploads\/2022\/01\/C35.pdf\" target=\"_blank\" rel=\"noopener\">C35<\/a><\/li>\n<li><a href=\"http:\/\/www.tuyper-sa.com\/wp-content\/uploads\/2022\/01\/C45.pdf\" target=\"_blank\" rel=\"noopener\">C45<\/a><\/li>\n<\/ul>\n<p>\n<\/div><div class=\"side-content-link sc-secondary-btn\"><a href=\"http:\/\/labs.berein.com\/tuyper\/wp-content\/uploads\/2022\/01\/Usos_Generales.pdf\" target=\"_blank\" title=\"Download PDF\" class=\"tt_button tt_primary_button btn_primary_color button-action-link\">Download PDF<\/a><\/div><\/div><div class=\"side-featured-wrapper fss-rectangle\" >\r\n      <div class=\"featured-image\"><img loading=\"lazy\" decoding=\"async\" width=\"926\" height=\"618\" src=\"http:\/\/www.tuyper-sa.com\/wp-content\/uploads\/2021\/12\/IMG_0028_web.jpg\" class=\"attachment-full\" alt=\"\" srcset=\"http:\/\/www.tuyper-sa.com\/wp-content\/uploads\/2021\/12\/IMG_0028_web.jpg 926w, http:\/\/www.tuyper-sa.com\/wp-content\/uploads\/2021\/12\/IMG_0028_web-300x200.jpg 300w, http:\/\/www.tuyper-sa.com\/wp-content\/uploads\/2021\/12\/IMG_0028_web-768x513.jpg 768w\" sizes=\"auto, (max-width: 926px) 100vw, 926px\" \/><\/div>\r\n    <\/div><\/div>\r\n            <\/section><section id=\"kd-fss-69f86a7cbbdcf\" class=\"featured-left \"><li class=\"nav-label\"><a class=\"feature-tabs-scroll\" href=\"#kd-fss-69f86a7cbbdcf\">High-speed machining<\/a><\/li><div class=\"container\">\r\n                <div class=\"side-content-wrapper \" ><h2 class=\"side-content-title\" >High-speed machining steels<\/h2><h6 class=\"side-content-subtitle\" >Steels with high machinability<\/h6><div class=\"side-content-text\" ><\/p>\n<ul>\n<li><a href=\"http:\/\/www.tuyper-sa.com\/wp-content\/uploads\/2022\/01\/11SMn30.pdf\" target=\"_blank\" rel=\"noopener\">11SMN30<\/a><\/li>\n<li><a href=\"http:\/\/www.tuyper-sa.com\/wp-content\/uploads\/2022\/01\/11SMnPb30.pdf\" target=\"_blank\" rel=\"noopener\">11SMNPB30<\/a><\/li>\n<li><a href=\"http:\/\/www.tuyper-sa.com\/wp-content\/uploads\/2022\/01\/11SMn37.pdf\" target=\"_blank\" rel=\"noopener\">11SMN37<\/a><\/li>\n<li><a href=\"http:\/\/www.tuyper-sa.com\/wp-content\/uploads\/2022\/01\/11SMnPb37.pdf\" target=\"_blank\" rel=\"noopener\">11SMNPB37<\/a><\/li>\n<li><a href=\"http:\/\/www.tuyper-sa.com\/wp-content\/uploads\/2022\/01\/36SMn14.pdf\" target=\"_blank\" rel=\"noopener\">36SMn14<\/a><\/li>\n<li><a href=\"http:\/\/www.tuyper-sa.com\/wp-content\/uploads\/2022\/01\/36SMnPb14.pdf\" target=\"_blank\" rel=\"noopener\">36SMNPB14<\/a><\/li>\n<li><a href=\"http:\/\/www.tuyper-sa.com\/wp-content\/uploads\/2022\/01\/44SMn28.pdf\" target=\"_blank\" rel=\"noopener\">44SMn28<\/a><\/li>\n<li><a href=\"http:\/\/www.tuyper-sa.com\/wp-content\/uploads\/2022\/01\/44SMnPb28.pdf\" target=\"_blank\" rel=\"noopener\">44SMnPb28<\/a><\/li>\n<li><a href=\"http:\/\/www.tuyper-sa.com\/wp-content\/uploads\/2022\/01\/46S20.pdf\" target=\"_blank\" rel=\"noopener\">46S20<\/a><\/li>\n<li><a href=\"http:\/\/www.tuyper-sa.com\/wp-content\/uploads\/2022\/01\/46SPb20.pdf\" target=\"_blank\" rel=\"noopener\">46SPb20<\/a><\/li>\n<\/ul>\n<p>\n<\/div><div class=\"side-content-link sc-secondary-btn\"><a href=\"http:\/\/labs.berein.com\/tuyper\/wp-content\/uploads\/2022\/01\/Facil_Mecanizacion.pdf\" target=\"_blank\" title=\"Download PDF\" class=\"tt_button tt_primary_button btn_primary_color Download PDFbutton-action-link\">Download PDF<\/a><\/div><\/div><div class=\"side-featured-wrapper fss-rectangle\" >\r\n      <div class=\"featured-image\"><img loading=\"lazy\" decoding=\"async\" width=\"1629\" height=\"1086\" src=\"http:\/\/www.tuyper-sa.com\/wp-content\/uploads\/2021\/12\/Gama_productos_1.jpg\" class=\"attachment-full\" alt=\"\" srcset=\"http:\/\/www.tuyper-sa.com\/wp-content\/uploads\/2021\/12\/Gama_productos_1.jpg 1629w, http:\/\/www.tuyper-sa.com\/wp-content\/uploads\/2021\/12\/Gama_productos_1-300x200.jpg 300w, http:\/\/www.tuyper-sa.com\/wp-content\/uploads\/2021\/12\/Gama_productos_1-1024x683.jpg 1024w, http:\/\/www.tuyper-sa.com\/wp-content\/uploads\/2021\/12\/Gama_productos_1-768x512.jpg 768w, http:\/\/www.tuyper-sa.com\/wp-content\/uploads\/2021\/12\/Gama_productos_1-1536x1024.jpg 1536w\" sizes=\"auto, (max-width: 1629px) 100vw, 1629px\" \/><\/div>\r\n    <\/div><\/div>\r\n            <\/section><section id=\"kd-fss-69f86a7cbc427\" class=\"featured-right \"><li class=\"nav-label\"><a class=\"feature-tabs-scroll\" href=\"#kd-fss-69f86a7cbc427\">Cementation<\/a><\/li><div class=\"container\">\r\n                <div class=\"side-content-wrapper \" ><h2 class=\"side-content-title\" >Calibrated Steels for Cementation<\/h2><h6 class=\"side-content-subtitle\" >Steels for high mechanical stress, with high surface hardness and good core toughness.<\/h6><div class=\"side-content-text\" ><\/p>\n<ul>\n<li><a href=\"http:\/\/www.tuyper-sa.com\/wp-content\/uploads\/2022\/01\/16MnCrS5.pdf\" target=\"_blank\" rel=\"noopener\">16MnCrS5<\/a><\/li>\n<li><a href=\"http:\/\/www.tuyper-sa.com\/wp-content\/uploads\/2022\/01\/20MnCrS5.pdf\" target=\"_blank\" rel=\"noopener\">20MnCrS5<\/a><\/li>\n<li><a href=\"http:\/\/www.tuyper-sa.com\/wp-content\/uploads\/2022\/01\/20NiCrMoS2-2.pdf\" target=\"_blank\" rel=\"noopener\">20NiCrMoS2-2<\/a><\/li>\n<\/ul>\n<p>\n<\/div><div class=\"side-content-link sc-secondary-btn\"><a href=\"http:\/\/labs.berein.com\/tuyper\/wp-content\/uploads\/2022\/01\/Cementacion-1.pdf\" target=\"_blank\" title=\"Download PDF\" class=\"tt_button tt_primary_button btn_primary_color button-action-link\">Download PDF<\/a><\/div><\/div><div class=\"side-featured-wrapper fss-rectangle\" >\r\n      <div class=\"featured-image\"><img loading=\"lazy\" decoding=\"async\" width=\"2560\" height=\"1707\" src=\"http:\/\/www.tuyper-sa.com\/wp-content\/uploads\/2021\/12\/IMG_9996_web-scaled.jpg\" class=\"attachment-full\" alt=\"\" srcset=\"http:\/\/www.tuyper-sa.com\/wp-content\/uploads\/2021\/12\/IMG_9996_web-scaled.jpg 2560w, http:\/\/www.tuyper-sa.com\/wp-content\/uploads\/2021\/12\/IMG_9996_web-300x200.jpg 300w, http:\/\/www.tuyper-sa.com\/wp-content\/uploads\/2021\/12\/IMG_9996_web-1024x683.jpg 1024w, http:\/\/www.tuyper-sa.com\/wp-content\/uploads\/2021\/12\/IMG_9996_web-768x512.jpg 768w, http:\/\/www.tuyper-sa.com\/wp-content\/uploads\/2021\/12\/IMG_9996_web-1536x1024.jpg 1536w, http:\/\/www.tuyper-sa.com\/wp-content\/uploads\/2021\/12\/IMG_9996_web-2048x1365.jpg 2048w\" sizes=\"auto, (max-width: 2560px) 100vw, 2560px\" \/><\/div>\r\n    <\/div><\/div>\r\n            <\/section><section id=\"kd-fss-69f86a7cbca23\" class=\"featured-left \"><li class=\"nav-label\"><a class=\"feature-tabs-scroll\" href=\"#kd-fss-69f86a7cbca23\">Quenching &amp; Tempering<\/a><\/li><div class=\"container\">\r\n                <div class=\"side-content-wrapper \" ><h2 class=\"side-content-title\" >Calibrated Steels for Quenching and Tempering<\/h2><h6 class=\"side-content-subtitle\" >Steels with high-impact and torsional resistance.<\/h6><div class=\"side-content-text\" ><\/p>\n<ul>\n<li><a href=\"http:\/\/www.tuyper-sa.com\/wp-content\/uploads\/2022\/01\/C45E.pdf\" target=\"_blank\" rel=\"noopener\">C45E<\/a><\/li>\n<li><a href=\"http:\/\/www.tuyper-sa.com\/wp-content\/uploads\/2022\/01\/C45R.pdf\" target=\"_blank\" rel=\"noopener\">C45R<\/a><\/li>\n<li><a href=\"http:\/\/www.tuyper-sa.com\/wp-content\/uploads\/2022\/01\/34CrS4.pdf\" target=\"_blank\" rel=\"noopener\">34CrS4(*)<\/a><\/li>\n<li><a href=\"http:\/\/www.tuyper-sa.com\/wp-content\/uploads\/2022\/01\/42CrMoS4.pdf\" target=\"_blank\" rel=\"noopener\">42CrMoS4(*)<\/a><\/li>\n<\/ul>\n<h6><\/h6>\n<p>(*) Low pre-annealing<\/p>\n<\/div><div class=\"side-content-link sc-secondary-btn\"><a href=\"http:\/\/labs.berein.com\/tuyper\/wp-content\/uploads\/2022\/01\/Temple_y_Revenido.pdf\" target=\"_blank\" title=\"Download PDF\" class=\"tt_button tt_primary_button btn_primary_color button-action-link\">Download PDF<\/a><\/div><\/div><div class=\"side-featured-wrapper fss-rectangle\" >\r\n      <div class=\"featured-image\"><img loading=\"lazy\" decoding=\"async\" width=\"2560\" height=\"1707\" src=\"http:\/\/www.tuyper-sa.com\/wp-content\/uploads\/2021\/12\/IMG_0010_web-scaled.jpg\" class=\"attachment-full\" alt=\"\" srcset=\"http:\/\/www.tuyper-sa.com\/wp-content\/uploads\/2021\/12\/IMG_0010_web-scaled.jpg 2560w, http:\/\/www.tuyper-sa.com\/wp-content\/uploads\/2021\/12\/IMG_0010_web-300x200.jpg 300w, http:\/\/www.tuyper-sa.com\/wp-content\/uploads\/2021\/12\/IMG_0010_web-1024x683.jpg 1024w, http:\/\/www.tuyper-sa.com\/wp-content\/uploads\/2021\/12\/IMG_0010_web-768x512.jpg 768w, http:\/\/www.tuyper-sa.com\/wp-content\/uploads\/2021\/12\/IMG_0010_web-1536x1024.jpg 1536w, http:\/\/www.tuyper-sa.com\/wp-content\/uploads\/2021\/12\/IMG_0010_web-2048x1365.jpg 2048w\" sizes=\"auto, (max-width: 2560px) 100vw, 2560px\" \/><\/div>\r\n    <\/div><\/div>\r\n            <\/section>\r\n            <\/div><style type=\"text\/css\"><\/style>[\/vc_column][\/vc_row]<\/p>\n","protected":false},"excerpt":{"rendered":"<p>[vc_row css=&#8221;.vc_custom_1609870148764{padding-bottom: 150px !important;}&#8221;][vc_column][\/vc_column][\/vc_row]<\/p>\n","protected":false},"author":1,"featured_media":0,"parent":0,"menu_order":0,"comment_status":"closed","ping_status":"closed","template":"","meta":{"footnotes":""},"class_list":["post-8128","page","type-page","status-publish","hentry"],"yoast_head":"<!-- This site is optimized with the Yoast SEO plugin v19.10 - https:\/\/yoast.com\/wordpress\/plugins\/seo\/ -->\n<title>UNE-EN 10.277 Norm - Tuyper<\/title>\n<meta name=\"description\" content=\"TUYPER. Calidad en aceros calibrados para estirado. Nuestras instalaciones, dotadas de un de alto nivel tecnol\u00f3gico, se han ido ampliando y renovando con el transcurso de los a\u00f1os y garantizan la m\u00e1xima calidad en nuestra fabricaci\u00f3n seg\u00fan las normas internacionales. .\" \/>\n<meta name=\"robots\" content=\"index, follow, max-snippet:-1, max-image-preview:large, max-video-preview:-1\" \/>\n<link rel=\"canonical\" href=\"http:\/\/www.tuyper-sa.com\/en\/une-en-10-277-norm\/\" \/>\n<meta property=\"og:locale\" content=\"en_US\" \/>\n<meta property=\"og:type\" content=\"article\" \/>\n<meta property=\"og:title\" content=\"UNE-EN 10.277 Norm - Tuyper\" \/>\n<meta property=\"og:description\" content=\"TUYPER. Calidad en aceros calibrados para estirado. Nuestras instalaciones, dotadas de un de alto nivel tecnol\u00f3gico, se han ido ampliando y renovando con el transcurso de los a\u00f1os y garantizan la m\u00e1xima calidad en nuestra fabricaci\u00f3n seg\u00fan las normas internacionales. .\" \/>\n<meta property=\"og:url\" content=\"http:\/\/www.tuyper-sa.com\/en\/une-en-10-277-norm\/\" \/>\n<meta property=\"og:site_name\" content=\"Tuyper\" \/>\n<meta property=\"article:modified_time\" content=\"2022-07-05T16:22:23+00:00\" \/>\n<meta name=\"twitter:card\" content=\"summary_large_image\" \/>\n<meta name=\"twitter:label1\" content=\"Est. reading time\" \/>\n\t<meta name=\"twitter:data1\" content=\"3 minutes\" \/>\n<script type=\"application\/ld+json\" class=\"yoast-schema-graph\">{\"@context\":\"https:\/\/schema.org\",\"@graph\":[{\"@type\":\"WebPage\",\"@id\":\"http:\/\/www.tuyper-sa.com\/en\/une-en-10-277-norm\/\",\"url\":\"http:\/\/www.tuyper-sa.com\/en\/une-en-10-277-norm\/\",\"name\":\"UNE-EN 10.277 Norm - Tuyper\",\"isPartOf\":{\"@id\":\"http:\/\/www.tuyper-sa.com\/en\/#website\"},\"datePublished\":\"2022-01-17T09:54:07+00:00\",\"dateModified\":\"2022-07-05T16:22:23+00:00\",\"description\":\"TUYPER. Calidad en aceros calibrados para estirado. Nuestras instalaciones, dotadas de un de alto nivel tecnol\u00f3gico, se han ido ampliando y renovando con el transcurso de los a\u00f1os y garantizan la m\u00e1xima calidad en nuestra fabricaci\u00f3n seg\u00fan las normas internacionales. .\",\"breadcrumb\":{\"@id\":\"http:\/\/www.tuyper-sa.com\/en\/une-en-10-277-norm\/#breadcrumb\"},\"inLanguage\":\"en-US\",\"potentialAction\":[{\"@type\":\"ReadAction\",\"target\":[\"http:\/\/www.tuyper-sa.com\/en\/une-en-10-277-norm\/\"]}]},{\"@type\":\"BreadcrumbList\",\"@id\":\"http:\/\/www.tuyper-sa.com\/en\/une-en-10-277-norm\/#breadcrumb\",\"itemListElement\":[{\"@type\":\"ListItem\",\"position\":1,\"name\":\"Portada\",\"item\":\"http:\/\/www.tuyper-sa.com\/en\/\"},{\"@type\":\"ListItem\",\"position\":2,\"name\":\"UNE-EN 10.277 Norm\"}]},{\"@type\":\"WebSite\",\"@id\":\"http:\/\/www.tuyper-sa.com\/en\/#website\",\"url\":\"http:\/\/www.tuyper-sa.com\/en\/\",\"name\":\"Tuyper\",\"description\":\"Aceros Calibrados\",\"publisher\":{\"@id\":\"http:\/\/www.tuyper-sa.com\/en\/#organization\"},\"alternateName\":\"tuyper s.a.\",\"potentialAction\":[{\"@type\":\"SearchAction\",\"target\":{\"@type\":\"EntryPoint\",\"urlTemplate\":\"http:\/\/www.tuyper-sa.com\/en\/?s={search_term_string}\"},\"query-input\":\"required name=search_term_string\"}],\"inLanguage\":\"en-US\"},{\"@type\":\"Organization\",\"@id\":\"http:\/\/www.tuyper-sa.com\/en\/#organization\",\"name\":\"TUYPER - Calidad en aceros calibrados para estirados\",\"alternateName\":\"Tuyper\",\"url\":\"http:\/\/www.tuyper-sa.com\/en\/\",\"logo\":{\"@type\":\"ImageObject\",\"inLanguage\":\"en-US\",\"@id\":\"http:\/\/www.tuyper-sa.com\/en\/#\/schema\/logo\/image\/\",\"url\":\"http:\/\/www.tuyper-sa.com\/wp-content\/uploads\/2021\/01\/Logo_color.png\",\"contentUrl\":\"http:\/\/www.tuyper-sa.com\/wp-content\/uploads\/2021\/01\/Logo_color.png\",\"width\":328,\"height\":103,\"caption\":\"TUYPER - Calidad en aceros calibrados para estirados\"},\"image\":{\"@id\":\"http:\/\/www.tuyper-sa.com\/en\/#\/schema\/logo\/image\/\"}}]}<\/script>\n<!-- \/ Yoast SEO plugin. -->","yoast_head_json":{"title":"UNE-EN 10.277 Norm - Tuyper","description":"TUYPER. Calidad en aceros calibrados para estirado. Nuestras instalaciones, dotadas de un de alto nivel tecnol\u00f3gico, se han ido ampliando y renovando con el transcurso de los a\u00f1os y garantizan la m\u00e1xima calidad en nuestra fabricaci\u00f3n seg\u00fan las normas internacionales. .","robots":{"index":"index","follow":"follow","max-snippet":"max-snippet:-1","max-image-preview":"max-image-preview:large","max-video-preview":"max-video-preview:-1"},"canonical":"http:\/\/www.tuyper-sa.com\/en\/une-en-10-277-norm\/","og_locale":"en_US","og_type":"article","og_title":"UNE-EN 10.277 Norm - Tuyper","og_description":"TUYPER. Calidad en aceros calibrados para estirado. Nuestras instalaciones, dotadas de un de alto nivel tecnol\u00f3gico, se han ido ampliando y renovando con el transcurso de los a\u00f1os y garantizan la m\u00e1xima calidad en nuestra fabricaci\u00f3n seg\u00fan las normas internacionales. .","og_url":"http:\/\/www.tuyper-sa.com\/en\/une-en-10-277-norm\/","og_site_name":"Tuyper","article_modified_time":"2022-07-05T16:22:23+00:00","twitter_card":"summary_large_image","twitter_misc":{"Est. reading time":"3 minutes"},"schema":{"@context":"https:\/\/schema.org","@graph":[{"@type":"WebPage","@id":"http:\/\/www.tuyper-sa.com\/en\/une-en-10-277-norm\/","url":"http:\/\/www.tuyper-sa.com\/en\/une-en-10-277-norm\/","name":"UNE-EN 10.277 Norm - Tuyper","isPartOf":{"@id":"http:\/\/www.tuyper-sa.com\/en\/#website"},"datePublished":"2022-01-17T09:54:07+00:00","dateModified":"2022-07-05T16:22:23+00:00","description":"TUYPER. Calidad en aceros calibrados para estirado. Nuestras instalaciones, dotadas de un de alto nivel tecnol\u00f3gico, se han ido ampliando y renovando con el transcurso de los a\u00f1os y garantizan la m\u00e1xima calidad en nuestra fabricaci\u00f3n seg\u00fan las normas internacionales. .","breadcrumb":{"@id":"http:\/\/www.tuyper-sa.com\/en\/une-en-10-277-norm\/#breadcrumb"},"inLanguage":"en-US","potentialAction":[{"@type":"ReadAction","target":["http:\/\/www.tuyper-sa.com\/en\/une-en-10-277-norm\/"]}]},{"@type":"BreadcrumbList","@id":"http:\/\/www.tuyper-sa.com\/en\/une-en-10-277-norm\/#breadcrumb","itemListElement":[{"@type":"ListItem","position":1,"name":"Portada","item":"http:\/\/www.tuyper-sa.com\/en\/"},{"@type":"ListItem","position":2,"name":"UNE-EN 10.277 Norm"}]},{"@type":"WebSite","@id":"http:\/\/www.tuyper-sa.com\/en\/#website","url":"http:\/\/www.tuyper-sa.com\/en\/","name":"Tuyper","description":"Aceros Calibrados","publisher":{"@id":"http:\/\/www.tuyper-sa.com\/en\/#organization"},"alternateName":"tuyper s.a.","potentialAction":[{"@type":"SearchAction","target":{"@type":"EntryPoint","urlTemplate":"http:\/\/www.tuyper-sa.com\/en\/?s={search_term_string}"},"query-input":"required name=search_term_string"}],"inLanguage":"en-US"},{"@type":"Organization","@id":"http:\/\/www.tuyper-sa.com\/en\/#organization","name":"TUYPER - Calidad en aceros calibrados para estirados","alternateName":"Tuyper","url":"http:\/\/www.tuyper-sa.com\/en\/","logo":{"@type":"ImageObject","inLanguage":"en-US","@id":"http:\/\/www.tuyper-sa.com\/en\/#\/schema\/logo\/image\/","url":"http:\/\/www.tuyper-sa.com\/wp-content\/uploads\/2021\/01\/Logo_color.png","contentUrl":"http:\/\/www.tuyper-sa.com\/wp-content\/uploads\/2021\/01\/Logo_color.png","width":328,"height":103,"caption":"TUYPER - Calidad en aceros calibrados para estirados"},"image":{"@id":"http:\/\/www.tuyper-sa.com\/en\/#\/schema\/logo\/image\/"}}]}},"_links":{"self":[{"href":"http:\/\/www.tuyper-sa.com\/en\/wp-json\/wp\/v2\/pages\/8128","targetHints":{"allow":["GET"]}}],"collection":[{"href":"http:\/\/www.tuyper-sa.com\/en\/wp-json\/wp\/v2\/pages"}],"about":[{"href":"http:\/\/www.tuyper-sa.com\/en\/wp-json\/wp\/v2\/types\/page"}],"author":[{"embeddable":true,"href":"http:\/\/www.tuyper-sa.com\/en\/wp-json\/wp\/v2\/users\/1"}],"replies":[{"embeddable":true,"href":"http:\/\/www.tuyper-sa.com\/en\/wp-json\/wp\/v2\/comments?post=8128"}],"version-history":[{"count":2,"href":"http:\/\/www.tuyper-sa.com\/en\/wp-json\/wp\/v2\/pages\/8128\/revisions"}],"predecessor-version":[{"id":8131,"href":"http:\/\/www.tuyper-sa.com\/en\/wp-json\/wp\/v2\/pages\/8128\/revisions\/8131"}],"wp:attachment":[{"href":"http:\/\/www.tuyper-sa.com\/en\/wp-json\/wp\/v2\/media?parent=8128"}],"curies":[{"name":"wp","href":"https:\/\/api.w.org\/{rel}","templated":true}]}}