{"id":3957,"date":"2018-09-11T12:25:56","date_gmt":"2018-09-11T12:25:56","guid":{"rendered":"https:\/\/www.ekko-wp.com\/?page_id=3957"},"modified":"2018-09-11T12:25:56","modified_gmt":"2018-09-11T12:25:56","slug":"checkout","status":"publish","type":"page","link":"http:\/\/www.tuyper-sa.com\/es\/checkout\/","title":{"rendered":"Checkout"},"content":{"rendered":"<p>\t\t\t\t[woocommerce_checkout]\t\t<\/p>\n","protected":false},"excerpt":{"rendered":"<p>[woocommerce_checkout]<\/p>\n","protected":false},"author":1,"featured_media":0,"parent":0,"menu_order":0,"comment_status":"closed","ping_status":"closed","template":"","meta":{"footnotes":""},"class_list":["post-3957","page","type-page","status-publish","hentry"],"yoast_head":"<!-- This site is optimized with the Yoast SEO plugin v19.10 - https:\/\/yoast.com\/wordpress\/plugins\/seo\/ -->\n<title>Checkout - Tuyper<\/title>\n<meta name=\"description\" content=\"TUYPER. Calidad en aceros calibrados para estirado. Nuestras instalaciones, dotadas de un de alto nivel tecnol\u00f3gico, se han ido ampliando y renovando con el transcurso de los a\u00f1os y garantizan la m\u00e1xima calidad en nuestra fabricaci\u00f3n seg\u00fan las normas internacionales. .\" \/>\n<meta name=\"robots\" content=\"index, follow, max-snippet:-1, max-image-preview:large, max-video-preview:-1\" \/>\n<link rel=\"canonical\" href=\"http:\/\/www.tuyper-sa.com\/es\/checkout\/\" \/>\n<meta property=\"og:locale\" content=\"es_ES\" \/>\n<meta property=\"og:type\" content=\"article\" \/>\n<meta property=\"og:title\" content=\"Checkout - Tuyper\" \/>\n<meta property=\"og:description\" content=\"TUYPER. Calidad en aceros calibrados para estirado. Nuestras instalaciones, dotadas de un de alto nivel tecnol\u00f3gico, se han ido ampliando y renovando con el transcurso de los a\u00f1os y garantizan la m\u00e1xima calidad en nuestra fabricaci\u00f3n seg\u00fan las normas internacionales. .\" \/>\n<meta property=\"og:url\" content=\"http:\/\/www.tuyper-sa.com\/es\/checkout\/\" \/>\n<meta property=\"og:site_name\" content=\"Tuyper\" \/>\n<meta name=\"twitter:card\" content=\"summary_large_image\" \/>\n<script type=\"application\/ld+json\" class=\"yoast-schema-graph\">{\"@context\":\"https:\/\/schema.org\",\"@graph\":[{\"@type\":\"WebPage\",\"@id\":\"http:\/\/www.tuyper-sa.com\/es\/checkout\/\",\"url\":\"http:\/\/www.tuyper-sa.com\/es\/checkout\/\",\"name\":\"Checkout - Tuyper\",\"isPartOf\":{\"@id\":\"http:\/\/www.tuyper-sa.com\/es\/#website\"},\"datePublished\":\"2018-09-11T12:25:56+00:00\",\"dateModified\":\"2018-09-11T12:25:56+00:00\",\"description\":\"TUYPER. Calidad en aceros calibrados para estirado. Nuestras instalaciones, dotadas de un de alto nivel tecnol\u00f3gico, se han ido ampliando y renovando con el transcurso de los a\u00f1os y garantizan la m\u00e1xima calidad en nuestra fabricaci\u00f3n seg\u00fan las normas internacionales. .\",\"breadcrumb\":{\"@id\":\"http:\/\/www.tuyper-sa.com\/es\/checkout\/#breadcrumb\"},\"inLanguage\":\"es\",\"potentialAction\":[{\"@type\":\"ReadAction\",\"target\":[\"http:\/\/www.tuyper-sa.com\/es\/checkout\/\"]}]},{\"@type\":\"BreadcrumbList\",\"@id\":\"http:\/\/www.tuyper-sa.com\/es\/checkout\/#breadcrumb\",\"itemListElement\":[{\"@type\":\"ListItem\",\"position\":1,\"name\":\"Portada\",\"item\":\"http:\/\/www.tuyper-sa.com\/es\/\"},{\"@type\":\"ListItem\",\"position\":2,\"name\":\"Checkout\"}]},{\"@type\":\"WebSite\",\"@id\":\"http:\/\/www.tuyper-sa.com\/es\/#website\",\"url\":\"http:\/\/www.tuyper-sa.com\/es\/\",\"name\":\"Tuyper\",\"description\":\"Aceros Calibrados\",\"publisher\":{\"@id\":\"http:\/\/www.tuyper-sa.com\/es\/#organization\"},\"alternateName\":\"tuyper s.a.\",\"potentialAction\":[{\"@type\":\"SearchAction\",\"target\":{\"@type\":\"EntryPoint\",\"urlTemplate\":\"http:\/\/www.tuyper-sa.com\/es\/?s={search_term_string}\"},\"query-input\":\"required name=search_term_string\"}],\"inLanguage\":\"es\"},{\"@type\":\"Organization\",\"@id\":\"http:\/\/www.tuyper-sa.com\/es\/#organization\",\"name\":\"TUYPER - Calidad en aceros calibrados para estirados\",\"alternateName\":\"Tuyper\",\"url\":\"http:\/\/www.tuyper-sa.com\/es\/\",\"logo\":{\"@type\":\"ImageObject\",\"inLanguage\":\"es\",\"@id\":\"http:\/\/www.tuyper-sa.com\/es\/#\/schema\/logo\/image\/\",\"url\":\"http:\/\/www.tuyper-sa.com\/wp-content\/uploads\/2021\/01\/Logo_color.png\",\"contentUrl\":\"http:\/\/www.tuyper-sa.com\/wp-content\/uploads\/2021\/01\/Logo_color.png\",\"width\":328,\"height\":103,\"caption\":\"TUYPER - Calidad en aceros calibrados para estirados\"},\"image\":{\"@id\":\"http:\/\/www.tuyper-sa.com\/es\/#\/schema\/logo\/image\/\"}}]}<\/script>\n<!-- \/ Yoast SEO plugin. -->","yoast_head_json":{"title":"Checkout - Tuyper","description":"TUYPER. Calidad en aceros calibrados para estirado. Nuestras instalaciones, dotadas de un de alto nivel tecnol\u00f3gico, se han ido ampliando y renovando con el transcurso de los a\u00f1os y garantizan la m\u00e1xima calidad en nuestra fabricaci\u00f3n seg\u00fan las normas internacionales. .","robots":{"index":"index","follow":"follow","max-snippet":"max-snippet:-1","max-image-preview":"max-image-preview:large","max-video-preview":"max-video-preview:-1"},"canonical":"http:\/\/www.tuyper-sa.com\/es\/checkout\/","og_locale":"es_ES","og_type":"article","og_title":"Checkout - Tuyper","og_description":"TUYPER. Calidad en aceros calibrados para estirado. Nuestras instalaciones, dotadas de un de alto nivel tecnol\u00f3gico, se han ido ampliando y renovando con el transcurso de los a\u00f1os y garantizan la m\u00e1xima calidad en nuestra fabricaci\u00f3n seg\u00fan las normas internacionales. .","og_url":"http:\/\/www.tuyper-sa.com\/es\/checkout\/","og_site_name":"Tuyper","twitter_card":"summary_large_image","schema":{"@context":"https:\/\/schema.org","@graph":[{"@type":"WebPage","@id":"http:\/\/www.tuyper-sa.com\/es\/checkout\/","url":"http:\/\/www.tuyper-sa.com\/es\/checkout\/","name":"Checkout - Tuyper","isPartOf":{"@id":"http:\/\/www.tuyper-sa.com\/es\/#website"},"datePublished":"2018-09-11T12:25:56+00:00","dateModified":"2018-09-11T12:25:56+00:00","description":"TUYPER. Calidad en aceros calibrados para estirado. Nuestras instalaciones, dotadas de un de alto nivel tecnol\u00f3gico, se han ido ampliando y renovando con el transcurso de los a\u00f1os y garantizan la m\u00e1xima calidad en nuestra fabricaci\u00f3n seg\u00fan las normas internacionales. .","breadcrumb":{"@id":"http:\/\/www.tuyper-sa.com\/es\/checkout\/#breadcrumb"},"inLanguage":"es","potentialAction":[{"@type":"ReadAction","target":["http:\/\/www.tuyper-sa.com\/es\/checkout\/"]}]},{"@type":"BreadcrumbList","@id":"http:\/\/www.tuyper-sa.com\/es\/checkout\/#breadcrumb","itemListElement":[{"@type":"ListItem","position":1,"name":"Portada","item":"http:\/\/www.tuyper-sa.com\/es\/"},{"@type":"ListItem","position":2,"name":"Checkout"}]},{"@type":"WebSite","@id":"http:\/\/www.tuyper-sa.com\/es\/#website","url":"http:\/\/www.tuyper-sa.com\/es\/","name":"Tuyper","description":"Aceros Calibrados","publisher":{"@id":"http:\/\/www.tuyper-sa.com\/es\/#organization"},"alternateName":"tuyper s.a.","potentialAction":[{"@type":"SearchAction","target":{"@type":"EntryPoint","urlTemplate":"http:\/\/www.tuyper-sa.com\/es\/?s={search_term_string}"},"query-input":"required name=search_term_string"}],"inLanguage":"es"},{"@type":"Organization","@id":"http:\/\/www.tuyper-sa.com\/es\/#organization","name":"TUYPER - Calidad en aceros calibrados para estirados","alternateName":"Tuyper","url":"http:\/\/www.tuyper-sa.com\/es\/","logo":{"@type":"ImageObject","inLanguage":"es","@id":"http:\/\/www.tuyper-sa.com\/es\/#\/schema\/logo\/image\/","url":"http:\/\/www.tuyper-sa.com\/wp-content\/uploads\/2021\/01\/Logo_color.png","contentUrl":"http:\/\/www.tuyper-sa.com\/wp-content\/uploads\/2021\/01\/Logo_color.png","width":328,"height":103,"caption":"TUYPER - Calidad en aceros calibrados para estirados"},"image":{"@id":"http:\/\/www.tuyper-sa.com\/es\/#\/schema\/logo\/image\/"}}]}},"_links":{"self":[{"href":"http:\/\/www.tuyper-sa.com\/es\/wp-json\/wp\/v2\/pages\/3957","targetHints":{"allow":["GET"]}}],"collection":[{"href":"http:\/\/www.tuyper-sa.com\/es\/wp-json\/wp\/v2\/pages"}],"about":[{"href":"http:\/\/www.tuyper-sa.com\/es\/wp-json\/wp\/v2\/types\/page"}],"author":[{"embeddable":true,"href":"http:\/\/www.tuyper-sa.com\/es\/wp-json\/wp\/v2\/users\/1"}],"replies":[{"embeddable":true,"href":"http:\/\/www.tuyper-sa.com\/es\/wp-json\/wp\/v2\/comments?post=3957"}],"version-history":[{"count":0,"href":"http:\/\/www.tuyper-sa.com\/es\/wp-json\/wp\/v2\/pages\/3957\/revisions"}],"wp:attachment":[{"href":"http:\/\/www.tuyper-sa.com\/es\/wp-json\/wp\/v2\/media?parent=3957"}],"curies":[{"name":"wp","href":"https:\/\/api.w.org\/{rel}","templated":true}]}}