{"id":5728,"date":"2018-10-22T13:46:00","date_gmt":"2018-10-22T13:46:00","guid":{"rendered":"https:\/\/www.ekko-wp.com\/?page_id=5728"},"modified":"2018-10-22T13:46:00","modified_gmt":"2018-10-22T13:46:00","slug":"about-sidebar","status":"publish","type":"page","link":"http:\/\/www.tuyper-sa.com\/es\/pages\/about-sidebar\/","title":{"rendered":"About sidebar"},"content":{"rendered":"<p>\t\t\t\t[vc_row][vc_column width=&#8221;2\/3&#8243; css=&#8221;.vc_custom_1519733751676{padding-right: 25px !important;}&#8221; offset=&#8221;vc_col-lg-8 vc_col-md-12 vc_col-xs-12&#8243;]<header class=\"kd-section-title col-lg-8 vc_col-sm-8 text-left     vc_custom_1555683599438\" ><h2 class=\"separator_off\" >Award winning digital agency<\/h2><h6 class=\"subtitle \" >We are very proud of the service we provide<br \/>\nand stand by every product we carry.<\/h6><\/header>[vc_row_inner][vc_column_inner css=&#8221;.vc_custom_1516631527307{padding-left: 0px !important;}&#8221;]<div class=\"video-container play-button-center\" ><img decoding=\"async\" src=\"https:\/\/www.ekko-wp.com\/static\/wp-content\/uploads\/sites\/3\/2019\/03\/workspace20.jpg\"  \/><a data-toggle=\"modal\" data-target=\"#video-modal-kd-video-modal-69e16ecf67bbe\" data-src=\"\/\/www.youtube.com\/embed\/nrJtHemSPW4\" data-backdrop=\"true\" class=\"play-btn-primary-color\"><span class=\"play-video\"><span class=\"fas fa-play\"><\/span><\/span><\/a><\/div><div class=\"modal fade video-modal\" id=\"video-modal-kd-video-modal-69e16ecf67bbe\" role=\"dialog\">\r\n                            <div class=\"modal-content\">\r\n                            <button type=\"button\" class=\"close\" data-dismiss=\"modal\">\u00d7<\/button>\r\n                            <div class=\"row\"><iframe width=\"1024\" height=\"576\" webkitallowfullscreen mozallowfullscreen allowfullscreen><\/iframe><\/div>\r\n                            <\/div>\r\n                        <\/div>[\/vc_column_inner][\/vc_row_inner]<header class=\"kd-section-title col-lg-8 vc_col-sm-8 text-left     vc_custom_1555683590526\" ><h2 class=\"separator_off\" >Meet our talented team<\/h2><h6 class=\"subtitle \" >We understand the success secrets of the<br \/>\nworld's most successful business teams.<\/h6><\/header>[vc_row_inner css=&#8221;.vc_custom_1555683770908{padding-right: -30px !important;padding-left: -15px !important;}&#8221;][vc_column_inner width=&#8221;1\/2&#8243; css=&#8221;.vc_custom_1555683681107{margin-right: -15px !important;margin-left: -15px !important;padding-right: 0px !important;padding-left: 0px !important;}&#8221;]<div class=\"team-member design-classic kd-animated fadeInUp\" >\r\n                    <div class=\"team-content\">\r\n                        <div class=\"team-image-overlay\"><\/div>\r\n                        <div class=\"team-image\"><img decoding=\"async\" src=\"https:\/\/www.ekko-wp.com\/static\/wp-content\/uploads\/sites\/3\/2018\/10\/team1-1.jpg\"  \/><\/div>\r\n                        <div class=\"team-content-text\" >\r\n                        <div class=\"team-content-text-inner\">\r\n                        <h5 >Sara Grant<\/h5>\r\n                        <span class=\"team-subtitle\" >Chief Executive<\/span>\r\n                        <p >Lorem ipsum dolor sit amet, consectetur adipisicing elit, sed do eiusmod tempor.<\/p><div class=\"kd-team-contact\"><div class=\"kd-team-phone\"><a href=\"tel:+40 286 53 44\"><span class=\"fa fa-phone-alt\"><\/span>+40 286 53 44<\/a><\/div><div class=\"kd-team-email\"><a href=\"mailto:a.miller@ekko.com\"><span class=\"fa fa-envelope\"><\/span>a.miller@ekko.com<\/a><\/div><\/div><\/div><div class=\"team-socials\"><a href=\"#\" target=\"_blank\"><span class=\"fab fa-facebook-f\" ><\/span><\/a><a href=\"#\" target=\"_blank\"><span class=\"fab fa-twitter\" ><\/span><\/a><a href=\"#\" target=\"_blank\"><span class=\"fab fa-linkedin-in\" ><\/span><\/a><\/div><\/div>\r\n                    <\/div>\r\n                <\/div>[\/vc_column_inner][vc_column_inner width=&#8221;1\/2&#8243; css=&#8221;.vc_custom_1555683676548{margin-right: -15px !important;margin-left: -15px !important;padding-right: 0px !important;padding-left: 0px !important;}&#8221;]<div class=\"team-member design-classic kd-animated fadeInUp\" data-animation-delay=200>\r\n                    <div class=\"team-content\">\r\n                        <div class=\"team-image-overlay\"><\/div>\r\n                        <div class=\"team-image\"><img decoding=\"async\" src=\"https:\/\/www.ekko-wp.com\/static\/wp-content\/uploads\/sites\/3\/2018\/10\/team2.jpg\"  \/><\/div>\r\n                        <div class=\"team-content-text\" >\r\n                        <div class=\"team-content-text-inner\">\r\n                        <h5 >Luke Jacobs<\/h5>\r\n                        <span class=\"team-subtitle\" >Marketing Manager<\/span>\r\n                        <p >Lorem ipsum dolor sit amet, consectetur adipisicing elit, sed do eiusmod tempor.<\/p><div class=\"kd-team-contact\"><div class=\"kd-team-phone\"><a href=\"tel:+40 286 53 44\"><span class=\"fa fa-phone-alt\"><\/span>+40 286 53 44<\/a><\/div><div class=\"kd-team-email\"><a href=\"mailto:a.miller@ekko.com\"><span class=\"fa fa-envelope\"><\/span>a.miller@ekko.com<\/a><\/div><\/div><\/div><div class=\"team-socials\"><a href=\"#\" target=\"_blank\"><span class=\"fab fa-facebook-f\" ><\/span><\/a><a href=\"#\" target=\"_blank\"><span class=\"fab fa-twitter\" ><\/span><\/a><a href=\"#\" target=\"_blank\"><span class=\"fab fa-linkedin-in\" ><\/span><\/a><\/div><\/div>\r\n                    <\/div>\r\n                <\/div>[\/vc_column_inner][\/vc_row_inner]<header class=\"kd-section-title col-lg-8 vc_col-sm-8 text-left     vc_custom_1555683820325\" ><h2 class=\"separator_off\" >Success stories<\/h2><h6 class=\"subtitle \" >We are very proud of the service we provide<br \/>\nand stand by every product we carry.<\/h6><\/header>[vc_row_inner][vc_column_inner width=&#8221;1\/2&#8243; css=&#8221;.vc_custom_1516631918699{margin-left: -15px !important;padding-right: 0px !important;padding-left: 0px !important;}&#8221;]\r\n                <div class=\"key-reviews single-review-box kd-animated fadeInUp \"  ><div class=\"rw-author-details\"><div class=\"rw_img_wrapper\">\r\n                            <div class=\"rw-authorimg\"><img decoding=\"async\" src=\"https:\/\/www.ekko-wp.com\/static\/wp-content\/uploads\/sites\/3\/2018\/10\/testimonial4.jpg\"  \/><\/div>\r\n                        <\/div><h5 >Phillip Hunt<\/h5>\r\n                      <p >Detroit, Michigan<\/p>\r\n                    <\/div><div class=\"rw_message\" >Lorem ipsum dolor sit amet, consectetur adipisicing elit, sed do eiusmod tempor incididunt ut labore et dolore magna aliqua.<\/div><div class=\"rw_rating\">\r\n                         <span class=\"fa fa-star\" style=\"color: #ffc662;\"><\/span><span class=\"fa fa-star\" style=\"color: #ffc662;\"><\/span><span class=\"fa fa-star\" style=\"color: #ffc662;\"><\/span><span class=\"fa fa-star\" style=\"color: #ffc662;\"><\/span><span class=\"fa fa-star\" style=\"color: #ffc662;\"><\/span>\r\n                      <\/div><\/div>[\/vc_column_inner][vc_column_inner width=&#8221;1\/2&#8243; css=&#8221;.vc_custom_1555683898892{margin-right: -15px !important;margin-left: -15px !important;padding-right: 0px !important;padding-left: 0px !important;}&#8221;]\r\n                <div class=\"key-reviews single-review-box kd-animated fadeInUp \"  data-animation-delay=200><div class=\"rw-author-details\"><div class=\"rw_img_wrapper\">\r\n                            <div class=\"rw-authorimg\"><img decoding=\"async\" src=\"https:\/\/www.ekko-wp.com\/static\/wp-content\/uploads\/sites\/3\/2018\/10\/testimonial5.jpg\"  \/><\/div>\r\n                        <\/div><h5 >Amber Page<\/h5>\r\n                      <p >Portland, Oregon<\/p>\r\n                    <\/div><div class=\"rw_message\" >Lorem ipsum dolor sit amet, consectetur adipisicing elit, sed do eiusmod tempor incididunt ut labore et dolore magna aliqua.<\/div><div class=\"rw_rating\">\r\n                         <span class=\"fa fa-star\" style=\"color: #ffc662;\"><\/span><span class=\"fa fa-star\" style=\"color: #ffc662;\"><\/span><span class=\"fa fa-star\" style=\"color: #ffc662;\"><\/span><span class=\"fa fa-star\" style=\"color: #ffc662;\"><\/span><span class=\"fa fa-star\" style=\"color: #ffc662;\"><\/span>\r\n                      <\/div><\/div>[\/vc_column_inner][\/vc_row_inner][vc_row_inner][vc_column_inner width=&#8221;1\/2&#8243; css=&#8221;.vc_custom_1516631918699{margin-left: -15px !important;padding-right: 0px !important;padding-left: 0px !important;}&#8221;]\r\n                <div class=\"key-reviews single-review-box kd-animated fadeInUp \"  ><div class=\"rw-author-details\"><div class=\"rw_img_wrapper\">\r\n                            <div class=\"rw-authorimg\"><img decoding=\"async\" src=\"https:\/\/www.ekko-wp.com\/static\/wp-content\/uploads\/sites\/3\/2018\/10\/testimonial1.jpg\"  \/><\/div>\r\n                        <\/div><h5 >Sara Grant<\/h5>\r\n                      <p >Los Angeles, California<\/p>\r\n                    <\/div><div class=\"rw_message\" >Lorem ipsum dolor sit amet, consectetur adipisicing elit, sed do eiusmod tempor incididunt ut labore et dolore magna aliqua.<\/div><div class=\"rw_rating\">\r\n                         <span class=\"fa fa-star\" style=\"color: #ffc662;\"><\/span><span class=\"fa fa-star\" style=\"color: #ffc662;\"><\/span><span class=\"fa fa-star\" style=\"color: #ffc662;\"><\/span><span class=\"fa fa-star\" style=\"color: #ffc662;\"><\/span><span class=\"fa fa-star\" style=\"color: #ffc662;\"><\/span>\r\n                      <\/div><\/div>[\/vc_column_inner][vc_column_inner width=&#8221;1\/2&#8243; css=&#8221;.vc_custom_1555683898892{margin-right: -15px !important;margin-left: -15px !important;padding-right: 0px !important;padding-left: 0px !important;}&#8221;]\r\n                <div class=\"key-reviews single-review-box kd-animated fadeInUp \"  data-animation-delay=200><div class=\"rw-author-details\"><div class=\"rw_img_wrapper\">\r\n                            <div class=\"rw-authorimg\"><img decoding=\"async\" src=\"https:\/\/www.ekko-wp.com\/static\/wp-content\/uploads\/sites\/3\/2018\/10\/testimonial2.jpg\"  \/><\/div>\r\n                        <\/div><h5 >Luke Jacobs<\/h5>\r\n                      <p >San Antonio, Texas<\/p>\r\n                    <\/div><div class=\"rw_message\" >Lorem ipsum dolor sit amet, consectetur adipisicing elit, sed do eiusmod tempor incididunt ut labore et dolore magna aliqua.<\/div><div class=\"rw_rating\">\r\n                         <span class=\"fa fa-star\" style=\"color: #ffc662;\"><\/span><span class=\"fa fa-star\" style=\"color: #ffc662;\"><\/span><span class=\"fa fa-star\" style=\"color: #ffc662;\"><\/span><span class=\"fa fa-star\" style=\"color: #ffc662;\"><\/span><span class=\"fa fa-star\" style=\"color: #ffc662;\"><\/span>\r\n                      <\/div><\/div>[\/vc_column_inner][\/vc_row_inner][\/vc_column][vc_column width=&#8221;1\/3&#8243; offset=&#8221;vc_col-lg-4 vc_col-md-12 vc_col-xs-12&#8243;][vc_widget_sidebar sidebar_id=&#8221;page-sidebar&#8221;][\/vc_column][\/vc_row]\t\t\t\t<\/p>\n","protected":false},"excerpt":{"rendered":"<p>[vc_row][vc_column width=&#8221;2\/3&#8243; css=&#8221;.vc_custom_1519733751676{padding-right: 25px !important;}&#8221; offset=&#8221;vc_col-lg-8 vc_col-md-12 vc_col-xs-12&#8243;][vc_row_inner][vc_column_inner css=&#8221;.vc_custom_1516631527307{padding-left: 0px !important;}&#8221;][\/vc_column_inner][\/vc_row_inner][vc_row_inner css=&#8221;.vc_custom_1555683770908{padding-right: -30px !important;padding-left: -15px !important;}&#8221;][vc_column_inner width=&#8221;1\/2&#8243; css=&#8221;.vc_custom_1555683681107{margin-right: -15px !important;margin-left: [&hellip;]<\/p>\n","protected":false},"author":1,"featured_media":7317,"parent":5718,"menu_order":0,"comment_status":"closed","ping_status":"closed","template":"","meta":{"footnotes":""},"class_list":["post-5728","page","type-page","status-publish","has-post-thumbnail","hentry"],"yoast_head":"<!-- This site is optimized with the Yoast SEO plugin v19.10 - https:\/\/yoast.com\/wordpress\/plugins\/seo\/ -->\n<title>About sidebar - Tuyper<\/title>\n<meta name=\"description\" content=\"TUYPER. Calidad en aceros calibrados para estirado. Nuestras instalaciones, dotadas de un de alto nivel tecnol\u00f3gico, se han ido ampliando y renovando con el transcurso de los a\u00f1os y garantizan la m\u00e1xima calidad en nuestra fabricaci\u00f3n seg\u00fan las normas internacionales. .\" \/>\n<meta name=\"robots\" content=\"index, follow, max-snippet:-1, max-image-preview:large, max-video-preview:-1\" \/>\n<link rel=\"canonical\" href=\"http:\/\/www.tuyper-sa.com\/es\/pages\/about-sidebar\/\" \/>\n<meta property=\"og:locale\" content=\"es_ES\" \/>\n<meta property=\"og:type\" content=\"article\" \/>\n<meta property=\"og:title\" content=\"About sidebar - Tuyper\" \/>\n<meta property=\"og:description\" content=\"TUYPER. Calidad en aceros calibrados para estirado. Nuestras instalaciones, dotadas de un de alto nivel tecnol\u00f3gico, se han ido ampliando y renovando con el transcurso de los a\u00f1os y garantizan la m\u00e1xima calidad en nuestra fabricaci\u00f3n seg\u00fan las normas internacionales. .\" \/>\n<meta property=\"og:url\" content=\"http:\/\/www.tuyper-sa.com\/es\/pages\/about-sidebar\/\" \/>\n<meta property=\"og:site_name\" content=\"Tuyper\" \/>\n<meta name=\"twitter:card\" content=\"summary_large_image\" \/>\n<meta name=\"twitter:image\" content=\"http:\/\/www.tuyper-sa.com\/wp-content\/uploads\/2019\/04\/shop-intro.jpg\" \/>\n<meta name=\"twitter:label1\" content=\"Tiempo de lectura\" \/>\n\t<meta name=\"twitter:data1\" content=\"4 minutos\" \/>\n<script type=\"application\/ld+json\" class=\"yoast-schema-graph\">{\"@context\":\"https:\/\/schema.org\",\"@graph\":[{\"@type\":\"WebPage\",\"@id\":\"http:\/\/www.tuyper-sa.com\/es\/pages\/about-sidebar\/\",\"url\":\"http:\/\/www.tuyper-sa.com\/es\/pages\/about-sidebar\/\",\"name\":\"About sidebar - Tuyper\",\"isPartOf\":{\"@id\":\"http:\/\/www.tuyper-sa.com\/es\/#website\"},\"datePublished\":\"2018-10-22T13:46:00+00:00\",\"dateModified\":\"2018-10-22T13:46:00+00:00\",\"description\":\"TUYPER. Calidad en aceros calibrados para estirado. Nuestras instalaciones, dotadas de un de alto nivel tecnol\u00f3gico, se han ido ampliando y renovando con el transcurso de los a\u00f1os y garantizan la m\u00e1xima calidad en nuestra fabricaci\u00f3n seg\u00fan las normas internacionales. .\",\"breadcrumb\":{\"@id\":\"http:\/\/www.tuyper-sa.com\/es\/pages\/about-sidebar\/#breadcrumb\"},\"inLanguage\":\"es\",\"potentialAction\":[{\"@type\":\"ReadAction\",\"target\":[\"http:\/\/www.tuyper-sa.com\/es\/pages\/about-sidebar\/\"]}]},{\"@type\":\"BreadcrumbList\",\"@id\":\"http:\/\/www.tuyper-sa.com\/es\/pages\/about-sidebar\/#breadcrumb\",\"itemListElement\":[{\"@type\":\"ListItem\",\"position\":1,\"name\":\"Portada\",\"item\":\"http:\/\/www.tuyper-sa.com\/es\/\"},{\"@type\":\"ListItem\",\"position\":2,\"name\":\"Pages\",\"item\":\"http:\/\/www.tuyper-sa.com\/es\/pages\/\"},{\"@type\":\"ListItem\",\"position\":3,\"name\":\"About sidebar\"}]},{\"@type\":\"WebSite\",\"@id\":\"http:\/\/www.tuyper-sa.com\/es\/#website\",\"url\":\"http:\/\/www.tuyper-sa.com\/es\/\",\"name\":\"Tuyper\",\"description\":\"Aceros Calibrados\",\"publisher\":{\"@id\":\"http:\/\/www.tuyper-sa.com\/es\/#organization\"},\"alternateName\":\"tuyper s.a.\",\"potentialAction\":[{\"@type\":\"SearchAction\",\"target\":{\"@type\":\"EntryPoint\",\"urlTemplate\":\"http:\/\/www.tuyper-sa.com\/es\/?s={search_term_string}\"},\"query-input\":\"required name=search_term_string\"}],\"inLanguage\":\"es\"},{\"@type\":\"Organization\",\"@id\":\"http:\/\/www.tuyper-sa.com\/es\/#organization\",\"name\":\"TUYPER - Calidad en aceros calibrados para estirados\",\"alternateName\":\"Tuyper\",\"url\":\"http:\/\/www.tuyper-sa.com\/es\/\",\"logo\":{\"@type\":\"ImageObject\",\"inLanguage\":\"es\",\"@id\":\"http:\/\/www.tuyper-sa.com\/es\/#\/schema\/logo\/image\/\",\"url\":\"http:\/\/www.tuyper-sa.com\/wp-content\/uploads\/2021\/01\/Logo_color.png\",\"contentUrl\":\"http:\/\/www.tuyper-sa.com\/wp-content\/uploads\/2021\/01\/Logo_color.png\",\"width\":328,\"height\":103,\"caption\":\"TUYPER - Calidad en aceros calibrados para estirados\"},\"image\":{\"@id\":\"http:\/\/www.tuyper-sa.com\/es\/#\/schema\/logo\/image\/\"}}]}<\/script>\n<!-- \/ Yoast SEO plugin. -->","yoast_head_json":{"title":"About sidebar - Tuyper","description":"TUYPER. Calidad en aceros calibrados para estirado. Nuestras instalaciones, dotadas de un de alto nivel tecnol\u00f3gico, se han ido ampliando y renovando con el transcurso de los a\u00f1os y garantizan la m\u00e1xima calidad en nuestra fabricaci\u00f3n seg\u00fan las normas internacionales. .","robots":{"index":"index","follow":"follow","max-snippet":"max-snippet:-1","max-image-preview":"max-image-preview:large","max-video-preview":"max-video-preview:-1"},"canonical":"http:\/\/www.tuyper-sa.com\/es\/pages\/about-sidebar\/","og_locale":"es_ES","og_type":"article","og_title":"About sidebar - Tuyper","og_description":"TUYPER. Calidad en aceros calibrados para estirado. Nuestras instalaciones, dotadas de un de alto nivel tecnol\u00f3gico, se han ido ampliando y renovando con el transcurso de los a\u00f1os y garantizan la m\u00e1xima calidad en nuestra fabricaci\u00f3n seg\u00fan las normas internacionales. .","og_url":"http:\/\/www.tuyper-sa.com\/es\/pages\/about-sidebar\/","og_site_name":"Tuyper","twitter_card":"summary_large_image","twitter_image":"http:\/\/www.tuyper-sa.com\/wp-content\/uploads\/2019\/04\/shop-intro.jpg","twitter_misc":{"Tiempo de lectura":"4 minutos"},"schema":{"@context":"https:\/\/schema.org","@graph":[{"@type":"WebPage","@id":"http:\/\/www.tuyper-sa.com\/es\/pages\/about-sidebar\/","url":"http:\/\/www.tuyper-sa.com\/es\/pages\/about-sidebar\/","name":"About sidebar - Tuyper","isPartOf":{"@id":"http:\/\/www.tuyper-sa.com\/es\/#website"},"datePublished":"2018-10-22T13:46:00+00:00","dateModified":"2018-10-22T13:46:00+00:00","description":"TUYPER. Calidad en aceros calibrados para estirado. Nuestras instalaciones, dotadas de un de alto nivel tecnol\u00f3gico, se han ido ampliando y renovando con el transcurso de los a\u00f1os y garantizan la m\u00e1xima calidad en nuestra fabricaci\u00f3n seg\u00fan las normas internacionales. .","breadcrumb":{"@id":"http:\/\/www.tuyper-sa.com\/es\/pages\/about-sidebar\/#breadcrumb"},"inLanguage":"es","potentialAction":[{"@type":"ReadAction","target":["http:\/\/www.tuyper-sa.com\/es\/pages\/about-sidebar\/"]}]},{"@type":"BreadcrumbList","@id":"http:\/\/www.tuyper-sa.com\/es\/pages\/about-sidebar\/#breadcrumb","itemListElement":[{"@type":"ListItem","position":1,"name":"Portada","item":"http:\/\/www.tuyper-sa.com\/es\/"},{"@type":"ListItem","position":2,"name":"Pages","item":"http:\/\/www.tuyper-sa.com\/es\/pages\/"},{"@type":"ListItem","position":3,"name":"About sidebar"}]},{"@type":"WebSite","@id":"http:\/\/www.tuyper-sa.com\/es\/#website","url":"http:\/\/www.tuyper-sa.com\/es\/","name":"Tuyper","description":"Aceros Calibrados","publisher":{"@id":"http:\/\/www.tuyper-sa.com\/es\/#organization"},"alternateName":"tuyper s.a.","potentialAction":[{"@type":"SearchAction","target":{"@type":"EntryPoint","urlTemplate":"http:\/\/www.tuyper-sa.com\/es\/?s={search_term_string}"},"query-input":"required name=search_term_string"}],"inLanguage":"es"},{"@type":"Organization","@id":"http:\/\/www.tuyper-sa.com\/es\/#organization","name":"TUYPER - Calidad en aceros calibrados para estirados","alternateName":"Tuyper","url":"http:\/\/www.tuyper-sa.com\/es\/","logo":{"@type":"ImageObject","inLanguage":"es","@id":"http:\/\/www.tuyper-sa.com\/es\/#\/schema\/logo\/image\/","url":"http:\/\/www.tuyper-sa.com\/wp-content\/uploads\/2021\/01\/Logo_color.png","contentUrl":"http:\/\/www.tuyper-sa.com\/wp-content\/uploads\/2021\/01\/Logo_color.png","width":328,"height":103,"caption":"TUYPER - Calidad en aceros calibrados para estirados"},"image":{"@id":"http:\/\/www.tuyper-sa.com\/es\/#\/schema\/logo\/image\/"}}]}},"_links":{"self":[{"href":"http:\/\/www.tuyper-sa.com\/es\/wp-json\/wp\/v2\/pages\/5728","targetHints":{"allow":["GET"]}}],"collection":[{"href":"http:\/\/www.tuyper-sa.com\/es\/wp-json\/wp\/v2\/pages"}],"about":[{"href":"http:\/\/www.tuyper-sa.com\/es\/wp-json\/wp\/v2\/types\/page"}],"author":[{"embeddable":true,"href":"http:\/\/www.tuyper-sa.com\/es\/wp-json\/wp\/v2\/users\/1"}],"replies":[{"embeddable":true,"href":"http:\/\/www.tuyper-sa.com\/es\/wp-json\/wp\/v2\/comments?post=5728"}],"version-history":[{"count":0,"href":"http:\/\/www.tuyper-sa.com\/es\/wp-json\/wp\/v2\/pages\/5728\/revisions"}],"up":[{"embeddable":true,"href":"http:\/\/www.tuyper-sa.com\/es\/wp-json\/wp\/v2\/pages\/5718"}],"wp:featuredmedia":[{"embeddable":true,"href":"http:\/\/www.tuyper-sa.com\/es\/wp-json\/wp\/v2\/media\/7317"}],"wp:attachment":[{"href":"http:\/\/www.tuyper-sa.com\/es\/wp-json\/wp\/v2\/media?parent=5728"}],"curies":[{"name":"wp","href":"https:\/\/api.w.org\/{rel}","templated":true}]}}