{"id":5732,"date":"2018-10-22T13:46:26","date_gmt":"2018-10-22T13:46:26","guid":{"rendered":"https:\/\/www.ekko-wp.com\/?page_id=5732"},"modified":"2018-10-22T13:46:26","modified_gmt":"2018-10-22T13:46:26","slug":"services-simple","status":"publish","type":"page","link":"http:\/\/www.tuyper-sa.com\/es\/pages\/services-simple\/","title":{"rendered":"Services simple"},"content":{"rendered":"<p>\t\t\t\t[vc_row full_width=&#8221;stretch_row&#8221; parallax=&#8221;content-moving&#8221; css=&#8221;.vc_custom_1555675311752{margin-top: -75px !important;padding-top: 50px !important;padding-bottom: 85px !important;}&#8221;][vc_column css=&#8221;.vc_custom_1516106070544{padding-right: 0px !important;padding-left: 0px !important;}&#8221;][vc_row_inner][vc_column_inner css=&#8221;.vc_custom_1516106746836{padding-right: 0px !important;}&#8221;]\r\n            <div class=\"sliding_box_parent row kd-slidingbox-69f456ef6296f \"><div class=\"sliding_box_child\" >\r\n                <div class=\"sb-image\"><img decoding=\"async\" src=\"https:\/\/www.ekko-wp.com\/static\/wp-content\/uploads\/sites\/3\/2018\/10\/square3.jpg\"  \/><\/div>\r\n                <div class=\"sb_content_wrapper\" ><h3 >Digital Solutions<\/h3><p >Dolores sit ipsum velit purus aliquet, massa fringilla leo orci. Lorem ipsum dolor sit amet elit<\/p><div class=\"sb-btncontainer\"><a href=\"#\"  target=\"_self\"  title=\"\" class=\"tt_button tt_primary_button \">Read More<\/a><\/div><\/div>\r\n            <\/div><div class=\"sliding_box_child active-elem\" >\r\n                <div class=\"sb-image\"><img decoding=\"async\" src=\"https:\/\/www.ekko-wp.com\/static\/wp-content\/uploads\/sites\/3\/2018\/10\/square4.jpg\"  \/><\/div>\r\n                <div class=\"sb_content_wrapper\" ><h3 >Work Automation<\/h3><p >Dolores sit ipsum velit purus aliquet, massa fringilla leo orci. Lorem ipsum dolor sit amet elit<\/p><div class=\"sb-btncontainer\"><a href=\"#\"  target=\"_self\"  title=\"\" class=\"tt_button tt_primary_button \">Read More<\/a><\/div><\/div>\r\n            <\/div><div class=\"sliding_box_child\" >\r\n                <div class=\"sb-image\"><img decoding=\"async\" src=\"https:\/\/www.ekko-wp.com\/static\/wp-content\/uploads\/sites\/3\/2018\/10\/square2.jpg\"  \/><\/div>\r\n                <div class=\"sb_content_wrapper\" ><h3 >Testing &amp; Support<\/h3><p >Dolores sit ipsum velit purus aliquet, massa fringilla leo orci. Lorem ipsum dolor sit amet elit<\/p><div class=\"sb-btncontainer\"><a href=\"#\"  target=\"_self\"  title=\"\" class=\"tt_button tt_primary_button \">Read More<\/a><\/div><\/div>\r\n            <\/div><\/div><script type=\"text\/javascript\">\r\n              jQuery(document).ready(function($){\r\n                if ($(\".sliding_box_parent.kd-slidingbox-69f456ef6296f\").length) {\r\n                  $(\".kd-slidingbox-69f456ef6296f .sliding_box_child\").on(\"mouseenter\", function() {\r\n                    $(\".kd-slidingbox-69f456ef6296f .sliding_box_child\").removeClass(\"active-elem\");\r\n                    $(this).addClass(\"active-elem\");\r\n                  });\r\n                }\r\n              });\r\n            <\/script>[\/vc_column_inner][\/vc_row_inner][vc_row_inner css=&#8221;.vc_custom_1539614577908{padding-top: 60px !important;}&#8221;][vc_column_inner width=&#8221;1\/6&#8243;]<div class=\"key-icon-box icon-default icon-top cont-center ib-no-effect  kd-animated fadeInUp\" style=\"background-color: transparent;\" data-animation-delay=200><i class=\"iconsmind-Chemical-2\" style=\" \"><\/i> <h6 class=\"service-heading\" >Build anything<\/h6><\/div>[\/vc_column_inner][vc_column_inner width=&#8221;1\/6&#8243;]<div class=\"key-icon-box icon-default icon-top cont-center ib-no-effect  kd-animated fadeInUp\" style=\"background-color: transparent;\" data-animation-delay=200><i class=\"iconsmind-Leo-2\" style=\" \"><\/i> <h6 class=\"service-heading\" >Fast loading<\/h6><\/div>[\/vc_column_inner][vc_column_inner width=&#8221;1\/6&#8243;]<div class=\"key-icon-box icon-default icon-top cont-center ib-no-effect  kd-animated fadeInUp\" style=\"background-color: transparent;\" data-animation-delay=200><i class=\"iconsmind-Crown\" style=\" \"><\/i> <h6 class=\"service-heading\" >Premium design<\/h6><\/div>[\/vc_column_inner][vc_column_inner width=&#8221;1\/6&#8243;]<div class=\"key-icon-box icon-default icon-top cont-center ib-no-effect  kd-animated fadeInUp\" style=\"background-color: transparent;\" data-animation-delay=200><i class=\"iconsmind-Duplicate-Window\" style=\" \"><\/i> <h6 class=\"service-heading\" >Block builder<\/h6><\/div>[\/vc_column_inner][vc_column_inner width=&#8221;1\/6&#8243;]<div class=\"key-icon-box icon-default icon-top cont-center ib-no-effect  kd-animated fadeInUp\" style=\"background-color: transparent;\" data-animation-delay=200><i class=\"iconsmind-Timer-2\" style=\" \"><\/i> <h6 class=\"service-heading\" >Enhanced speed<\/h6><\/div>[\/vc_column_inner][vc_column_inner width=&#8221;1\/6&#8243;]<div class=\"key-icon-box icon-default icon-top cont-center ib-no-effect  kd-animated fadeInUp\" style=\"background-color: transparent;\" data-animation-delay=200><i class=\"iconsmind-Life-Safer\" style=\" \"><\/i> <h6 class=\"service-heading\" >Lifetime updates<\/h6><\/div>[\/vc_column_inner][\/vc_row_inner][\/vc_column][\/vc_row][vc_row full_width=&#8221;stretch_row&#8221; css=&#8221;.vc_custom_1536143458963{padding-top: 100px !important;padding-bottom: 100px !important;background-color: #f3f3f3 !important;}&#8221;][vc_column]<div class=\"features-tabs kd-tabswrapper-2092669f456ef62eec tabs-image-right tab-img-contained\" >\r\n\t\t\t\t<div id=\"kd-extab-4864569f456ef62fcd\">\r\n\t\t\t\t<div class=\"tab-image-container\"><img decoding=\"async\" class=\"ext-tab-img\" src=\"https:\/\/www.ekko-wp.com\/static\/wp-content\/uploads\/sites\/3\/2018\/10\/tab3.jpg\"  \/><\/div>\r\n\t\t\t\t<div class=\"tab-text-container\">\r\n\t\t\t\t\t<h2 class=\"tab-title\">Development<\/h2><p class=\"tab-content\">Aliquam malesuada bibendum arcu vitae elementum curabitur vitae ven. Pellentesque pulvinar elementum habitant morbi tristique.<\/p>\n<ul>\n<li>Give your website a name<\/li>\n<li>Add your unique content<\/li>\n<li>Add your stunning images<\/li>\n<\/ul>\n<p><\/p><\/div>\r\n\t\t\t\t<\/div>\r\n\t\t\t\t<li class=\"tab-control-item\">\r\n\t\t\t\t\t<a href=\"#kd-extab-4864569f456ef62fcd\"><i class=\"iconsmind-Gear\"><\/i>  Development<\/a>\r\n\t\t\t\t<\/li><div id=\"kd-extab-2108469f456ef6302b\">\r\n\t\t\t\t<div class=\"tab-image-container\"><img decoding=\"async\" class=\"ext-tab-img\" src=\"https:\/\/www.ekko-wp.com\/static\/wp-content\/uploads\/sites\/3\/2018\/10\/tab1.jpg\"  \/><\/div>\r\n\t\t\t\t<div class=\"tab-text-container\">\r\n\t\t\t\t\t<h2 class=\"tab-title\">Performance<\/h2><p class=\"tab-content\">Integer feugiat scelerisque varius morbi enim nunc faucibus. Egestas erat imperdiet sed euismod nisi elementum eu facilisis.<\/p>\n<ul>\n<li>Give your website a name<\/li>\n<li>Add your unique content<\/li>\n<li>Add your stunning images<\/li>\n<\/ul>\n<p><\/p><\/div>\r\n\t\t\t\t<\/div>\r\n\t\t\t\t<li class=\"tab-control-item\">\r\n\t\t\t\t\t<a href=\"#kd-extab-2108469f456ef6302b\"><i class=\"iconsmind-Stopwatch\"><\/i>  Performance<\/a>\r\n\t\t\t\t<\/li><div id=\"kd-extab-8015669f456ef63083\">\r\n\t\t\t\t<div class=\"tab-image-container\"><img decoding=\"async\" class=\"ext-tab-img\" src=\"https:\/\/www.ekko-wp.com\/static\/wp-content\/uploads\/sites\/3\/2018\/10\/tab2.jpg\"  \/><\/div>\r\n\t\t\t\t<div class=\"tab-text-container\">\r\n\t\t\t\t\t<h2 class=\"tab-title\">Analytics<\/h2><p class=\"tab-content\">Arcu felis bibendum ut tristique et egestas quis bibendum ut tristique et egestas quis ipsum suspendisse. Eget egestas purus.<\/p>\n<ul>\n<li>Give your website a name<\/li>\n<li>Add your unique content<\/li>\n<li>Add your stunning images<\/li>\n<\/ul>\n<p><\/p><\/div>\r\n\t\t\t\t<\/div>\r\n\t\t\t\t<li class=\"tab-control-item\">\r\n\t\t\t\t\t<a href=\"#kd-extab-8015669f456ef63083\"><i class=\"iconsmind-Pie-Chart3\"><\/i>  Analytics<\/a>\r\n\t\t\t\t<\/li>\r\n\t\t\t\t<ul class=\"tab-controls\"><\/ul>\r\n\t\t\t<\/div>[\/vc_column][\/vc_row][vc_row full_width=&#8221;stretch_row&#8221;][vc_column css=&#8221;.vc_custom_1516008460883{padding-right: 0px !important;padding-left: 0px !important;}&#8221;][vc_row_inner css=&#8221;.vc_custom_1541423133254{margin-bottom: 60px !important;padding-top: 100px !important;}&#8221;][vc_column_inner width=&#8221;1\/3&#8243; css=&#8221;.vc_custom_1540559965344{padding-right: 50px !important;}&#8221;]<div class=\"key-icon-box icon-default icon-top cont-left ib-no-effect  kd-animated fadeInUp\" style=\"background-color: transparent;\" ><i class=\"iconsmind-Chemical-2\" style=\" \"><\/i> <h5 class=\"service-heading\" >Build anything<\/h5><p >Lorem ipsum dolor sit amet, consectetur adipisicing elit. Corporis vel, ipsam repellendus, perferendis quos dolore! Incidunt vel doloremque, velit itaque?<\/p><\/div>[\/vc_column_inner][vc_column_inner width=&#8221;1\/3&#8243; css=&#8221;.vc_custom_1540560004400{padding-right: 50px !important;}&#8221;]<div class=\"key-icon-box icon-default icon-top cont-left ib-no-effect  kd-animated fadeInUp\" style=\"background-color: transparent;\" data-animation-delay=200><i class=\"iconsmind-Light-Bulb\" style=\" \"><\/i> <h5 class=\"service-heading\" >Unlock your creativity<\/h5><p >Lorem ipsum dolor sit amet, consectetur adipisicing elit. Corporis vel, ipsam repellendus, perferendis quos dolore! Incidunt vel doloremque, velit itaque?<\/p><\/div>[\/vc_column_inner][vc_column_inner width=&#8221;1\/3&#8243; css=&#8221;.vc_custom_1540560014080{padding-right: 50px !important;}&#8221;]<div class=\"key-icon-box icon-default icon-top cont-left ib-no-effect  kd-animated fadeInUp\" style=\"background-color: transparent;\" data-animation-delay=400><i class=\"iconsmind-Aa\" style=\" \"><\/i> <h5 class=\"service-heading\" >High-quality fonts<\/h5><p >Lorem ipsum dolor sit amet, consectetur adipisicing elit. Corporis vel, ipsam repellendus, perferendis quos dolore! Incidunt vel doloremque, velit itaque?<\/p><\/div>[\/vc_column_inner][\/vc_row_inner][vc_row_inner css=&#8221;.vc_custom_1540389064682{padding-bottom: 100px !important;}&#8221;][vc_column_inner width=&#8221;1\/3&#8243; css=&#8221;.vc_custom_1540559968536{padding-right: 50px !important;}&#8221;]<div class=\"key-icon-box icon-default icon-top cont-left ib-no-effect  kd-animated fadeInUp\" style=\"background-color: transparent;\" ><i class=\"iconsmind-Align-JustifyRight\" style=\" \"><\/i> <h5 class=\"service-heading\" >Perfect grid system<\/h5><p >Lorem ipsum dolor sit amet, consectetur adipisicing elit. Corporis vel, ipsam repellendus, perferendis quos dolore! Incidunt vel doloremque, velit itaque?<\/p><\/div>[\/vc_column_inner][vc_column_inner width=&#8221;1\/3&#8243; css=&#8221;.vc_custom_1540560007529{padding-right: 50px !important;}&#8221;]<div class=\"key-icon-box icon-default icon-top cont-left ib-no-effect  kd-animated fadeInUp\" style=\"background-color: transparent;\" data-animation-delay=200><i class=\"iconsmind-Crown\" style=\" \"><\/i> <h5 class=\"service-heading\" >Premium design<\/h5><p >Lorem ipsum dolor sit amet, consectetur adipisicing elit. Corporis vel, ipsam repellendus, perferendis quos dolore! Incidunt vel doloremque, velit itaque?<\/p><\/div>[\/vc_column_inner][vc_column_inner width=&#8221;1\/3&#8243; css=&#8221;.vc_custom_1540560017216{padding-right: 50px !important;}&#8221;]<div class=\"key-icon-box icon-default icon-top cont-left ib-no-effect  kd-animated fadeInUp\" style=\"background-color: transparent;\" data-animation-delay=400><i class=\"iconsmind-Data-Refresh\" style=\" \"><\/i> <h5 class=\"service-heading\" >Lifetime updates<\/h5><p >Lorem ipsum dolor sit amet, consectetur adipisicing elit. Corporis vel, ipsam repellendus, perferendis quos dolore! Incidunt vel doloremque, velit itaque?<\/p><\/div>[\/vc_column_inner][\/vc_row_inner][\/vc_column][\/vc_row][vc_row full_width=&#8221;stretch_row&#8221; css=&#8221;.vc_custom_1555675538804{padding-top: 100px !important;padding-bottom: 85px !important;background-color: #f5f5f5 !important;}&#8221;][vc_column width=&#8221;1\/2&#8243; offset=&#8221;vc_col-lg-6 vc_col-md-12&#8243;][vc_row_inner][vc_column_inner css=&#8221;.vc_custom_1541153603960{padding-right: 0px !important;padding-left: 0px !important;}&#8221;]<div class=\"video-container play-button-center\" ><img decoding=\"async\" src=\"https:\/\/www.ekko-wp.com\/static\/wp-content\/uploads\/sites\/3\/2018\/10\/side-section5.jpg\"  \/><a data-toggle=\"modal\" data-target=\"#video-modal-kd-video-modal-69f456ef6345d\" data-src=\"\" data-backdrop=\"true\" class=\"play-btn-primary-color\"><span class=\"play-video\"><span class=\"fas fa-play\"><\/span><\/span><\/a><\/div><div class=\"modal fade video-modal\" id=\"video-modal-kd-video-modal-69f456ef6345d\" role=\"dialog\">\r\n                            <div class=\"modal-content\">\r\n                            <button type=\"button\" class=\"close\" data-dismiss=\"modal\">\u00d7<\/button>\r\n                            <div class=\"row\"><iframe width=\"1024\" height=\"576\" webkitallowfullscreen mozallowfullscreen allowfullscreen><\/iframe><\/div>\r\n                            <\/div>\r\n                        <\/div>[\/vc_column_inner][\/vc_row_inner][\/vc_column][vc_column width=&#8221;1\/2&#8243; offset=&#8221;vc_col-lg-6 vc_col-md-12&#8243; css=&#8221;.vc_custom_1538999709577{padding-right: 0px !important;}&#8221;][vc_row_inner][vc_column_inner width=&#8221;1\/6&#8243; css=&#8221;.vc_custom_1541152793064{padding-left: 0px !important;}&#8221; offset=&#8221;vc_hidden-md vc_hidden-sm vc_hidden-xs&#8221;][\/vc_column_inner][vc_column_inner css=&#8221;.vc_custom_1541154018391{padding-right: 0px !important;padding-left: 0px !important;}&#8221; offset=&#8221;vc_col-lg-10&#8243;]<header class=\"kd-section-title col-lg-12 text-left  kd-animated fadeIn   vc_custom_1555675726537\" data-animation-delay=200><h2 class=\"separator_off\" >Build better business software a lot quicker with ekko template<\/h2><\/header><div class=\"kd_progress_bar  \" ><div class=\"kd_progb_head\"><div class=\"kd-progb-static\"><div class=\"kd-progb-title\"><h4 >Customer satisfaction<\/h4><\/div><span class=\"kd_progressbarmarker\" >80%<\/span><\/div><\/div><div class=\"kd_progressbarfull thin-solid\">\r\n                  <div class=\"kd_progressbarfill\"  data-value=\"80\" data-time=\"2000\">\r\n                <\/div><\/div><div class=\"kd_progb_desc\"><\/div><\/div><div class=\"kd_progress_bar  \" ><div class=\"kd_progb_head\"><div class=\"kd-progb-static\"><div class=\"kd-progb-title\"><h4 >Web Development<\/h4><\/div><span class=\"kd_progressbarmarker\" >70%<\/span><\/div><\/div><div class=\"kd_progressbarfull thin-solid\">\r\n                  <div class=\"kd_progressbarfill\"  data-value=\"70\" data-time=\"2000\">\r\n                <\/div><\/div><div class=\"kd_progb_desc\"><\/div><\/div><div class=\"kd_progress_bar  \" ><div class=\"kd_progb_head\"><div class=\"kd-progb-static\"><div class=\"kd-progb-title\"><h4 >Performance<\/h4><\/div><span class=\"kd_progressbarmarker\" >90%<\/span><\/div><\/div><div class=\"kd_progressbarfull thin-solid\">\r\n                  <div class=\"kd_progressbarfill\"  data-value=\"90\" data-time=\"2000\">\r\n                <\/div><\/div><div class=\"kd_progb_desc\"><\/div><\/div>[\/vc_column_inner][\/vc_row_inner][\/vc_column][\/vc_row][vc_row full_width=&#8221;stretch_row&#8221; css=&#8221;.vc_custom_1556018513487{padding-top: 0px !important;padding-bottom: 0px !important;}&#8221; top_section_title=&#8221;&#8221; bottom_section_title=&#8221;&#8221;][vc_column]<div class=\"kd-calltoaction no_icon \" >\r\n                <div class=\"container\">\r\n                  <div class=\"cta-text-container \" ><div class=\"cta-text\">\r\n                        <h3 >Interested? Let's get in touch!<\/h3><p >Ekko is a fully packed practical tool of premium built and design.<br \/>\nLet your creativity loose and start building your website now.<\/p><\/div>\r\n                    <\/div>\r\n                    <div class=\"cta-btncontainer\"><a href=\"\"   class=\"tt_button tt_primary_button  btn_primary_color \" >Get Started<\/a><\/div>\r\n                <\/div>\r\n            <\/div>[\/vc_column][\/vc_row]\t\t\t\t<\/p>\n","protected":false},"excerpt":{"rendered":"<p>[vc_row full_width=&#8221;stretch_row&#8221; parallax=&#8221;content-moving&#8221; css=&#8221;.vc_custom_1555675311752{margin-top: -75px !important;padding-top: 50px !important;padding-bottom: 85px !important;}&#8221;][vc_column css=&#8221;.vc_custom_1516106070544{padding-right: 0px !important;padding-left: 0px !important;}&#8221;][vc_row_inner][vc_column_inner css=&#8221;.vc_custom_1516106746836{padding-right: 0px !important;}&#8221;][\/vc_column_inner][\/vc_row_inner][vc_row_inner css=&#8221;.vc_custom_1539614577908{padding-top: 60px [&hellip;]<\/p>\n","protected":false},"author":1,"featured_media":0,"parent":5718,"menu_order":0,"comment_status":"closed","ping_status":"closed","template":"","meta":{"footnotes":""},"class_list":["post-5732","page","type-page","status-publish","hentry"],"yoast_head":"<!-- This site is optimized with the Yoast SEO plugin v19.10 - https:\/\/yoast.com\/wordpress\/plugins\/seo\/ -->\n<title>Services simple - Tuyper<\/title>\n<meta name=\"description\" content=\"TUYPER. Calidad en aceros calibrados para estirado. Nuestras instalaciones, dotadas de un de alto nivel tecnol\u00f3gico, se han ido ampliando y renovando con el transcurso de los a\u00f1os y garantizan la m\u00e1xima calidad en nuestra fabricaci\u00f3n seg\u00fan las normas internacionales. .\" \/>\n<meta name=\"robots\" content=\"index, follow, max-snippet:-1, max-image-preview:large, max-video-preview:-1\" \/>\n<link rel=\"canonical\" href=\"http:\/\/www.tuyper-sa.com\/es\/pages\/services-simple\/\" \/>\n<meta property=\"og:locale\" content=\"es_ES\" \/>\n<meta property=\"og:type\" content=\"article\" \/>\n<meta property=\"og:title\" content=\"Services simple - Tuyper\" \/>\n<meta property=\"og:description\" content=\"TUYPER. Calidad en aceros calibrados para estirado. Nuestras instalaciones, dotadas de un de alto nivel tecnol\u00f3gico, se han ido ampliando y renovando con el transcurso de los a\u00f1os y garantizan la m\u00e1xima calidad en nuestra fabricaci\u00f3n seg\u00fan las normas internacionales. .\" \/>\n<meta property=\"og:url\" content=\"http:\/\/www.tuyper-sa.com\/es\/pages\/services-simple\/\" \/>\n<meta property=\"og:site_name\" content=\"Tuyper\" \/>\n<meta name=\"twitter:card\" content=\"summary_large_image\" \/>\n<meta name=\"twitter:label1\" content=\"Tiempo de lectura\" \/>\n\t<meta name=\"twitter:data1\" content=\"9 minutos\" \/>\n<script type=\"application\/ld+json\" class=\"yoast-schema-graph\">{\"@context\":\"https:\/\/schema.org\",\"@graph\":[{\"@type\":\"WebPage\",\"@id\":\"http:\/\/www.tuyper-sa.com\/es\/pages\/services-simple\/\",\"url\":\"http:\/\/www.tuyper-sa.com\/es\/pages\/services-simple\/\",\"name\":\"Services simple - Tuyper\",\"isPartOf\":{\"@id\":\"http:\/\/www.tuyper-sa.com\/es\/#website\"},\"datePublished\":\"2018-10-22T13:46:26+00:00\",\"dateModified\":\"2018-10-22T13:46:26+00:00\",\"description\":\"TUYPER. Calidad en aceros calibrados para estirado. Nuestras instalaciones, dotadas de un de alto nivel tecnol\u00f3gico, se han ido ampliando y renovando con el transcurso de los a\u00f1os y garantizan la m\u00e1xima calidad en nuestra fabricaci\u00f3n seg\u00fan las normas internacionales. .\",\"breadcrumb\":{\"@id\":\"http:\/\/www.tuyper-sa.com\/es\/pages\/services-simple\/#breadcrumb\"},\"inLanguage\":\"es\",\"potentialAction\":[{\"@type\":\"ReadAction\",\"target\":[\"http:\/\/www.tuyper-sa.com\/es\/pages\/services-simple\/\"]}]},{\"@type\":\"BreadcrumbList\",\"@id\":\"http:\/\/www.tuyper-sa.com\/es\/pages\/services-simple\/#breadcrumb\",\"itemListElement\":[{\"@type\":\"ListItem\",\"position\":1,\"name\":\"Portada\",\"item\":\"http:\/\/www.tuyper-sa.com\/es\/\"},{\"@type\":\"ListItem\",\"position\":2,\"name\":\"Pages\",\"item\":\"http:\/\/www.tuyper-sa.com\/es\/pages\/\"},{\"@type\":\"ListItem\",\"position\":3,\"name\":\"Services simple\"}]},{\"@type\":\"WebSite\",\"@id\":\"http:\/\/www.tuyper-sa.com\/es\/#website\",\"url\":\"http:\/\/www.tuyper-sa.com\/es\/\",\"name\":\"Tuyper\",\"description\":\"Aceros Calibrados\",\"publisher\":{\"@id\":\"http:\/\/www.tuyper-sa.com\/es\/#organization\"},\"alternateName\":\"tuyper s.a.\",\"potentialAction\":[{\"@type\":\"SearchAction\",\"target\":{\"@type\":\"EntryPoint\",\"urlTemplate\":\"http:\/\/www.tuyper-sa.com\/es\/?s={search_term_string}\"},\"query-input\":\"required name=search_term_string\"}],\"inLanguage\":\"es\"},{\"@type\":\"Organization\",\"@id\":\"http:\/\/www.tuyper-sa.com\/es\/#organization\",\"name\":\"TUYPER - Calidad en aceros calibrados para estirados\",\"alternateName\":\"Tuyper\",\"url\":\"http:\/\/www.tuyper-sa.com\/es\/\",\"logo\":{\"@type\":\"ImageObject\",\"inLanguage\":\"es\",\"@id\":\"http:\/\/www.tuyper-sa.com\/es\/#\/schema\/logo\/image\/\",\"url\":\"http:\/\/www.tuyper-sa.com\/wp-content\/uploads\/2021\/01\/Logo_color.png\",\"contentUrl\":\"http:\/\/www.tuyper-sa.com\/wp-content\/uploads\/2021\/01\/Logo_color.png\",\"width\":328,\"height\":103,\"caption\":\"TUYPER - Calidad en aceros calibrados para estirados\"},\"image\":{\"@id\":\"http:\/\/www.tuyper-sa.com\/es\/#\/schema\/logo\/image\/\"}}]}<\/script>\n<!-- \/ Yoast SEO plugin. -->","yoast_head_json":{"title":"Services simple - Tuyper","description":"TUYPER. Calidad en aceros calibrados para estirado. Nuestras instalaciones, dotadas de un de alto nivel tecnol\u00f3gico, se han ido ampliando y renovando con el transcurso de los a\u00f1os y garantizan la m\u00e1xima calidad en nuestra fabricaci\u00f3n seg\u00fan las normas internacionales. .","robots":{"index":"index","follow":"follow","max-snippet":"max-snippet:-1","max-image-preview":"max-image-preview:large","max-video-preview":"max-video-preview:-1"},"canonical":"http:\/\/www.tuyper-sa.com\/es\/pages\/services-simple\/","og_locale":"es_ES","og_type":"article","og_title":"Services simple - Tuyper","og_description":"TUYPER. Calidad en aceros calibrados para estirado. Nuestras instalaciones, dotadas de un de alto nivel tecnol\u00f3gico, se han ido ampliando y renovando con el transcurso de los a\u00f1os y garantizan la m\u00e1xima calidad en nuestra fabricaci\u00f3n seg\u00fan las normas internacionales. .","og_url":"http:\/\/www.tuyper-sa.com\/es\/pages\/services-simple\/","og_site_name":"Tuyper","twitter_card":"summary_large_image","twitter_misc":{"Tiempo de lectura":"9 minutos"},"schema":{"@context":"https:\/\/schema.org","@graph":[{"@type":"WebPage","@id":"http:\/\/www.tuyper-sa.com\/es\/pages\/services-simple\/","url":"http:\/\/www.tuyper-sa.com\/es\/pages\/services-simple\/","name":"Services simple - Tuyper","isPartOf":{"@id":"http:\/\/www.tuyper-sa.com\/es\/#website"},"datePublished":"2018-10-22T13:46:26+00:00","dateModified":"2018-10-22T13:46:26+00:00","description":"TUYPER. Calidad en aceros calibrados para estirado. Nuestras instalaciones, dotadas de un de alto nivel tecnol\u00f3gico, se han ido ampliando y renovando con el transcurso de los a\u00f1os y garantizan la m\u00e1xima calidad en nuestra fabricaci\u00f3n seg\u00fan las normas internacionales. .","breadcrumb":{"@id":"http:\/\/www.tuyper-sa.com\/es\/pages\/services-simple\/#breadcrumb"},"inLanguage":"es","potentialAction":[{"@type":"ReadAction","target":["http:\/\/www.tuyper-sa.com\/es\/pages\/services-simple\/"]}]},{"@type":"BreadcrumbList","@id":"http:\/\/www.tuyper-sa.com\/es\/pages\/services-simple\/#breadcrumb","itemListElement":[{"@type":"ListItem","position":1,"name":"Portada","item":"http:\/\/www.tuyper-sa.com\/es\/"},{"@type":"ListItem","position":2,"name":"Pages","item":"http:\/\/www.tuyper-sa.com\/es\/pages\/"},{"@type":"ListItem","position":3,"name":"Services simple"}]},{"@type":"WebSite","@id":"http:\/\/www.tuyper-sa.com\/es\/#website","url":"http:\/\/www.tuyper-sa.com\/es\/","name":"Tuyper","description":"Aceros Calibrados","publisher":{"@id":"http:\/\/www.tuyper-sa.com\/es\/#organization"},"alternateName":"tuyper s.a.","potentialAction":[{"@type":"SearchAction","target":{"@type":"EntryPoint","urlTemplate":"http:\/\/www.tuyper-sa.com\/es\/?s={search_term_string}"},"query-input":"required name=search_term_string"}],"inLanguage":"es"},{"@type":"Organization","@id":"http:\/\/www.tuyper-sa.com\/es\/#organization","name":"TUYPER - Calidad en aceros calibrados para estirados","alternateName":"Tuyper","url":"http:\/\/www.tuyper-sa.com\/es\/","logo":{"@type":"ImageObject","inLanguage":"es","@id":"http:\/\/www.tuyper-sa.com\/es\/#\/schema\/logo\/image\/","url":"http:\/\/www.tuyper-sa.com\/wp-content\/uploads\/2021\/01\/Logo_color.png","contentUrl":"http:\/\/www.tuyper-sa.com\/wp-content\/uploads\/2021\/01\/Logo_color.png","width":328,"height":103,"caption":"TUYPER - Calidad en aceros calibrados para estirados"},"image":{"@id":"http:\/\/www.tuyper-sa.com\/es\/#\/schema\/logo\/image\/"}}]}},"_links":{"self":[{"href":"http:\/\/www.tuyper-sa.com\/es\/wp-json\/wp\/v2\/pages\/5732","targetHints":{"allow":["GET"]}}],"collection":[{"href":"http:\/\/www.tuyper-sa.com\/es\/wp-json\/wp\/v2\/pages"}],"about":[{"href":"http:\/\/www.tuyper-sa.com\/es\/wp-json\/wp\/v2\/types\/page"}],"author":[{"embeddable":true,"href":"http:\/\/www.tuyper-sa.com\/es\/wp-json\/wp\/v2\/users\/1"}],"replies":[{"embeddable":true,"href":"http:\/\/www.tuyper-sa.com\/es\/wp-json\/wp\/v2\/comments?post=5732"}],"version-history":[{"count":0,"href":"http:\/\/www.tuyper-sa.com\/es\/wp-json\/wp\/v2\/pages\/5732\/revisions"}],"up":[{"embeddable":true,"href":"http:\/\/www.tuyper-sa.com\/es\/wp-json\/wp\/v2\/pages\/5718"}],"wp:attachment":[{"href":"http:\/\/www.tuyper-sa.com\/es\/wp-json\/wp\/v2\/media?parent=5732"}],"curies":[{"name":"wp","href":"https:\/\/api.w.org\/{rel}","templated":true}]}}