{"id":5738,"date":"2018-10-22T13:47:05","date_gmt":"2018-10-22T13:47:05","guid":{"rendered":"https:\/\/www.ekko-wp.com\/?page_id=5738"},"modified":"2018-10-22T13:47:05","modified_gmt":"2018-10-22T13:47:05","slug":"services-sidebar","status":"publish","type":"page","link":"http:\/\/www.tuyper-sa.com\/es\/pages\/services-sidebar\/","title":{"rendered":"Services sidebar"},"content":{"rendered":"<p>\t\t\t\t[vc_row][vc_column width=&#8221;2\/3&#8243; css=&#8221;.vc_custom_1519734538371{padding-right: 25px !important;}&#8221; offset=&#8221;vc_col-lg-8 vc_col-md-12 vc_col-xs-12&#8243;]<header class=\"kd-section-title col-lg-12 text-left    \" ><h2 class=\"separator_off\" >What we do<\/h2><h6 class=\"subtitle \" >Build a positive impact on your business. Check out what we have to offer.<\/h6><\/header>[vc_empty_space height=&#8221;16px&#8221;]\r\n                <div class=\"photobox-carousel pbc-parent black-navigation kd-pbc-69f5d0a778be1 nav-dots\">\r\n                    <div class=\"pbc-content\"><div class=\"kd-photobox  \" ><div class=\"photobox-img\"><a href=\"\"  ><img decoding=\"async\" class=\"photocarousel-img\" src=\"https:\/\/www.ekko-wp.com\/static\/wp-content\/uploads\/sites\/3\/2019\/04\/consulting8.jpg\"  \/><\/a><\/div><div class=\"phb-content text-left no-image\" ><h5 >Visual builder<\/h5><p >Lorem ipsum dolor sit amet, consectetur adipisicing elit.<\/p><\/div><\/div><div class=\"kd-photobox  \" ><div class=\"photobox-img\"><a href=\"\"  ><img decoding=\"async\" class=\"photocarousel-img\" src=\"https:\/\/www.ekko-wp.com\/static\/wp-content\/uploads\/sites\/3\/2019\/04\/consulting6.jpg\"  \/><\/a><\/div><div class=\"phb-content text-left no-image\" ><h5 >Creative work<\/h5><p >Lorem ipsum dolor sit amet, consectetur adipisicing elit.<\/p><\/div><\/div><div class=\"kd-photobox  \" ><div class=\"photobox-img\"><a href=\"\"  ><img decoding=\"async\" class=\"photocarousel-img\" src=\"https:\/\/www.ekko-wp.com\/static\/wp-content\/uploads\/sites\/3\/2019\/04\/consulting7.jpg\"  \/><\/a><\/div><div class=\"phb-content text-left no-image\" ><h5 >Web design<\/h5><p >Lorem ipsum dolor sit amet, consectetur adipisicing elit.<\/p><\/div><\/div><\/div>\r\n                <\/div><script type=\"text\/javascript\">\r\n          \t\t\t\tjQuery(document).ready(function($){\r\n                    if ($(\".photobox-carousel.kd-pbc-69f5d0a778be1 .pbc-content\").length) {\r\n                      $(\".photobox-carousel.kd-pbc-69f5d0a778be1 .pbc-content\").owlCarousel({\r\n                          stageClass: \"owl-wrapper\",\r\n                          stageOuterClass: \"owl-wrapper-outer\",\r\n                          loadedClass: \"owl-carousel\",\r\n                          responsive:{\r\n                              0:{\r\n                                  items:1,\r\n                                  dots: false,\r\n                                  nav: true,\r\n                                  navSpeed: 500,\r\n                              },\r\n                              768:{\r\n                                  items:2,\r\n                              },\r\n                              1199:{\r\n                                  items:2,\r\n                              },\r\n                              1366:{\r\n                                  items:2,\ndots: true,\r\n                                    dotsEach: true,\r\n                                    nav: false,\r\n                                    dotsSpeed: 500,}\r\n                          },\r\n                          rewind: true,\nautoplay: false,\nautoplayHoverPause: false,addClassActive: true,\r\n                      });\r\n                    }\r\n          \t\t\t\t});\r\n          \t\t\t<\/script>[vc_row_inner css=&#8221;.vc_custom_1556019147846{margin-top: 20px !important;margin-bottom: 60px !important;padding-top: 20px !important;}&#8221;][vc_column_inner css=&#8221;.vc_custom_1516103868726{padding-right: 0px !important;padding-left: 0px !important;}&#8221;]<header class=\"kd-section-title col-lg-12 text-left     vc_custom_1556019120871\" ><h2 class=\"separator_off\" >We create brand new corporate identities<\/h2><h6 class=\"subtitle \" >Cras mattis iudicium purus sit amet fermentum at nos hinc posthac, sitientis piros afros. Lorem ipsum dolor sit amet, consectetur adipisici elit, petierunt uti sibi concilium totius Galliae in diem sed eius<\/h6><\/header><div class=\"video-container play-button-center\" ><img decoding=\"async\" src=\"https:\/\/www.ekko-wp.com\/static\/wp-content\/uploads\/sites\/3\/2019\/04\/consulting8.jpg\"  \/><a data-toggle=\"modal\" data-target=\"#video-modal-kd-video-modal-69f5d0a778d64\" data-src=\"https:\/\/www.youtube.com\/embed\/OtucEWLEoDI\" data-backdrop=\"true\" class=\"play-btn-primary-color\"><span class=\"play-video\"><span class=\"fas fa-play\"><\/span><\/span><\/a><\/div><div class=\"modal fade video-modal\" id=\"video-modal-kd-video-modal-69f5d0a778d64\" role=\"dialog\">\r\n                            <div class=\"modal-content\">\r\n                            <button type=\"button\" class=\"close\" data-dismiss=\"modal\">\u00d7<\/button>\r\n                            <div class=\"row\"><iframe width=\"1024\" height=\"576\" webkitallowfullscreen mozallowfullscreen allowfullscreen><\/iframe><\/div>\r\n                            <\/div>\r\n                        <\/div>[\/vc_column_inner][\/vc_row_inner][\/vc_column][vc_column width=&#8221;1\/3&#8243; offset=&#8221;vc_col-lg-4 vc_col-md-12 vc_col-xs-12&#8243;][vc_widget_sidebar sidebar_id=&#8221;page-sidebar&#8221;][\/vc_column][\/vc_row]\t\t\t\t<\/p>\n","protected":false},"excerpt":{"rendered":"<p>[vc_row][vc_column width=&#8221;2\/3&#8243; css=&#8221;.vc_custom_1519734538371{padding-right: 25px !important;}&#8221; offset=&#8221;vc_col-lg-8 vc_col-md-12 vc_col-xs-12&#8243;][vc_empty_space height=&#8221;16px&#8221;][vc_row_inner css=&#8221;.vc_custom_1556019147846{margin-top: 20px !important;margin-bottom: 60px !important;padding-top: 20px !important;}&#8221;][vc_column_inner css=&#8221;.vc_custom_1516103868726{padding-right: 0px !important;padding-left: 0px [&hellip;]<\/p>\n","protected":false},"author":1,"featured_media":7382,"parent":5718,"menu_order":0,"comment_status":"closed","ping_status":"closed","template":"","meta":{"footnotes":""},"class_list":["post-5738","page","type-page","status-publish","has-post-thumbnail","hentry"],"yoast_head":"<!-- This site is optimized with the Yoast SEO plugin v19.10 - https:\/\/yoast.com\/wordpress\/plugins\/seo\/ -->\n<title>Services sidebar - Tuyper<\/title>\n<meta name=\"description\" content=\"TUYPER. Calidad en aceros calibrados para estirado. Nuestras instalaciones, dotadas de un de alto nivel tecnol\u00f3gico, se han ido ampliando y renovando con el transcurso de los a\u00f1os y garantizan la m\u00e1xima calidad en nuestra fabricaci\u00f3n seg\u00fan las normas internacionales. .\" \/>\n<meta name=\"robots\" content=\"index, follow, max-snippet:-1, max-image-preview:large, max-video-preview:-1\" \/>\n<link rel=\"canonical\" href=\"http:\/\/www.tuyper-sa.com\/es\/pages\/services-sidebar\/\" \/>\n<meta property=\"og:locale\" content=\"es_ES\" \/>\n<meta property=\"og:type\" content=\"article\" \/>\n<meta property=\"og:title\" content=\"Services sidebar - Tuyper\" \/>\n<meta property=\"og:description\" content=\"TUYPER. Calidad en aceros calibrados para estirado. Nuestras instalaciones, dotadas de un de alto nivel tecnol\u00f3gico, se han ido ampliando y renovando con el transcurso de los a\u00f1os y garantizan la m\u00e1xima calidad en nuestra fabricaci\u00f3n seg\u00fan las normas internacionales. .\" \/>\n<meta property=\"og:url\" content=\"http:\/\/www.tuyper-sa.com\/es\/pages\/services-sidebar\/\" \/>\n<meta property=\"og:site_name\" content=\"Tuyper\" \/>\n<meta name=\"twitter:card\" content=\"summary_large_image\" \/>\n<meta name=\"twitter:image\" content=\"http:\/\/www.tuyper-sa.com\/wp-content\/uploads\/2019\/04\/services-sidebar.jpg\" \/>\n<meta name=\"twitter:label1\" content=\"Tiempo de lectura\" \/>\n\t<meta name=\"twitter:data1\" content=\"2 minutos\" \/>\n<script type=\"application\/ld+json\" class=\"yoast-schema-graph\">{\"@context\":\"https:\/\/schema.org\",\"@graph\":[{\"@type\":\"WebPage\",\"@id\":\"http:\/\/www.tuyper-sa.com\/es\/pages\/services-sidebar\/\",\"url\":\"http:\/\/www.tuyper-sa.com\/es\/pages\/services-sidebar\/\",\"name\":\"Services sidebar - Tuyper\",\"isPartOf\":{\"@id\":\"http:\/\/www.tuyper-sa.com\/es\/#website\"},\"datePublished\":\"2018-10-22T13:47:05+00:00\",\"dateModified\":\"2018-10-22T13:47:05+00:00\",\"description\":\"TUYPER. Calidad en aceros calibrados para estirado. Nuestras instalaciones, dotadas de un de alto nivel tecnol\u00f3gico, se han ido ampliando y renovando con el transcurso de los a\u00f1os y garantizan la m\u00e1xima calidad en nuestra fabricaci\u00f3n seg\u00fan las normas internacionales. .\",\"breadcrumb\":{\"@id\":\"http:\/\/www.tuyper-sa.com\/es\/pages\/services-sidebar\/#breadcrumb\"},\"inLanguage\":\"es\",\"potentialAction\":[{\"@type\":\"ReadAction\",\"target\":[\"http:\/\/www.tuyper-sa.com\/es\/pages\/services-sidebar\/\"]}]},{\"@type\":\"BreadcrumbList\",\"@id\":\"http:\/\/www.tuyper-sa.com\/es\/pages\/services-sidebar\/#breadcrumb\",\"itemListElement\":[{\"@type\":\"ListItem\",\"position\":1,\"name\":\"Portada\",\"item\":\"http:\/\/www.tuyper-sa.com\/es\/\"},{\"@type\":\"ListItem\",\"position\":2,\"name\":\"Pages\",\"item\":\"http:\/\/www.tuyper-sa.com\/es\/pages\/\"},{\"@type\":\"ListItem\",\"position\":3,\"name\":\"Services sidebar\"}]},{\"@type\":\"WebSite\",\"@id\":\"http:\/\/www.tuyper-sa.com\/es\/#website\",\"url\":\"http:\/\/www.tuyper-sa.com\/es\/\",\"name\":\"Tuyper\",\"description\":\"Aceros Calibrados\",\"publisher\":{\"@id\":\"http:\/\/www.tuyper-sa.com\/es\/#organization\"},\"alternateName\":\"tuyper s.a.\",\"potentialAction\":[{\"@type\":\"SearchAction\",\"target\":{\"@type\":\"EntryPoint\",\"urlTemplate\":\"http:\/\/www.tuyper-sa.com\/es\/?s={search_term_string}\"},\"query-input\":\"required name=search_term_string\"}],\"inLanguage\":\"es\"},{\"@type\":\"Organization\",\"@id\":\"http:\/\/www.tuyper-sa.com\/es\/#organization\",\"name\":\"TUYPER - Calidad en aceros calibrados para estirados\",\"alternateName\":\"Tuyper\",\"url\":\"http:\/\/www.tuyper-sa.com\/es\/\",\"logo\":{\"@type\":\"ImageObject\",\"inLanguage\":\"es\",\"@id\":\"http:\/\/www.tuyper-sa.com\/es\/#\/schema\/logo\/image\/\",\"url\":\"http:\/\/www.tuyper-sa.com\/wp-content\/uploads\/2021\/01\/Logo_color.png\",\"contentUrl\":\"http:\/\/www.tuyper-sa.com\/wp-content\/uploads\/2021\/01\/Logo_color.png\",\"width\":328,\"height\":103,\"caption\":\"TUYPER - Calidad en aceros calibrados para estirados\"},\"image\":{\"@id\":\"http:\/\/www.tuyper-sa.com\/es\/#\/schema\/logo\/image\/\"}}]}<\/script>\n<!-- \/ Yoast SEO plugin. -->","yoast_head_json":{"title":"Services sidebar - Tuyper","description":"TUYPER. Calidad en aceros calibrados para estirado. Nuestras instalaciones, dotadas de un de alto nivel tecnol\u00f3gico, se han ido ampliando y renovando con el transcurso de los a\u00f1os y garantizan la m\u00e1xima calidad en nuestra fabricaci\u00f3n seg\u00fan las normas internacionales. .","robots":{"index":"index","follow":"follow","max-snippet":"max-snippet:-1","max-image-preview":"max-image-preview:large","max-video-preview":"max-video-preview:-1"},"canonical":"http:\/\/www.tuyper-sa.com\/es\/pages\/services-sidebar\/","og_locale":"es_ES","og_type":"article","og_title":"Services sidebar - Tuyper","og_description":"TUYPER. Calidad en aceros calibrados para estirado. Nuestras instalaciones, dotadas de un de alto nivel tecnol\u00f3gico, se han ido ampliando y renovando con el transcurso de los a\u00f1os y garantizan la m\u00e1xima calidad en nuestra fabricaci\u00f3n seg\u00fan las normas internacionales. .","og_url":"http:\/\/www.tuyper-sa.com\/es\/pages\/services-sidebar\/","og_site_name":"Tuyper","twitter_card":"summary_large_image","twitter_image":"http:\/\/www.tuyper-sa.com\/wp-content\/uploads\/2019\/04\/services-sidebar.jpg","twitter_misc":{"Tiempo de lectura":"2 minutos"},"schema":{"@context":"https:\/\/schema.org","@graph":[{"@type":"WebPage","@id":"http:\/\/www.tuyper-sa.com\/es\/pages\/services-sidebar\/","url":"http:\/\/www.tuyper-sa.com\/es\/pages\/services-sidebar\/","name":"Services sidebar - Tuyper","isPartOf":{"@id":"http:\/\/www.tuyper-sa.com\/es\/#website"},"datePublished":"2018-10-22T13:47:05+00:00","dateModified":"2018-10-22T13:47:05+00:00","description":"TUYPER. Calidad en aceros calibrados para estirado. Nuestras instalaciones, dotadas de un de alto nivel tecnol\u00f3gico, se han ido ampliando y renovando con el transcurso de los a\u00f1os y garantizan la m\u00e1xima calidad en nuestra fabricaci\u00f3n seg\u00fan las normas internacionales. .","breadcrumb":{"@id":"http:\/\/www.tuyper-sa.com\/es\/pages\/services-sidebar\/#breadcrumb"},"inLanguage":"es","potentialAction":[{"@type":"ReadAction","target":["http:\/\/www.tuyper-sa.com\/es\/pages\/services-sidebar\/"]}]},{"@type":"BreadcrumbList","@id":"http:\/\/www.tuyper-sa.com\/es\/pages\/services-sidebar\/#breadcrumb","itemListElement":[{"@type":"ListItem","position":1,"name":"Portada","item":"http:\/\/www.tuyper-sa.com\/es\/"},{"@type":"ListItem","position":2,"name":"Pages","item":"http:\/\/www.tuyper-sa.com\/es\/pages\/"},{"@type":"ListItem","position":3,"name":"Services sidebar"}]},{"@type":"WebSite","@id":"http:\/\/www.tuyper-sa.com\/es\/#website","url":"http:\/\/www.tuyper-sa.com\/es\/","name":"Tuyper","description":"Aceros Calibrados","publisher":{"@id":"http:\/\/www.tuyper-sa.com\/es\/#organization"},"alternateName":"tuyper s.a.","potentialAction":[{"@type":"SearchAction","target":{"@type":"EntryPoint","urlTemplate":"http:\/\/www.tuyper-sa.com\/es\/?s={search_term_string}"},"query-input":"required name=search_term_string"}],"inLanguage":"es"},{"@type":"Organization","@id":"http:\/\/www.tuyper-sa.com\/es\/#organization","name":"TUYPER - Calidad en aceros calibrados para estirados","alternateName":"Tuyper","url":"http:\/\/www.tuyper-sa.com\/es\/","logo":{"@type":"ImageObject","inLanguage":"es","@id":"http:\/\/www.tuyper-sa.com\/es\/#\/schema\/logo\/image\/","url":"http:\/\/www.tuyper-sa.com\/wp-content\/uploads\/2021\/01\/Logo_color.png","contentUrl":"http:\/\/www.tuyper-sa.com\/wp-content\/uploads\/2021\/01\/Logo_color.png","width":328,"height":103,"caption":"TUYPER - Calidad en aceros calibrados para estirados"},"image":{"@id":"http:\/\/www.tuyper-sa.com\/es\/#\/schema\/logo\/image\/"}}]}},"_links":{"self":[{"href":"http:\/\/www.tuyper-sa.com\/es\/wp-json\/wp\/v2\/pages\/5738","targetHints":{"allow":["GET"]}}],"collection":[{"href":"http:\/\/www.tuyper-sa.com\/es\/wp-json\/wp\/v2\/pages"}],"about":[{"href":"http:\/\/www.tuyper-sa.com\/es\/wp-json\/wp\/v2\/types\/page"}],"author":[{"embeddable":true,"href":"http:\/\/www.tuyper-sa.com\/es\/wp-json\/wp\/v2\/users\/1"}],"replies":[{"embeddable":true,"href":"http:\/\/www.tuyper-sa.com\/es\/wp-json\/wp\/v2\/comments?post=5738"}],"version-history":[{"count":0,"href":"http:\/\/www.tuyper-sa.com\/es\/wp-json\/wp\/v2\/pages\/5738\/revisions"}],"up":[{"embeddable":true,"href":"http:\/\/www.tuyper-sa.com\/es\/wp-json\/wp\/v2\/pages\/5718"}],"wp:featuredmedia":[{"embeddable":true,"href":"http:\/\/www.tuyper-sa.com\/es\/wp-json\/wp\/v2\/media\/7382"}],"wp:attachment":[{"href":"http:\/\/www.tuyper-sa.com\/es\/wp-json\/wp\/v2\/media?parent=5738"}],"curies":[{"name":"wp","href":"https:\/\/api.w.org\/{rel}","templated":true}]}}