{"id":5770,"date":"2018-10-22T13:50:25","date_gmt":"2018-10-22T13:50:25","guid":{"rendered":"https:\/\/www.ekko-wp.com\/?page_id=5770"},"modified":"2018-10-22T13:50:25","modified_gmt":"2018-10-22T13:50:25","slug":"login-page","status":"publish","type":"page","link":"http:\/\/www.tuyper-sa.com\/es\/pages\/login-page\/","title":{"rendered":"Login page"},"content":{"rendered":"<p>[vc_row full_width=&#8221;stretch_row&#8221; full_height=&#8221;yes&#8221; content_placement=&#8221;top&#8221; css=&#8221;.vc_custom_1541596270054{margin-right: 15px !important;padding-top: 200px !important;padding-bottom: 150px !important;background-image: url(https:\/\/www.ekko-wp.com\/static\/wp-content\/uploads\/sites\/3\/2018\/10\/intro-section10.jpg?id=) !important;background-position: center !important;background-repeat: no-repeat !important;background-size: cover !important;}&#8221;][vc_column width=&#8221;1\/2&#8243; css=&#8221;.vc_custom_1541511195034{margin-left: -15px !important;padding-top: 45px !important;}&#8221; offset=&#8221;vc_col-lg-6 vc_col-md-12&#8243;][vc_empty_space height=&#8221;20px&#8221;]<header class=\"kd-section-title col-lg-12 text-left     vc_custom_1541596598444\" ><h2 class=\"separator_off\" style=\"color: #ffffff;font-size: 42px;\">Welcome to ekko!<br \/>\nPlease enter your username<br \/>\nand password to login.<\/h2><\/header>[vc_empty_space height=&#8221;30px&#8221;]<div class=\"video-container play-button-left\" ><a data-toggle=\"modal\" data-target=\"#video-modal-kd-video-modal-69e0df13999d8\" data-src=\"#\" data-backdrop=\"true\" class=\"\"><span class=\"play-video\"><span class=\"fas fa-play\"><\/span><\/span><\/a><\/div><div class=\"modal fade video-modal\" id=\"video-modal-kd-video-modal-69e0df13999d8\" role=\"dialog\">\r\n                            <div class=\"modal-content\">\r\n                            <button type=\"button\" class=\"close\" data-dismiss=\"modal\">\u00d7<\/button>\r\n                            <div class=\"row\"><iframe width=\"1024\" height=\"576\" webkitallowfullscreen mozallowfullscreen allowfullscreen><\/iframe><\/div>\r\n                            <\/div>\r\n                        <\/div>[vc_empty_space height=&#8221;50px&#8221;][\/vc_column][vc_column width=&#8221;1\/12&#8243;][\/vc_column][vc_column width=&#8221;5\/12&#8243; css=&#8221;.vc_custom_1541595697194{padding-top: 15px !important;padding-right: 50px !important;padding-bottom: 50px !important;padding-left: 50px !important;background-color: #ffffff !important;border-radius: 10px !important;}&#8221; el_id=&#8221;contact-form-box&#8221; offset=&#8221;vc_col-lg-5 vc_col-md-12&#8243; el_class=&#8221;with-shadow&#8221;]<div class=\"kd-text-rotator kd-rotatorid-69e0df1399a0c text-left  \"><div class=\"kd-text-rotator-container\"><h2 class=\"rotator-single kd-rotator-item-1 \" style=\"\">Grow your business<\/h2><h2 class=\"rotator-single kd-rotator-item-2 \" style=\"\">Invite new clients<\/h2><h2 class=\"rotator-single kd-rotator-item-3 \" style=\"\">Get Ekko today<\/h2><h2 class=\"rotator-single kd-rotator-item-4 last\" style=\"transition: all 0.5s 4.25s;\">Login to continue<\/h2><\/div><\/div>[vc_custom_heading text=&#8221;Please enter your username and password to login.&#8221; font_container=&#8221;tag:h6|text_align:left&#8221; use_theme_fonts=&#8221;yes&#8221; css=&#8221;.vc_custom_1555419973529{margin-top: -50px !important;margin-bottom: 30px !important;}&#8221;]<form name=\"loginform\" id=\"loginform\" action=\"http:\/\/www.tuyper-sa.com\/es\/wp-login.php\" method=\"post\"><p class=\"login-username\">\n\t\t\t\t<label for=\"user_login\">Nombre de usuario o correo electr\u00f3nico<\/label>\n\t\t\t\t<input type=\"text\" name=\"log\" id=\"user_login\" autocomplete=\"username\" class=\"input\" value=\"\" size=\"20\" \/>\n\t\t\t<\/p><p class=\"login-password\">\n\t\t\t\t<label for=\"user_pass\">Contrase\u00f1a<\/label>\n\t\t\t\t<input type=\"password\" name=\"pwd\" id=\"user_pass\" autocomplete=\"current-password\" spellcheck=\"false\" class=\"input\" value=\"\" size=\"20\" \/>\n\t\t\t<\/p><p class=\"login-remember\"><label><input name=\"rememberme\" type=\"checkbox\" id=\"rememberme\" value=\"forever\" \/> Recu\u00e9rdame<\/label><\/p><p class=\"login-submit\">\n\t\t\t\t<input type=\"submit\" name=\"wp-submit\" id=\"wp-submit\" class=\"button button-primary\" value=\"Acceder\" \/>\n\t\t\t\t<input type=\"hidden\" name=\"redirect_to\" value=\"http:\/\/www.tuyper-sa.com\/es\/wp-json\/wp\/v2\/pages\/5770\" \/>\n\t\t\t<\/p><\/form>[\/vc_column][\/vc_row]<\/p>\n","protected":false},"excerpt":{"rendered":"<p>[vc_row full_width=&#8221;stretch_row&#8221; full_height=&#8221;yes&#8221; content_placement=&#8221;top&#8221; css=&#8221;.vc_custom_1541596270054{margin-right: 15px !important;padding-top: 200px !important;padding-bottom: 150px !important;background-image: url(https:\/\/www.ekko-wp.com\/static\/wp-content\/uploads\/sites\/3\/2018\/10\/intro-section10.jpg?id=) !important;background-position: center !important;background-repeat: no-repeat !important;background-size: cover !important;}&#8221;][vc_column width=&#8221;1\/2&#8243; [&hellip;]<\/p>\n","protected":false},"author":1,"featured_media":0,"parent":5718,"menu_order":0,"comment_status":"closed","ping_status":"closed","template":"","meta":{"footnotes":""},"class_list":["post-5770","page","type-page","status-publish","hentry"],"yoast_head":"<!-- This site is optimized with the Yoast SEO plugin v19.10 - https:\/\/yoast.com\/wordpress\/plugins\/seo\/ -->\n<title>Login page - Tuyper<\/title>\n<meta name=\"description\" content=\"TUYPER. Calidad en aceros calibrados para estirado. Nuestras instalaciones, dotadas de un de alto nivel tecnol\u00f3gico, se han ido ampliando y renovando con el transcurso de los a\u00f1os y garantizan la m\u00e1xima calidad en nuestra fabricaci\u00f3n seg\u00fan las normas internacionales. .\" \/>\n<meta name=\"robots\" content=\"index, follow, max-snippet:-1, max-image-preview:large, max-video-preview:-1\" \/>\n<link rel=\"canonical\" href=\"http:\/\/www.tuyper-sa.com\/es\/pages\/login-page\/\" \/>\n<meta property=\"og:locale\" content=\"es_ES\" \/>\n<meta property=\"og:type\" content=\"article\" \/>\n<meta property=\"og:title\" content=\"Login page - Tuyper\" \/>\n<meta property=\"og:description\" content=\"TUYPER. Calidad en aceros calibrados para estirado. Nuestras instalaciones, dotadas de un de alto nivel tecnol\u00f3gico, se han ido ampliando y renovando con el transcurso de los a\u00f1os y garantizan la m\u00e1xima calidad en nuestra fabricaci\u00f3n seg\u00fan las normas internacionales. .\" \/>\n<meta property=\"og:url\" content=\"http:\/\/www.tuyper-sa.com\/es\/pages\/login-page\/\" \/>\n<meta property=\"og:site_name\" content=\"Tuyper\" \/>\n<meta name=\"twitter:card\" content=\"summary_large_image\" \/>\n<meta name=\"twitter:label1\" content=\"Tiempo de lectura\" \/>\n\t<meta name=\"twitter:data1\" content=\"1 minuto\" \/>\n<script type=\"application\/ld+json\" class=\"yoast-schema-graph\">{\"@context\":\"https:\/\/schema.org\",\"@graph\":[{\"@type\":\"WebPage\",\"@id\":\"http:\/\/www.tuyper-sa.com\/es\/pages\/login-page\/\",\"url\":\"http:\/\/www.tuyper-sa.com\/es\/pages\/login-page\/\",\"name\":\"Login page - Tuyper\",\"isPartOf\":{\"@id\":\"http:\/\/www.tuyper-sa.com\/es\/#website\"},\"datePublished\":\"2018-10-22T13:50:25+00:00\",\"dateModified\":\"2018-10-22T13:50:25+00:00\",\"description\":\"TUYPER. Calidad en aceros calibrados para estirado. Nuestras instalaciones, dotadas de un de alto nivel tecnol\u00f3gico, se han ido ampliando y renovando con el transcurso de los a\u00f1os y garantizan la m\u00e1xima calidad en nuestra fabricaci\u00f3n seg\u00fan las normas internacionales. .\",\"breadcrumb\":{\"@id\":\"http:\/\/www.tuyper-sa.com\/es\/pages\/login-page\/#breadcrumb\"},\"inLanguage\":\"es\",\"potentialAction\":[{\"@type\":\"ReadAction\",\"target\":[\"http:\/\/www.tuyper-sa.com\/es\/pages\/login-page\/\"]}]},{\"@type\":\"BreadcrumbList\",\"@id\":\"http:\/\/www.tuyper-sa.com\/es\/pages\/login-page\/#breadcrumb\",\"itemListElement\":[{\"@type\":\"ListItem\",\"position\":1,\"name\":\"Portada\",\"item\":\"http:\/\/www.tuyper-sa.com\/es\/\"},{\"@type\":\"ListItem\",\"position\":2,\"name\":\"Pages\",\"item\":\"http:\/\/www.tuyper-sa.com\/es\/pages\/\"},{\"@type\":\"ListItem\",\"position\":3,\"name\":\"Login page\"}]},{\"@type\":\"WebSite\",\"@id\":\"http:\/\/www.tuyper-sa.com\/es\/#website\",\"url\":\"http:\/\/www.tuyper-sa.com\/es\/\",\"name\":\"Tuyper\",\"description\":\"Aceros Calibrados\",\"publisher\":{\"@id\":\"http:\/\/www.tuyper-sa.com\/es\/#organization\"},\"alternateName\":\"tuyper s.a.\",\"potentialAction\":[{\"@type\":\"SearchAction\",\"target\":{\"@type\":\"EntryPoint\",\"urlTemplate\":\"http:\/\/www.tuyper-sa.com\/es\/?s={search_term_string}\"},\"query-input\":\"required name=search_term_string\"}],\"inLanguage\":\"es\"},{\"@type\":\"Organization\",\"@id\":\"http:\/\/www.tuyper-sa.com\/es\/#organization\",\"name\":\"TUYPER - Calidad en aceros calibrados para estirados\",\"alternateName\":\"Tuyper\",\"url\":\"http:\/\/www.tuyper-sa.com\/es\/\",\"logo\":{\"@type\":\"ImageObject\",\"inLanguage\":\"es\",\"@id\":\"http:\/\/www.tuyper-sa.com\/es\/#\/schema\/logo\/image\/\",\"url\":\"http:\/\/www.tuyper-sa.com\/wp-content\/uploads\/2021\/01\/Logo_color.png\",\"contentUrl\":\"http:\/\/www.tuyper-sa.com\/wp-content\/uploads\/2021\/01\/Logo_color.png\",\"width\":328,\"height\":103,\"caption\":\"TUYPER - Calidad en aceros calibrados para estirados\"},\"image\":{\"@id\":\"http:\/\/www.tuyper-sa.com\/es\/#\/schema\/logo\/image\/\"}}]}<\/script>\n<!-- \/ Yoast SEO plugin. -->","yoast_head_json":{"title":"Login page - Tuyper","description":"TUYPER. Calidad en aceros calibrados para estirado. Nuestras instalaciones, dotadas de un de alto nivel tecnol\u00f3gico, se han ido ampliando y renovando con el transcurso de los a\u00f1os y garantizan la m\u00e1xima calidad en nuestra fabricaci\u00f3n seg\u00fan las normas internacionales. .","robots":{"index":"index","follow":"follow","max-snippet":"max-snippet:-1","max-image-preview":"max-image-preview:large","max-video-preview":"max-video-preview:-1"},"canonical":"http:\/\/www.tuyper-sa.com\/es\/pages\/login-page\/","og_locale":"es_ES","og_type":"article","og_title":"Login page - Tuyper","og_description":"TUYPER. Calidad en aceros calibrados para estirado. Nuestras instalaciones, dotadas de un de alto nivel tecnol\u00f3gico, se han ido ampliando y renovando con el transcurso de los a\u00f1os y garantizan la m\u00e1xima calidad en nuestra fabricaci\u00f3n seg\u00fan las normas internacionales. .","og_url":"http:\/\/www.tuyper-sa.com\/es\/pages\/login-page\/","og_site_name":"Tuyper","twitter_card":"summary_large_image","twitter_misc":{"Tiempo de lectura":"1 minuto"},"schema":{"@context":"https:\/\/schema.org","@graph":[{"@type":"WebPage","@id":"http:\/\/www.tuyper-sa.com\/es\/pages\/login-page\/","url":"http:\/\/www.tuyper-sa.com\/es\/pages\/login-page\/","name":"Login page - Tuyper","isPartOf":{"@id":"http:\/\/www.tuyper-sa.com\/es\/#website"},"datePublished":"2018-10-22T13:50:25+00:00","dateModified":"2018-10-22T13:50:25+00:00","description":"TUYPER. Calidad en aceros calibrados para estirado. Nuestras instalaciones, dotadas de un de alto nivel tecnol\u00f3gico, se han ido ampliando y renovando con el transcurso de los a\u00f1os y garantizan la m\u00e1xima calidad en nuestra fabricaci\u00f3n seg\u00fan las normas internacionales. .","breadcrumb":{"@id":"http:\/\/www.tuyper-sa.com\/es\/pages\/login-page\/#breadcrumb"},"inLanguage":"es","potentialAction":[{"@type":"ReadAction","target":["http:\/\/www.tuyper-sa.com\/es\/pages\/login-page\/"]}]},{"@type":"BreadcrumbList","@id":"http:\/\/www.tuyper-sa.com\/es\/pages\/login-page\/#breadcrumb","itemListElement":[{"@type":"ListItem","position":1,"name":"Portada","item":"http:\/\/www.tuyper-sa.com\/es\/"},{"@type":"ListItem","position":2,"name":"Pages","item":"http:\/\/www.tuyper-sa.com\/es\/pages\/"},{"@type":"ListItem","position":3,"name":"Login page"}]},{"@type":"WebSite","@id":"http:\/\/www.tuyper-sa.com\/es\/#website","url":"http:\/\/www.tuyper-sa.com\/es\/","name":"Tuyper","description":"Aceros Calibrados","publisher":{"@id":"http:\/\/www.tuyper-sa.com\/es\/#organization"},"alternateName":"tuyper s.a.","potentialAction":[{"@type":"SearchAction","target":{"@type":"EntryPoint","urlTemplate":"http:\/\/www.tuyper-sa.com\/es\/?s={search_term_string}"},"query-input":"required name=search_term_string"}],"inLanguage":"es"},{"@type":"Organization","@id":"http:\/\/www.tuyper-sa.com\/es\/#organization","name":"TUYPER - Calidad en aceros calibrados para estirados","alternateName":"Tuyper","url":"http:\/\/www.tuyper-sa.com\/es\/","logo":{"@type":"ImageObject","inLanguage":"es","@id":"http:\/\/www.tuyper-sa.com\/es\/#\/schema\/logo\/image\/","url":"http:\/\/www.tuyper-sa.com\/wp-content\/uploads\/2021\/01\/Logo_color.png","contentUrl":"http:\/\/www.tuyper-sa.com\/wp-content\/uploads\/2021\/01\/Logo_color.png","width":328,"height":103,"caption":"TUYPER - Calidad en aceros calibrados para estirados"},"image":{"@id":"http:\/\/www.tuyper-sa.com\/es\/#\/schema\/logo\/image\/"}}]}},"_links":{"self":[{"href":"http:\/\/www.tuyper-sa.com\/es\/wp-json\/wp\/v2\/pages\/5770","targetHints":{"allow":["GET"]}}],"collection":[{"href":"http:\/\/www.tuyper-sa.com\/es\/wp-json\/wp\/v2\/pages"}],"about":[{"href":"http:\/\/www.tuyper-sa.com\/es\/wp-json\/wp\/v2\/types\/page"}],"author":[{"embeddable":true,"href":"http:\/\/www.tuyper-sa.com\/es\/wp-json\/wp\/v2\/users\/1"}],"replies":[{"embeddable":true,"href":"http:\/\/www.tuyper-sa.com\/es\/wp-json\/wp\/v2\/comments?post=5770"}],"version-history":[{"count":0,"href":"http:\/\/www.tuyper-sa.com\/es\/wp-json\/wp\/v2\/pages\/5770\/revisions"}],"up":[{"embeddable":true,"href":"http:\/\/www.tuyper-sa.com\/es\/wp-json\/wp\/v2\/pages\/5718"}],"wp:attachment":[{"href":"http:\/\/www.tuyper-sa.com\/es\/wp-json\/wp\/v2\/media?parent=5770"}],"curies":[{"name":"wp","href":"https:\/\/api.w.org\/{rel}","templated":true}]}}