{"id":7558,"date":"2021-01-05T17:15:43","date_gmt":"2021-01-05T17:15:43","guid":{"rendered":"http:\/\/www.tuyper-sa.com\/?page_id=7558"},"modified":"2021-12-22T17:53:06","modified_gmt":"2021-12-22T17:53:06","slug":"tipos-de-acero","status":"publish","type":"page","link":"http:\/\/www.tuyper-sa.com\/es\/tipos-de-acero\/","title":{"rendered":"Tipos de acero"},"content":{"rendered":"<p>[vc_row css=&#8221;.vc_custom_1609870148764{padding-bottom: 150px !important;}&#8221;][vc_column]<div class=\"feature-sections-wrapper kd-fsp-69fa17bc30243 \">\r\n            <section class=\"feature-sections-tabs  \">\r\n              <nav class=\"kd-feature-tabs\">\r\n                <ul class=\"nav nav-tabs sticky-tabs container\">\r\n                <\/ul>\r\n              <\/nav>\r\n            <\/section>\r\n            <section id=\"kd-fss-69fa17bc30339\" class=\"featured-right \"><li class=\"nav-label\"><a class=\"feature-tabs-scroll\" href=\"#kd-fss-69fa17bc30339\">Cementaci\u00f3n<\/a><\/li><div class=\"container\">\r\n                <div class=\"side-content-wrapper \" ><h2 class=\"side-content-title\" >Aceros de cementaci\u00f3n<\/h2><h6 class=\"side-content-subtitle\" >Se utiliza para la construcci\u00f3n de piezas mec\u00e1nicas para los que se requiere una alta dureza superficial acompa\u00f1ada de buena tenacidad del n\u00facleo.<\/h6><div class=\"side-content-text\" ><\/p>\n<ul>\n<li><a href=\"http:\/\/www.tuyper-sa.com\/wp-content\/uploads\/2021\/12\/16MnCr5_v2.pdf\" target=\"_blank\" rel=\"noopener\">16nCr5<\/a><\/li>\n<li><a href=\"http:\/\/www.tuyper-sa.com\/wp-content\/uploads\/2021\/12\/16nCr55.pdf\" target=\"_blank\" rel=\"noopener\">16nCr55<\/a><\/li>\n<li><a href=\"http:\/\/www.tuyper-sa.com\/wp-content\/uploads\/2021\/12\/20MnCrS5.pdf\" target=\"_blank\" rel=\"noopener\">20MnCr55<\/a><\/li>\n<li><a href=\"http:\/\/www.tuyper-sa.com\/wp-content\/uploads\/2021\/12\/C10.pdf\" target=\"_blank\" rel=\"noopener\">C10<\/a><\/li>\n<li><a href=\"http:\/\/www.tuyper-sa.com\/wp-content\/uploads\/2021\/12\/C10E.pdf\" target=\"_blank\" rel=\"noopener\">C10E<\/a><\/li>\n<li><a href=\"http:\/\/www.tuyper-sa.com\/wp-content\/uploads\/2021\/12\/C10R.pdf\" target=\"_blank\" rel=\"noopener\">C10R<\/a><\/li>\n<li><a href=\"http:\/\/www.tuyper-sa.com\/wp-content\/uploads\/2021\/12\/C15.pdf\" target=\"_blank\" rel=\"noopener\">C15<\/a><\/li>\n<li><a href=\"http:\/\/www.tuyper-sa.com\/wp-content\/uploads\/2021\/12\/C15E.pdf\" target=\"_blank\" rel=\"noopener\">C15E<\/a><\/li>\n<li><a href=\"http:\/\/www.tuyper-sa.com\/wp-content\/uploads\/2021\/12\/C15R.pdf\" target=\"_blank\" rel=\"noopener\">C15R<\/a><\/li>\n<\/ul>\n<p>\n<\/div><div class=\"side-content-link sc-secondary-btn\"><a href=\"http:\/\/labs.berein.com\/tuyper\/wp-content\/uploads\/2021\/12\/CATALOGO-CEMENTACION.pdf\" target=\"_blank\" title=\"Download PDF\" class=\"tt_button tt_primary_button btn_primary_color button-action-link\">Download PDF<\/a><\/div><\/div><div class=\"side-featured-wrapper fss-rectangle\" >\r\n      <div class=\"featured-image\"><img loading=\"lazy\" decoding=\"async\" width=\"926\" height=\"618\" src=\"http:\/\/www.tuyper-sa.com\/wp-content\/uploads\/2021\/12\/IMG_0028_web.jpg\" class=\"attachment-full\" alt=\"\" srcset=\"http:\/\/www.tuyper-sa.com\/wp-content\/uploads\/2021\/12\/IMG_0028_web.jpg 926w, http:\/\/www.tuyper-sa.com\/wp-content\/uploads\/2021\/12\/IMG_0028_web-300x200.jpg 300w, http:\/\/www.tuyper-sa.com\/wp-content\/uploads\/2021\/12\/IMG_0028_web-768x513.jpg 768w\" sizes=\"auto, (max-width: 926px) 100vw, 926px\" \/><\/div>\r\n    <\/div><\/div>\r\n            <\/section><section id=\"kd-fss-69fa17bc308fe\" class=\"featured-left \"><li class=\"nav-label\"><a class=\"feature-tabs-scroll\" href=\"#kd-fss-69fa17bc308fe\">Para mecanizado<\/a><\/li><div class=\"container\">\r\n                <div class=\"side-content-wrapper \" ><h2 class=\"side-content-title\" >Aceros para mecanizado a alta velocidad<\/h2><h6 class=\"side-content-subtitle\" >Se utiliza para la construcci\u00f3n de piezas mec\u00e1nicas para los que se requiere una alta dureza superficial acompa\u00f1ada de buena tenacidad del n\u00facleo.<\/h6><div class=\"side-content-text\" ><\/p>\n<ul>\n<li>11SMN30<\/li>\n<li>11SMN37<\/li>\n<li>11SMNPB30<\/li>\n<li>11SMNPB37<\/li>\n<li>36SMNPB14<\/li>\n<li>38SMN28<\/li>\n<li>44SMN28<\/li>\n<li>46S20<\/li>\n<\/ul>\n<p>\n<\/div><div class=\"side-content-link sc-secondary-btn\"><a href=\"\" class=\"tt_button tt_primary_button btn_primary_color Download PDFbutton-action-link\">Download PDF<\/a><\/div><\/div><div class=\"side-featured-wrapper fss-rectangle\" >\r\n      <div class=\"featured-image\"><img loading=\"lazy\" decoding=\"async\" width=\"1629\" height=\"1086\" src=\"http:\/\/www.tuyper-sa.com\/wp-content\/uploads\/2021\/12\/Gama_productos_1.jpg\" class=\"attachment-full\" alt=\"\" srcset=\"http:\/\/www.tuyper-sa.com\/wp-content\/uploads\/2021\/12\/Gama_productos_1.jpg 1629w, http:\/\/www.tuyper-sa.com\/wp-content\/uploads\/2021\/12\/Gama_productos_1-300x200.jpg 300w, http:\/\/www.tuyper-sa.com\/wp-content\/uploads\/2021\/12\/Gama_productos_1-1024x683.jpg 1024w, http:\/\/www.tuyper-sa.com\/wp-content\/uploads\/2021\/12\/Gama_productos_1-768x512.jpg 768w, http:\/\/www.tuyper-sa.com\/wp-content\/uploads\/2021\/12\/Gama_productos_1-1536x1024.jpg 1536w\" sizes=\"auto, (max-width: 1629px) 100vw, 1629px\" \/><\/div>\r\n    <\/div><\/div>\r\n            <\/section><section id=\"kd-fss-69fa17bc30e84\" class=\"featured-right \"><li class=\"nav-label\"><a class=\"feature-tabs-scroll\" href=\"#kd-fss-69fa17bc30e84\">Temple y revenido<\/a><\/li><div class=\"container\">\r\n                <div class=\"side-content-wrapper \" ><h2 class=\"side-content-title\" >Aceros para temple y revenido.<\/h2><h6 class=\"side-content-subtitle\" >Se utilizan para piezas mec\u00e1nicas, ejes, bielas\u2026<\/h6><div class=\"side-content-text\" ><\/p>\n<ul>\n<li>42CrMo4<\/li>\n<li>C22<\/li>\n<li>C22E<\/li>\n<li>C22R<\/li>\n<li>C35<\/li>\n<li>C35E<\/li>\n<li>C35R<\/li>\n<li>C40<\/li>\n<li>C40E<\/li>\n<li>C40R<\/li>\n<li>C45<\/li>\n<li>C45E<\/li>\n<li>C45R<\/li>\n<\/ul>\n<p>\n<\/div><div class=\"side-content-link sc-secondary-btn\"><a href=\"\" class=\"tt_button tt_primary_button btn_primary_color button-action-link\">Download PDF<\/a><\/div><\/div><div class=\"side-featured-wrapper fss-rectangle\" >\r\n      <div class=\"featured-image\"><img loading=\"lazy\" decoding=\"async\" width=\"2560\" height=\"1707\" src=\"http:\/\/www.tuyper-sa.com\/wp-content\/uploads\/2021\/12\/IMG_0001_web-scaled.jpg\" class=\"attachment-full\" alt=\"\" srcset=\"http:\/\/www.tuyper-sa.com\/wp-content\/uploads\/2021\/12\/IMG_0001_web-scaled.jpg 2560w, http:\/\/www.tuyper-sa.com\/wp-content\/uploads\/2021\/12\/IMG_0001_web-300x200.jpg 300w, http:\/\/www.tuyper-sa.com\/wp-content\/uploads\/2021\/12\/IMG_0001_web-1024x683.jpg 1024w, http:\/\/www.tuyper-sa.com\/wp-content\/uploads\/2021\/12\/IMG_0001_web-768x512.jpg 768w, http:\/\/www.tuyper-sa.com\/wp-content\/uploads\/2021\/12\/IMG_0001_web-1536x1024.jpg 1536w, http:\/\/www.tuyper-sa.com\/wp-content\/uploads\/2021\/12\/IMG_0001_web-2048x1365.jpg 2048w\" sizes=\"auto, (max-width: 2560px) 100vw, 2560px\" \/><\/div>\r\n    <\/div><\/div>\r\n            <\/section><section id=\"kd-fss-69fa17bc31423\" class=\"featured-left \"><li class=\"nav-label\"><a class=\"feature-tabs-scroll\" href=\"#kd-fss-69fa17bc31423\">No aleados<\/a><\/li><div class=\"container\">\r\n                <div class=\"side-content-wrapper \" ><h2 class=\"side-content-title\" >Aceros no aleados para aplicaciones estructurales<\/h2><h6 class=\"side-content-subtitle\" >Son aceros duros con carbono limitado por lo que tienen buena soldabilidad y capacidad de deformaci\u00f3n en fr\u00edo y en caliente.<\/h6><div class=\"side-content-text\" ><\/p>\n<ul>\n<li>S235JR<\/li>\n<li>S235JRC<\/li>\n<li>S275JR<\/li>\n<li>S355JRC<\/li>\n<\/ul>\n<p>\n<\/div><div class=\"side-content-link sc-secondary-btn\"><a href=\"\" class=\"tt_button tt_primary_button btn_primary_color button-action-link\">Download PDF<\/a><\/div><\/div><div class=\"side-featured-wrapper fss-rectangle\" >\r\n      <div class=\"featured-image\"><img loading=\"lazy\" decoding=\"async\" width=\"2560\" height=\"1707\" src=\"http:\/\/www.tuyper-sa.com\/wp-content\/uploads\/2021\/12\/IMG_0010_web-scaled.jpg\" class=\"attachment-full\" alt=\"\" srcset=\"http:\/\/www.tuyper-sa.com\/wp-content\/uploads\/2021\/12\/IMG_0010_web-scaled.jpg 2560w, http:\/\/www.tuyper-sa.com\/wp-content\/uploads\/2021\/12\/IMG_0010_web-300x200.jpg 300w, http:\/\/www.tuyper-sa.com\/wp-content\/uploads\/2021\/12\/IMG_0010_web-1024x683.jpg 1024w, http:\/\/www.tuyper-sa.com\/wp-content\/uploads\/2021\/12\/IMG_0010_web-768x512.jpg 768w, http:\/\/www.tuyper-sa.com\/wp-content\/uploads\/2021\/12\/IMG_0010_web-1536x1024.jpg 1536w, http:\/\/www.tuyper-sa.com\/wp-content\/uploads\/2021\/12\/IMG_0010_web-2048x1365.jpg 2048w\" sizes=\"auto, (max-width: 2560px) 100vw, 2560px\" \/><\/div>\r\n    <\/div><\/div>\r\n            <\/section>\r\n            <\/div><style type=\"text\/css\"><\/style>[\/vc_column][\/vc_row]<\/p>\n","protected":false},"excerpt":{"rendered":"<p>[vc_row css=&#8221;.vc_custom_1609870148764{padding-bottom: 150px !important;}&#8221;][vc_column][\/vc_column][\/vc_row]<\/p>\n","protected":false},"author":1,"featured_media":0,"parent":0,"menu_order":0,"comment_status":"closed","ping_status":"closed","template":"","meta":{"footnotes":""},"class_list":["post-7558","page","type-page","status-publish","hentry"],"yoast_head":"<!-- This site is optimized with the Yoast SEO plugin v19.10 - https:\/\/yoast.com\/wordpress\/plugins\/seo\/ -->\n<title>Tipos de acero - Tuyper<\/title>\n<meta name=\"description\" content=\"TUYPER. Calidad en aceros calibrados para estirado. Nuestras instalaciones, dotadas de un de alto nivel tecnol\u00f3gico, se han ido ampliando y renovando con el transcurso de los a\u00f1os y garantizan la m\u00e1xima calidad en nuestra fabricaci\u00f3n seg\u00fan las normas internacionales. .\" \/>\n<meta name=\"robots\" content=\"index, follow, max-snippet:-1, max-image-preview:large, max-video-preview:-1\" \/>\n<link rel=\"canonical\" href=\"http:\/\/www.tuyper-sa.com\/es\/tipos-de-acero\/\" \/>\n<meta property=\"og:locale\" content=\"es_ES\" \/>\n<meta property=\"og:type\" content=\"article\" \/>\n<meta property=\"og:title\" content=\"Tipos de acero - Tuyper\" \/>\n<meta property=\"og:description\" content=\"TUYPER. Calidad en aceros calibrados para estirado. Nuestras instalaciones, dotadas de un de alto nivel tecnol\u00f3gico, se han ido ampliando y renovando con el transcurso de los a\u00f1os y garantizan la m\u00e1xima calidad en nuestra fabricaci\u00f3n seg\u00fan las normas internacionales. .\" \/>\n<meta property=\"og:url\" content=\"http:\/\/www.tuyper-sa.com\/es\/tipos-de-acero\/\" \/>\n<meta property=\"og:site_name\" content=\"Tuyper\" \/>\n<meta property=\"article:modified_time\" content=\"2021-12-22T17:53:06+00:00\" \/>\n<meta name=\"twitter:card\" content=\"summary_large_image\" \/>\n<meta name=\"twitter:label1\" content=\"Tiempo de lectura\" \/>\n\t<meta name=\"twitter:data1\" content=\"3 minutos\" \/>\n<script type=\"application\/ld+json\" class=\"yoast-schema-graph\">{\"@context\":\"https:\/\/schema.org\",\"@graph\":[{\"@type\":\"WebPage\",\"@id\":\"http:\/\/www.tuyper-sa.com\/es\/tipos-de-acero\/\",\"url\":\"http:\/\/www.tuyper-sa.com\/es\/tipos-de-acero\/\",\"name\":\"Tipos de acero - Tuyper\",\"isPartOf\":{\"@id\":\"http:\/\/www.tuyper-sa.com\/es\/#website\"},\"datePublished\":\"2021-01-05T17:15:43+00:00\",\"dateModified\":\"2021-12-22T17:53:06+00:00\",\"description\":\"TUYPER. Calidad en aceros calibrados para estirado. Nuestras instalaciones, dotadas de un de alto nivel tecnol\u00f3gico, se han ido ampliando y renovando con el transcurso de los a\u00f1os y garantizan la m\u00e1xima calidad en nuestra fabricaci\u00f3n seg\u00fan las normas internacionales. .\",\"breadcrumb\":{\"@id\":\"http:\/\/www.tuyper-sa.com\/es\/tipos-de-acero\/#breadcrumb\"},\"inLanguage\":\"es\",\"potentialAction\":[{\"@type\":\"ReadAction\",\"target\":[\"http:\/\/www.tuyper-sa.com\/es\/tipos-de-acero\/\"]}]},{\"@type\":\"BreadcrumbList\",\"@id\":\"http:\/\/www.tuyper-sa.com\/es\/tipos-de-acero\/#breadcrumb\",\"itemListElement\":[{\"@type\":\"ListItem\",\"position\":1,\"name\":\"Portada\",\"item\":\"http:\/\/www.tuyper-sa.com\/es\/\"},{\"@type\":\"ListItem\",\"position\":2,\"name\":\"Tipos de acero\"}]},{\"@type\":\"WebSite\",\"@id\":\"http:\/\/www.tuyper-sa.com\/es\/#website\",\"url\":\"http:\/\/www.tuyper-sa.com\/es\/\",\"name\":\"Tuyper\",\"description\":\"Aceros Calibrados\",\"publisher\":{\"@id\":\"http:\/\/www.tuyper-sa.com\/es\/#organization\"},\"alternateName\":\"tuyper s.a.\",\"potentialAction\":[{\"@type\":\"SearchAction\",\"target\":{\"@type\":\"EntryPoint\",\"urlTemplate\":\"http:\/\/www.tuyper-sa.com\/es\/?s={search_term_string}\"},\"query-input\":\"required name=search_term_string\"}],\"inLanguage\":\"es\"},{\"@type\":\"Organization\",\"@id\":\"http:\/\/www.tuyper-sa.com\/es\/#organization\",\"name\":\"TUYPER - Calidad en aceros calibrados para estirados\",\"alternateName\":\"Tuyper\",\"url\":\"http:\/\/www.tuyper-sa.com\/es\/\",\"logo\":{\"@type\":\"ImageObject\",\"inLanguage\":\"es\",\"@id\":\"http:\/\/www.tuyper-sa.com\/es\/#\/schema\/logo\/image\/\",\"url\":\"http:\/\/www.tuyper-sa.com\/wp-content\/uploads\/2021\/01\/Logo_color.png\",\"contentUrl\":\"http:\/\/www.tuyper-sa.com\/wp-content\/uploads\/2021\/01\/Logo_color.png\",\"width\":328,\"height\":103,\"caption\":\"TUYPER - Calidad en aceros calibrados para estirados\"},\"image\":{\"@id\":\"http:\/\/www.tuyper-sa.com\/es\/#\/schema\/logo\/image\/\"}}]}<\/script>\n<!-- \/ Yoast SEO plugin. -->","yoast_head_json":{"title":"Tipos de acero - Tuyper","description":"TUYPER. Calidad en aceros calibrados para estirado. Nuestras instalaciones, dotadas de un de alto nivel tecnol\u00f3gico, se han ido ampliando y renovando con el transcurso de los a\u00f1os y garantizan la m\u00e1xima calidad en nuestra fabricaci\u00f3n seg\u00fan las normas internacionales. .","robots":{"index":"index","follow":"follow","max-snippet":"max-snippet:-1","max-image-preview":"max-image-preview:large","max-video-preview":"max-video-preview:-1"},"canonical":"http:\/\/www.tuyper-sa.com\/es\/tipos-de-acero\/","og_locale":"es_ES","og_type":"article","og_title":"Tipos de acero - Tuyper","og_description":"TUYPER. Calidad en aceros calibrados para estirado. Nuestras instalaciones, dotadas de un de alto nivel tecnol\u00f3gico, se han ido ampliando y renovando con el transcurso de los a\u00f1os y garantizan la m\u00e1xima calidad en nuestra fabricaci\u00f3n seg\u00fan las normas internacionales. .","og_url":"http:\/\/www.tuyper-sa.com\/es\/tipos-de-acero\/","og_site_name":"Tuyper","article_modified_time":"2021-12-22T17:53:06+00:00","twitter_card":"summary_large_image","twitter_misc":{"Tiempo de lectura":"3 minutos"},"schema":{"@context":"https:\/\/schema.org","@graph":[{"@type":"WebPage","@id":"http:\/\/www.tuyper-sa.com\/es\/tipos-de-acero\/","url":"http:\/\/www.tuyper-sa.com\/es\/tipos-de-acero\/","name":"Tipos de acero - Tuyper","isPartOf":{"@id":"http:\/\/www.tuyper-sa.com\/es\/#website"},"datePublished":"2021-01-05T17:15:43+00:00","dateModified":"2021-12-22T17:53:06+00:00","description":"TUYPER. Calidad en aceros calibrados para estirado. Nuestras instalaciones, dotadas de un de alto nivel tecnol\u00f3gico, se han ido ampliando y renovando con el transcurso de los a\u00f1os y garantizan la m\u00e1xima calidad en nuestra fabricaci\u00f3n seg\u00fan las normas internacionales. .","breadcrumb":{"@id":"http:\/\/www.tuyper-sa.com\/es\/tipos-de-acero\/#breadcrumb"},"inLanguage":"es","potentialAction":[{"@type":"ReadAction","target":["http:\/\/www.tuyper-sa.com\/es\/tipos-de-acero\/"]}]},{"@type":"BreadcrumbList","@id":"http:\/\/www.tuyper-sa.com\/es\/tipos-de-acero\/#breadcrumb","itemListElement":[{"@type":"ListItem","position":1,"name":"Portada","item":"http:\/\/www.tuyper-sa.com\/es\/"},{"@type":"ListItem","position":2,"name":"Tipos de acero"}]},{"@type":"WebSite","@id":"http:\/\/www.tuyper-sa.com\/es\/#website","url":"http:\/\/www.tuyper-sa.com\/es\/","name":"Tuyper","description":"Aceros Calibrados","publisher":{"@id":"http:\/\/www.tuyper-sa.com\/es\/#organization"},"alternateName":"tuyper s.a.","potentialAction":[{"@type":"SearchAction","target":{"@type":"EntryPoint","urlTemplate":"http:\/\/www.tuyper-sa.com\/es\/?s={search_term_string}"},"query-input":"required name=search_term_string"}],"inLanguage":"es"},{"@type":"Organization","@id":"http:\/\/www.tuyper-sa.com\/es\/#organization","name":"TUYPER - Calidad en aceros calibrados para estirados","alternateName":"Tuyper","url":"http:\/\/www.tuyper-sa.com\/es\/","logo":{"@type":"ImageObject","inLanguage":"es","@id":"http:\/\/www.tuyper-sa.com\/es\/#\/schema\/logo\/image\/","url":"http:\/\/www.tuyper-sa.com\/wp-content\/uploads\/2021\/01\/Logo_color.png","contentUrl":"http:\/\/www.tuyper-sa.com\/wp-content\/uploads\/2021\/01\/Logo_color.png","width":328,"height":103,"caption":"TUYPER - Calidad en aceros calibrados para estirados"},"image":{"@id":"http:\/\/www.tuyper-sa.com\/es\/#\/schema\/logo\/image\/"}}]}},"_links":{"self":[{"href":"http:\/\/www.tuyper-sa.com\/es\/wp-json\/wp\/v2\/pages\/7558","targetHints":{"allow":["GET"]}}],"collection":[{"href":"http:\/\/www.tuyper-sa.com\/es\/wp-json\/wp\/v2\/pages"}],"about":[{"href":"http:\/\/www.tuyper-sa.com\/es\/wp-json\/wp\/v2\/types\/page"}],"author":[{"embeddable":true,"href":"http:\/\/www.tuyper-sa.com\/es\/wp-json\/wp\/v2\/users\/1"}],"replies":[{"embeddable":true,"href":"http:\/\/www.tuyper-sa.com\/es\/wp-json\/wp\/v2\/comments?post=7558"}],"version-history":[{"count":21,"href":"http:\/\/www.tuyper-sa.com\/es\/wp-json\/wp\/v2\/pages\/7558\/revisions"}],"predecessor-version":[{"id":7682,"href":"http:\/\/www.tuyper-sa.com\/es\/wp-json\/wp\/v2\/pages\/7558\/revisions\/7682"}],"wp:attachment":[{"href":"http:\/\/www.tuyper-sa.com\/es\/wp-json\/wp\/v2\/media?parent=7558"}],"curies":[{"name":"wp","href":"https:\/\/api.w.org\/{rel}","templated":true}]}}