{"id":7760,"date":"2022-01-17T12:05:47","date_gmt":"2022-01-17T12:05:47","guid":{"rendered":"http:\/\/www.tuyper-sa.com\/?page_id=7760"},"modified":"2022-01-18T10:52:53","modified_gmt":"2022-01-18T10:52:53","slug":"astm-a29-29m","status":"publish","type":"page","link":"http:\/\/www.tuyper-sa.com\/es\/astm-a29-29m\/","title":{"rendered":"ASTM A29\/29M"},"content":{"rendered":"<p>[vc_row css=&#8221;.vc_custom_1609870148764{padding-bottom: 150px !important;}&#8221;][vc_column]<div class=\"feature-sections-wrapper kd-fsp-69e203d090704 \">\r\n            <section class=\"feature-sections-tabs  \">\r\n              <nav class=\"kd-feature-tabs\">\r\n                <ul class=\"nav nav-tabs sticky-tabs container\">\r\n                <\/ul>\r\n              <\/nav>\r\n            <\/section>\r\n            <section id=\"kd-fss-69e203d0907f1\" class=\"featured-right \"><li class=\"nav-label\"><a class=\"feature-tabs-scroll\" href=\"#kd-fss-69e203d0907f1\">Nonresulfurized<\/a><\/li><div class=\"container\">\r\n                <div class=\"side-content-wrapper \" ><h2 class=\"side-content-title\" >Nonresulfurized Carbon Steel Bars<\/h2><div class=\"side-content-text\" ><\/p>\n<ul>\n<li><a href=\"http:\/\/www.tuyper-sa.com\/wp-content\/uploads\/2022\/01\/1008.pdf\" target=\"_blank\" rel=\"noopener\">1008<\/a><\/li>\n<li><a href=\"http:\/\/www.tuyper-sa.com\/wp-content\/uploads\/2022\/01\/1018.pdf\" target=\"_blank\" rel=\"noopener\">1018<\/a><\/li>\n<li><a href=\"http:\/\/www.tuyper-sa.com\/wp-content\/uploads\/2022\/01\/1045.pdf\" target=\"_blank\" rel=\"noopener\">1045<\/a><\/li>\n<\/ul>\n<p>\n<\/div><div class=\"side-content-link sc-secondary-btn\"><a href=\"http:\/\/labs.berein.com\/tuyper\/wp-content\/uploads\/2022\/01\/Nonresulfurized_Carbon_Steel_Bars.pdf\" target=\"_blank\" title=\"Download PDF\" class=\"tt_button tt_primary_button btn_primary_color button-action-link\">Download PDF<\/a><\/div><\/div><div class=\"side-featured-wrapper fss-rectangle\" >\r\n      <div class=\"featured-image\"><img loading=\"lazy\" decoding=\"async\" width=\"926\" height=\"618\" src=\"http:\/\/www.tuyper-sa.com\/wp-content\/uploads\/2021\/12\/IMG_0028_web.jpg\" class=\"attachment-full\" alt=\"\" srcset=\"http:\/\/www.tuyper-sa.com\/wp-content\/uploads\/2021\/12\/IMG_0028_web.jpg 926w, http:\/\/www.tuyper-sa.com\/wp-content\/uploads\/2021\/12\/IMG_0028_web-300x200.jpg 300w, http:\/\/www.tuyper-sa.com\/wp-content\/uploads\/2021\/12\/IMG_0028_web-768x513.jpg 768w\" sizes=\"auto, (max-width: 926px) 100vw, 926px\" \/><\/div>\r\n    <\/div><\/div>\r\n            <\/section><section id=\"kd-fss-69e203d0910cb\" class=\"featured-left \"><li class=\"nav-label\"><a class=\"feature-tabs-scroll\" href=\"#kd-fss-69e203d0910cb\">Resulfurized<\/a><\/li><div class=\"container\">\r\n                <div class=\"side-content-wrapper \" ><h2 class=\"side-content-title\" >Resulfurized Carbon Steel Bars<\/h2><div class=\"side-content-text\" ><\/p>\n<ul>\n<li><a href=\"http:\/\/www.tuyper-sa.com\/wp-content\/uploads\/2022\/01\/1117.pdf\" target=\"_blank\" rel=\"noopener\">1117<\/a><\/li>\n<li><a href=\"http:\/\/www.tuyper-sa.com\/wp-content\/uploads\/2022\/01\/1141.pdf\" target=\"_blank\" rel=\"noopener\">1141<\/a><\/li>\n<li><a href=\"http:\/\/www.tuyper-sa.com\/wp-content\/uploads\/2022\/01\/1144.pdf\" target=\"_blank\" rel=\"noopener\">1144<\/a><\/li>\n<\/ul>\n<p>\n<\/div><div class=\"side-content-link sc-secondary-btn\"><a href=\"http:\/\/labs.berein.com\/tuyper\/wp-content\/uploads\/2022\/01\/Resulfurized_Carbon_Steel_Bars.pdf\" target=\"_blank\" title=\"Download PDF\" class=\"tt_button tt_primary_button btn_primary_color Download PDFbutton-action-link\">Download PDF<\/a><\/div><\/div><div class=\"side-featured-wrapper fss-rectangle\" >\r\n      <div class=\"featured-image\"><img loading=\"lazy\" decoding=\"async\" width=\"1629\" height=\"1086\" src=\"http:\/\/www.tuyper-sa.com\/wp-content\/uploads\/2021\/12\/Gama_productos_1.jpg\" class=\"attachment-full\" alt=\"\" srcset=\"http:\/\/www.tuyper-sa.com\/wp-content\/uploads\/2021\/12\/Gama_productos_1.jpg 1629w, http:\/\/www.tuyper-sa.com\/wp-content\/uploads\/2021\/12\/Gama_productos_1-300x200.jpg 300w, http:\/\/www.tuyper-sa.com\/wp-content\/uploads\/2021\/12\/Gama_productos_1-1024x683.jpg 1024w, http:\/\/www.tuyper-sa.com\/wp-content\/uploads\/2021\/12\/Gama_productos_1-768x512.jpg 768w, http:\/\/www.tuyper-sa.com\/wp-content\/uploads\/2021\/12\/Gama_productos_1-1536x1024.jpg 1536w\" sizes=\"auto, (max-width: 1629px) 100vw, 1629px\" \/><\/div>\r\n    <\/div><\/div>\r\n            <\/section><section id=\"kd-fss-69e203d091595\" class=\"featured-right \"><li class=\"nav-label\"><a class=\"feature-tabs-scroll\" href=\"#kd-fss-69e203d091595\">Rephosphorized &amp; Resulfurized<\/a><\/li><div class=\"container\">\r\n                <div class=\"side-content-wrapper \" ><h2 class=\"side-content-title\" >Rephosphorized and Resulfurized Carbon Steel Bars<\/h2><div class=\"side-content-text\" ><\/p>\n<ul>\n<li><a href=\"http:\/\/www.tuyper-sa.com\/wp-content\/uploads\/2022\/01\/1215.pdf\" target=\"_blank\" rel=\"noopener\">1215<\/a><\/li>\n<li><a href=\"http:\/\/www.tuyper-sa.com\/wp-content\/uploads\/2022\/01\/12L14.pdf\" target=\"_blank\" rel=\"noopener\">12L14<\/a><\/li>\n<\/ul>\n<p>\n<\/div><div class=\"side-content-link sc-secondary-btn\"><a href=\"http:\/\/labs.berein.com\/tuyper\/wp-content\/uploads\/2022\/01\/Rephosphorized_and_Resulfurized_Carbon_Steel_Bars.pdf\" target=\"_blank\" title=\"Download PDF\" class=\"tt_button tt_primary_button btn_primary_color button-action-link\">Download PDF<\/a><\/div><\/div><div class=\"side-featured-wrapper fss-rectangle\" >\r\n      <div class=\"featured-image\"><img loading=\"lazy\" decoding=\"async\" width=\"2560\" height=\"1707\" src=\"http:\/\/www.tuyper-sa.com\/wp-content\/uploads\/2021\/12\/IMG_9996_web-scaled.jpg\" class=\"attachment-full\" alt=\"\" srcset=\"http:\/\/www.tuyper-sa.com\/wp-content\/uploads\/2021\/12\/IMG_9996_web-scaled.jpg 2560w, http:\/\/www.tuyper-sa.com\/wp-content\/uploads\/2021\/12\/IMG_9996_web-300x200.jpg 300w, http:\/\/www.tuyper-sa.com\/wp-content\/uploads\/2021\/12\/IMG_9996_web-1024x683.jpg 1024w, http:\/\/www.tuyper-sa.com\/wp-content\/uploads\/2021\/12\/IMG_9996_web-768x512.jpg 768w, http:\/\/www.tuyper-sa.com\/wp-content\/uploads\/2021\/12\/IMG_9996_web-1536x1024.jpg 1536w, http:\/\/www.tuyper-sa.com\/wp-content\/uploads\/2021\/12\/IMG_9996_web-2048x1365.jpg 2048w\" sizes=\"auto, (max-width: 2560px) 100vw, 2560px\" \/><\/div>\r\n    <\/div><\/div>\r\n            <\/section><section id=\"kd-fss-69e203d091a24\" class=\"featured-left \"><li class=\"nav-label\"><a class=\"feature-tabs-scroll\" href=\"#kd-fss-69e203d091a24\">Alloy Steel Bars<\/a><\/li><div class=\"container\">\r\n                <div class=\"side-content-wrapper \" ><h2 class=\"side-content-title\" >Alloy Steel Bars<\/h2><div class=\"side-content-text\" ><\/p>\n<ul>\n<li><a href=\"http:\/\/www.tuyper-sa.com\/wp-content\/uploads\/2022\/01\/4140.pdf\" target=\"_blank\" rel=\"noopener\">4140<\/a><\/li>\n<li><a href=\"http:\/\/www.tuyper-sa.com\/wp-content\/uploads\/2022\/01\/8620.pdf\" target=\"_blank\" rel=\"noopener\">8620<\/a><\/li>\n<\/ul>\n<p>\n<\/div><div class=\"side-content-link sc-secondary-btn\"><a href=\"http:\/\/labs.berein.com\/tuyper\/wp-content\/uploads\/2022\/01\/Alloy_Steel_Bars.pdf\" target=\"_blank\" title=\"Download PDF\" class=\"tt_button tt_primary_button btn_primary_color button-action-link\">Download PDF<\/a><\/div><\/div><div class=\"side-featured-wrapper fss-rectangle\" >\r\n      <div class=\"featured-image\"><img loading=\"lazy\" decoding=\"async\" width=\"2560\" height=\"1707\" src=\"http:\/\/www.tuyper-sa.com\/wp-content\/uploads\/2021\/12\/IMG_0010_web-scaled.jpg\" class=\"attachment-full\" alt=\"\" srcset=\"http:\/\/www.tuyper-sa.com\/wp-content\/uploads\/2021\/12\/IMG_0010_web-scaled.jpg 2560w, http:\/\/www.tuyper-sa.com\/wp-content\/uploads\/2021\/12\/IMG_0010_web-300x200.jpg 300w, http:\/\/www.tuyper-sa.com\/wp-content\/uploads\/2021\/12\/IMG_0010_web-1024x683.jpg 1024w, http:\/\/www.tuyper-sa.com\/wp-content\/uploads\/2021\/12\/IMG_0010_web-768x512.jpg 768w, http:\/\/www.tuyper-sa.com\/wp-content\/uploads\/2021\/12\/IMG_0010_web-1536x1024.jpg 1536w, http:\/\/www.tuyper-sa.com\/wp-content\/uploads\/2021\/12\/IMG_0010_web-2048x1365.jpg 2048w\" sizes=\"auto, (max-width: 2560px) 100vw, 2560px\" \/><\/div>\r\n    <\/div><\/div>\r\n            <\/section>\r\n            <\/div><style type=\"text\/css\"><\/style>[\/vc_column][\/vc_row]<\/p>\n","protected":false},"excerpt":{"rendered":"<p>[vc_row css=&#8221;.vc_custom_1609870148764{padding-bottom: 150px !important;}&#8221;][vc_column][\/vc_column][\/vc_row]<\/p>\n","protected":false},"author":1,"featured_media":0,"parent":0,"menu_order":0,"comment_status":"closed","ping_status":"closed","template":"","meta":{"footnotes":""},"class_list":["post-7760","page","type-page","status-publish","hentry"],"yoast_head":"<!-- This site is optimized with the Yoast SEO plugin v19.10 - https:\/\/yoast.com\/wordpress\/plugins\/seo\/ -->\n<title>ASTM A29\/29M - Tuyper<\/title>\n<meta name=\"description\" content=\"TUYPER. Calidad en aceros calibrados para estirado. Nuestras instalaciones, dotadas de un de alto nivel tecnol\u00f3gico, se han ido ampliando y renovando con el transcurso de los a\u00f1os y garantizan la m\u00e1xima calidad en nuestra fabricaci\u00f3n seg\u00fan las normas internacionales. .\" \/>\n<meta name=\"robots\" content=\"index, follow, max-snippet:-1, max-image-preview:large, max-video-preview:-1\" \/>\n<link rel=\"canonical\" href=\"http:\/\/www.tuyper-sa.com\/es\/astm-a29-29m\/\" \/>\n<meta property=\"og:locale\" content=\"es_ES\" \/>\n<meta property=\"og:type\" content=\"article\" \/>\n<meta property=\"og:title\" content=\"ASTM A29\/29M - Tuyper\" \/>\n<meta property=\"og:description\" content=\"TUYPER. Calidad en aceros calibrados para estirado. Nuestras instalaciones, dotadas de un de alto nivel tecnol\u00f3gico, se han ido ampliando y renovando con el transcurso de los a\u00f1os y garantizan la m\u00e1xima calidad en nuestra fabricaci\u00f3n seg\u00fan las normas internacionales. .\" \/>\n<meta property=\"og:url\" content=\"http:\/\/www.tuyper-sa.com\/es\/astm-a29-29m\/\" \/>\n<meta property=\"og:site_name\" content=\"Tuyper\" \/>\n<meta property=\"article:modified_time\" content=\"2022-01-18T10:52:53+00:00\" \/>\n<meta name=\"twitter:card\" content=\"summary_large_image\" \/>\n<meta name=\"twitter:label1\" content=\"Tiempo de lectura\" \/>\n\t<meta name=\"twitter:data1\" content=\"3 minutos\" \/>\n<script type=\"application\/ld+json\" class=\"yoast-schema-graph\">{\"@context\":\"https:\/\/schema.org\",\"@graph\":[{\"@type\":\"WebPage\",\"@id\":\"http:\/\/www.tuyper-sa.com\/es\/astm-a29-29m\/\",\"url\":\"http:\/\/www.tuyper-sa.com\/es\/astm-a29-29m\/\",\"name\":\"ASTM A29\/29M - Tuyper\",\"isPartOf\":{\"@id\":\"http:\/\/www.tuyper-sa.com\/es\/#website\"},\"datePublished\":\"2022-01-17T12:05:47+00:00\",\"dateModified\":\"2022-01-18T10:52:53+00:00\",\"description\":\"TUYPER. Calidad en aceros calibrados para estirado. Nuestras instalaciones, dotadas de un de alto nivel tecnol\u00f3gico, se han ido ampliando y renovando con el transcurso de los a\u00f1os y garantizan la m\u00e1xima calidad en nuestra fabricaci\u00f3n seg\u00fan las normas internacionales. .\",\"breadcrumb\":{\"@id\":\"http:\/\/www.tuyper-sa.com\/es\/astm-a29-29m\/#breadcrumb\"},\"inLanguage\":\"es\",\"potentialAction\":[{\"@type\":\"ReadAction\",\"target\":[\"http:\/\/www.tuyper-sa.com\/es\/astm-a29-29m\/\"]}]},{\"@type\":\"BreadcrumbList\",\"@id\":\"http:\/\/www.tuyper-sa.com\/es\/astm-a29-29m\/#breadcrumb\",\"itemListElement\":[{\"@type\":\"ListItem\",\"position\":1,\"name\":\"Portada\",\"item\":\"http:\/\/www.tuyper-sa.com\/es\/\"},{\"@type\":\"ListItem\",\"position\":2,\"name\":\"ASTM A29\/29M\"}]},{\"@type\":\"WebSite\",\"@id\":\"http:\/\/www.tuyper-sa.com\/es\/#website\",\"url\":\"http:\/\/www.tuyper-sa.com\/es\/\",\"name\":\"Tuyper\",\"description\":\"Aceros Calibrados\",\"publisher\":{\"@id\":\"http:\/\/www.tuyper-sa.com\/es\/#organization\"},\"alternateName\":\"tuyper s.a.\",\"potentialAction\":[{\"@type\":\"SearchAction\",\"target\":{\"@type\":\"EntryPoint\",\"urlTemplate\":\"http:\/\/www.tuyper-sa.com\/es\/?s={search_term_string}\"},\"query-input\":\"required name=search_term_string\"}],\"inLanguage\":\"es\"},{\"@type\":\"Organization\",\"@id\":\"http:\/\/www.tuyper-sa.com\/es\/#organization\",\"name\":\"TUYPER - Calidad en aceros calibrados para estirados\",\"alternateName\":\"Tuyper\",\"url\":\"http:\/\/www.tuyper-sa.com\/es\/\",\"logo\":{\"@type\":\"ImageObject\",\"inLanguage\":\"es\",\"@id\":\"http:\/\/www.tuyper-sa.com\/es\/#\/schema\/logo\/image\/\",\"url\":\"http:\/\/www.tuyper-sa.com\/wp-content\/uploads\/2021\/01\/Logo_color.png\",\"contentUrl\":\"http:\/\/www.tuyper-sa.com\/wp-content\/uploads\/2021\/01\/Logo_color.png\",\"width\":328,\"height\":103,\"caption\":\"TUYPER - Calidad en aceros calibrados para estirados\"},\"image\":{\"@id\":\"http:\/\/www.tuyper-sa.com\/es\/#\/schema\/logo\/image\/\"}}]}<\/script>\n<!-- \/ Yoast SEO plugin. -->","yoast_head_json":{"title":"ASTM A29\/29M - Tuyper","description":"TUYPER. Calidad en aceros calibrados para estirado. Nuestras instalaciones, dotadas de un de alto nivel tecnol\u00f3gico, se han ido ampliando y renovando con el transcurso de los a\u00f1os y garantizan la m\u00e1xima calidad en nuestra fabricaci\u00f3n seg\u00fan las normas internacionales. .","robots":{"index":"index","follow":"follow","max-snippet":"max-snippet:-1","max-image-preview":"max-image-preview:large","max-video-preview":"max-video-preview:-1"},"canonical":"http:\/\/www.tuyper-sa.com\/es\/astm-a29-29m\/","og_locale":"es_ES","og_type":"article","og_title":"ASTM A29\/29M - Tuyper","og_description":"TUYPER. Calidad en aceros calibrados para estirado. Nuestras instalaciones, dotadas de un de alto nivel tecnol\u00f3gico, se han ido ampliando y renovando con el transcurso de los a\u00f1os y garantizan la m\u00e1xima calidad en nuestra fabricaci\u00f3n seg\u00fan las normas internacionales. .","og_url":"http:\/\/www.tuyper-sa.com\/es\/astm-a29-29m\/","og_site_name":"Tuyper","article_modified_time":"2022-01-18T10:52:53+00:00","twitter_card":"summary_large_image","twitter_misc":{"Tiempo de lectura":"3 minutos"},"schema":{"@context":"https:\/\/schema.org","@graph":[{"@type":"WebPage","@id":"http:\/\/www.tuyper-sa.com\/es\/astm-a29-29m\/","url":"http:\/\/www.tuyper-sa.com\/es\/astm-a29-29m\/","name":"ASTM A29\/29M - Tuyper","isPartOf":{"@id":"http:\/\/www.tuyper-sa.com\/es\/#website"},"datePublished":"2022-01-17T12:05:47+00:00","dateModified":"2022-01-18T10:52:53+00:00","description":"TUYPER. Calidad en aceros calibrados para estirado. Nuestras instalaciones, dotadas de un de alto nivel tecnol\u00f3gico, se han ido ampliando y renovando con el transcurso de los a\u00f1os y garantizan la m\u00e1xima calidad en nuestra fabricaci\u00f3n seg\u00fan las normas internacionales. .","breadcrumb":{"@id":"http:\/\/www.tuyper-sa.com\/es\/astm-a29-29m\/#breadcrumb"},"inLanguage":"es","potentialAction":[{"@type":"ReadAction","target":["http:\/\/www.tuyper-sa.com\/es\/astm-a29-29m\/"]}]},{"@type":"BreadcrumbList","@id":"http:\/\/www.tuyper-sa.com\/es\/astm-a29-29m\/#breadcrumb","itemListElement":[{"@type":"ListItem","position":1,"name":"Portada","item":"http:\/\/www.tuyper-sa.com\/es\/"},{"@type":"ListItem","position":2,"name":"ASTM A29\/29M"}]},{"@type":"WebSite","@id":"http:\/\/www.tuyper-sa.com\/es\/#website","url":"http:\/\/www.tuyper-sa.com\/es\/","name":"Tuyper","description":"Aceros Calibrados","publisher":{"@id":"http:\/\/www.tuyper-sa.com\/es\/#organization"},"alternateName":"tuyper s.a.","potentialAction":[{"@type":"SearchAction","target":{"@type":"EntryPoint","urlTemplate":"http:\/\/www.tuyper-sa.com\/es\/?s={search_term_string}"},"query-input":"required name=search_term_string"}],"inLanguage":"es"},{"@type":"Organization","@id":"http:\/\/www.tuyper-sa.com\/es\/#organization","name":"TUYPER - Calidad en aceros calibrados para estirados","alternateName":"Tuyper","url":"http:\/\/www.tuyper-sa.com\/es\/","logo":{"@type":"ImageObject","inLanguage":"es","@id":"http:\/\/www.tuyper-sa.com\/es\/#\/schema\/logo\/image\/","url":"http:\/\/www.tuyper-sa.com\/wp-content\/uploads\/2021\/01\/Logo_color.png","contentUrl":"http:\/\/www.tuyper-sa.com\/wp-content\/uploads\/2021\/01\/Logo_color.png","width":328,"height":103,"caption":"TUYPER - Calidad en aceros calibrados para estirados"},"image":{"@id":"http:\/\/www.tuyper-sa.com\/es\/#\/schema\/logo\/image\/"}}]}},"_links":{"self":[{"href":"http:\/\/www.tuyper-sa.com\/es\/wp-json\/wp\/v2\/pages\/7760","targetHints":{"allow":["GET"]}}],"collection":[{"href":"http:\/\/www.tuyper-sa.com\/es\/wp-json\/wp\/v2\/pages"}],"about":[{"href":"http:\/\/www.tuyper-sa.com\/es\/wp-json\/wp\/v2\/types\/page"}],"author":[{"embeddable":true,"href":"http:\/\/www.tuyper-sa.com\/es\/wp-json\/wp\/v2\/users\/1"}],"replies":[{"embeddable":true,"href":"http:\/\/www.tuyper-sa.com\/es\/wp-json\/wp\/v2\/comments?post=7760"}],"version-history":[{"count":12,"href":"http:\/\/www.tuyper-sa.com\/es\/wp-json\/wp\/v2\/pages\/7760\/revisions"}],"predecessor-version":[{"id":7843,"href":"http:\/\/www.tuyper-sa.com\/es\/wp-json\/wp\/v2\/pages\/7760\/revisions\/7843"}],"wp:attachment":[{"href":"http:\/\/www.tuyper-sa.com\/es\/wp-json\/wp\/v2\/media?parent=7760"}],"curies":[{"name":"wp","href":"https:\/\/api.w.org\/{rel}","templated":true}]}}